{"id":40,"date":"2023-07-23T21:52:38","date_gmt":"2023-07-23T21:52:38","guid":{"rendered":"https:\/\/camtwice.com\/?page_id=40"},"modified":"2024-04-30T09:07:44","modified_gmt":"2024-04-30T09:07:44","slug":"one-on-one-chats","status":"publish","type":"page","link":"https:\/\/camtwice.com\/de\/one-on-one-chats\/","title":{"rendered":"Einzelchats"},"content":{"rendered":"<h2 class=\"wp-block-heading has-text-align-center\"><strong>Einzelchats!<\/strong><\/h2>\n\n\n\n<p>In der heutigen schnelllebigen Welt ist es oft schwierig, sinnvolle Kontakte zu kn\u00fcpfen. Soziale Medien bieten zwar eine Plattform f\u00fcr eine breitere Interaktion, doch manchmal sehnen wir uns nach der Intimit\u00e4t und Tiefe eines pers\u00f6nlichen Gespr\u00e4chs. Entdecken Sie die Welt der pers\u00f6nlichen Gespr\u00e4che. <a href=\"https:\/\/camtwice.com\/de\/livetolives\/\">Webcams<\/a> und Chat-Sites, bei denen Augenkontakt, gemeinsames L\u00e4cheln und echte Gespr\u00e4che im Mittelpunkt stehen.<\/p>\n\n\n\n<div class=\"wp-block-group\"><div class=\"wp-block-group__inner-container is-layout-constrained wp-block-group-is-layout-constrained\">\n<div class=\"wp-block-columns is-layout-flex wp-container-core-columns-is-layout-9d6595d7 wp-block-columns-is-layout-flex\">\n<div class=\"wp-block-column is-layout-flow wp-block-column-is-layout-flow\" style=\"flex-basis:100%\">\n<div class=\"wp-block-group\"><div class=\"wp-block-group__inner-container is-layout-constrained wp-block-group-is-layout-constrained\">\n<div class=\"wp-block-button\"><a class=\"wp-block-button__link has-mercury-white-color has-text-color has-background wp-element-button\" href=\"#\" style=\"background:linear-gradient(135deg,rgb(70,184,255) 0%,rgb(99,109,255) 100%)\">Beginnen Sie mit dem Einzelchat<\/a><\/div>\n<\/div><\/div>\n<\/div>\n<\/div>\n<\/div><\/div>\n\n\n<div class=\"wp-block-image\">\n<figure class=\"alignleft size-full is-resized\"><img decoding=\"async\" width=\"158\" height=\"180\" src=\"https:\/\/camtwice.com\/wp-content\/uploads\/2024\/01\/one-on-one-chat.jpeg\" alt=\"\" class=\"wp-image-814\" style=\"width:169px;height:auto\" srcset=\"https:\/\/camtwice.com\/wp-content\/uploads\/2024\/01\/one-on-one-chat.jpeg 158w, https:\/\/camtwice.com\/wp-content\/uploads\/2024\/01\/one-on-one-chat-11x12.jpeg 11w, https:\/\/camtwice.com\/wp-content\/uploads\/2024\/01\/one-on-one-chat-35x40.jpeg 35w, https:\/\/camtwice.com\/wp-content\/uploads\/2024\/01\/one-on-one-chat-28x32.jpeg 28w, https:\/\/camtwice.com\/wp-content\/uploads\/2024\/01\/one-on-one-chat-70x80.jpeg 70w, https:\/\/camtwice.com\/wp-content\/uploads\/2024\/01\/one-on-one-chat-119x135.jpeg 119w\" sizes=\"(max-width: 158px) 100vw, 158px\" \/><\/figure>\n<\/div>\n\n\n<p><strong><mark style=\"background-color:rgba(0, 0, 0, 0)\" class=\"has-inline-color has-mercury-gray-color\">Der Reiz des Einzelgespr\u00e4chs <a href=\"https:\/\/camtwice.com\/de\/comeet\/\">Webcam<\/a> Chatten:<\/mark><\/strong><\/p>\n\n\n\n<ul class=\"wp-block-list\">\n<li><strong><mark style=\"background-color:rgba(0, 0, 0, 0)\" class=\"has-inline-color has-mercury-main-color\">Tiefere Verbindungen:<\/mark><\/strong> Webcam-Chats erm\u00f6glichen Ihnen eine tiefere Verbindung zu anderen Personen, als es textbasierte Kommunikation je k\u00f6nnte. Nonverbale Signale wie Mimik und K\u00f6rpersprache verleihen dem Gespr\u00e4ch eine Ebene der Nuancen und des Verst\u00e4ndnisses, die \u00fcber Worte hinausgeht.<\/li>\n\n\n\n<li><strong><mark style=\"background-color:rgba(0, 0, 0, 0)\" class=\"has-inline-color has-mercury-main-color\">Personalisierte Erfahrung:<\/mark><\/strong> Im Gegensatz zu Gruppenchats bieten Einzelgespr\u00e4che ein fokussierteres und pers\u00f6nlicheres Erlebnis. Sie k\u00f6nnen das Gespr\u00e4ch an Ihre Interessen anpassen und eine echte Beziehung zu Ihrem Gegen\u00fcber aufbauen.<\/li>\n\n\n\n<li><strong><mark style=\"background-color:rgba(0, 0, 0, 0)\" class=\"has-inline-color has-mercury-main-color\">Grenzen \u00fcberschreiten:<\/mark><\/strong> Webcam-Chats \u00fcberwinden geografische Grenzen. Sie k\u00f6nnen mit Menschen aus aller Welt in Kontakt treten, Ihren Horizont erweitern und den kulturellen Austausch f\u00f6rdern.<\/li>\n\n\n\n<li><strong><mark style=\"background-color:rgba(0, 0, 0, 0)\" class=\"has-inline-color has-mercury-main-color\">Vertrauen aufbauen:<\/mark><\/strong> F\u00fcr sch\u00fcchterne Menschen k\u00f6nnen Webcam-Chats ein wichtiger Schritt sein, um Selbstvertrauen im sozialen Umgang aufzubauen. Die Anonymit\u00e4t und der Komfort des eigenen Zuhauses k\u00f6nnen \u00c4ngste lindern und es erm\u00f6glichen, sich freier auszudr\u00fccken.<\/li>\n<\/ul>\n\n\n\n<p><strong><mark style=\"background-color:rgba(0, 0, 0, 0)\" class=\"has-inline-color has-mercury-gray-color\">Auswahl der richtigen Plattform:<\/mark><\/strong><\/p>\n\n\n\n<p>Angesichts der Vielzahl an verf\u00fcgbaren Webcam-Chat-Seiten und Apps kann die Auswahl \u00fcberw\u00e4ltigend sein. Hier sind einige Faktoren, die Sie bei der Auswahl der richtigen Plattform f\u00fcr Einzelgespr\u00e4che ber\u00fccksichtigen sollten:<\/p>\n\n\n\n<ul class=\"wp-block-list\">\n<li><strong><mark style=\"background-color:rgba(0, 0, 0, 0)\" class=\"has-inline-color has-mercury-main-color\">Fokus und Zielgruppe:<\/mark><\/strong> Einige Plattformen richten sich an spezielle Interessen wie Sprachenlernen, Gaming oder kreative Aktivit\u00e4ten. W\u00e4hlen Sie eine Plattform, die Ihren Interessen und Zielen entspricht, um mit anderen in Kontakt zu treten.<\/li>\n\n\n\n<li><strong><mark style=\"background-color:rgba(0, 0, 0, 0)\" class=\"has-inline-color has-mercury-main-color\">Datenschutz und Sicherheit:<\/mark><\/strong> Suchen Sie nach Plattformen mit robusten Sicherheitsfunktionen und klaren Datenschutzrichtlinien. Stellen Sie sicher, dass Ihre pers\u00f6nlichen Daten und Interaktionen gesch\u00fctzt bleiben.<\/li>\n\n\n\n<li><strong><mark style=\"background-color:rgba(0, 0, 0, 0)\" class=\"has-inline-color has-mercury-main-color\">Benutzerfreundlichkeit:<\/mark><\/strong> Die Plattform sollte benutzerfreundlich und intuitiv sein und \u00fcber eine nahtlose Schnittstelle f\u00fcr Videoanrufe und Kommunikation verf\u00fcgen.<\/li>\n\n\n\n<li><mark style=\"background-color:rgba(0, 0, 0, 0)\" class=\"has-inline-color has-mercury-main-color\"><strong>Merkmale und Funktionen:<\/strong> <\/mark>Erw\u00e4gen Sie zus\u00e4tzliche Funktionen wie Videofilter, Bildschirmfreigabe und Aufzeichnungsfunktionen, die Ihr Chat-Erlebnis verbessern k\u00f6nnten.<\/li>\n<\/ul>\n\n\n\n<p><strong><mark style=\"background-color:rgba(0, 0, 0, 0)\" class=\"has-inline-color has-mercury-gray-color\">Top-Plattformen f\u00fcr Einzel-Webcam-Chats:<\/mark><\/strong><\/p>\n\n\n\n<p>Hier sind einige beliebte Plattformen, die f\u00fcr ihre hervorragenden Einzelgespr\u00e4che bekannt sind <a href=\"https:\/\/camtwice.com\/de\/callmechat\/\">Video-Chat<\/a> Merkmale:<\/p>\n\n\n\n<ul class=\"wp-block-list\">\n<li><strong><mark style=\"background-color:rgba(0, 0, 0, 0)\" class=\"has-inline-color has-mercury-main-color\">Zoom:<\/mark><\/strong> Zoom ist ein bekannter Name f\u00fcr Videokonferenzen und bietet einen kostenlosen Plan mit Einzelvideoanrufen und klarer Audioqualit\u00e4t.<\/li>\n\n\n\n<li><strong><mark style=\"background-color:rgba(0, 0, 0, 0)\" class=\"has-inline-color has-mercury-main-color\">Skype:<\/mark><\/strong> Ein klassisches Video <a href=\"https:\/\/camtwice.com\/de\/cherry-tv\/\">Chat-Plattform<\/a>Skype bietet eine benutzerfreundliche Oberfl\u00e4che und zuverl\u00e4ssige Videoanrufe und ist daher eine gute Wahl f\u00fcr zwanglose Gespr\u00e4che.<\/li>\n\n\n\n<li><strong><mark style=\"background-color:rgba(0, 0, 0, 0)\" class=\"has-inline-color has-mercury-main-color\">Zwietracht<\/mark>:<\/strong> Discord ist bei Gamern beliebt und bietet hervorragende Sprach- und Video-Chat-Funktionen sowie Textnachrichten und Community-Server.<\/li>\n\n\n\n<li><strong><mark style=\"background-color:rgba(0, 0, 0, 0)\" class=\"has-inline-color has-mercury-main-color\"><a href=\"https:\/\/camtwice.com\/de\/omegle-review\/\">Omegle<\/a>:<\/mark><\/strong> Omegle ist eine Plattform f\u00fcr zuf\u00e4llige Videochats und erm\u00f6glicht es Ihnen, mit Fremden aus aller Welt in Kontakt zu treten. Seien Sie jedoch vorsichtig und achten Sie auf m\u00f6gliche Risiken.<\/li>\n\n\n\n<li><strong><mark style=\"background-color:rgba(0, 0, 0, 0)\" class=\"has-inline-color has-mercury-main-color\">Camfrog:<\/mark><\/strong> Camfrog ist eine speziell f\u00fcr Webcam-Chats entwickelte Plattform und bietet zahlreiche Funktionen wie private R\u00e4ume, Gruppenchats und virtuelle Geschenke.<br><\/li>\n<\/ul>\n\n\n\n<div class=\"wp-block-button\"><a class=\"wp-block-button__link has-mercury-white-color has-text-color has-background wp-element-button\" href=\"#\" style=\"background:linear-gradient(135deg,rgb(70,184,255) 0%,rgb(99,109,255) 100%)\">Beginnen Sie mit dem Einzelchat<\/a><\/div>\n\n\n\n<p><strong><mark style=\"background-color:rgba(0, 0, 0, 0)\" class=\"has-inline-color has-mercury-gray-color\">Erinnern:<\/mark><\/strong><\/p>\n\n\n\n<p>Webcam-Chats bieten zwar eine einzigartige und spannende M\u00f6glichkeit, mit anderen in Kontakt zu treten, dennoch ist es wichtig, Sicherheit und verantwortungsvolles Online-Verhalten zu priorisieren. Seien Sie vorsichtig, mit wem Sie pers\u00f6nliche Informationen teilen, und melden Sie verd\u00e4chtige Aktivit\u00e4ten oder Verhaltensweisen, die Ihre Komfortzone verletzen.<\/p>\n\n\n\n<p>Mit der richtigen Plattform und Herangehensweise k\u00f6nnen pers\u00f6nliche Webcam-Chats eine lohnende und bereichernde Erfahrung sein. Verlassen Sie Ihre Komfortzone, nutzen Sie die Kraft des pers\u00f6nlichen Kontakts und entdecken Sie die Welt bedeutungsvoller Gespr\u00e4che, die Sie jenseits des Bildschirms erwartet.<\/p>\n\n\n\n<p><strong><em><mark style=\"background-color:rgba(0, 0, 0, 0)\" class=\"has-inline-color has-mercury-gray-color\">Viel Spa\u00df beim Chatten!<\/mark><\/em><\/strong><\/p>","protected":false},"excerpt":{"rendered":"<p>One-on-One Chats! Today&#8217;s fast-paced world, meaningful connections can be hard to come by. While social media offers a platform for broader interaction, sometimes we crave the intimacy and depth of a one-on-one conversation. Enter the world of one-on-one webcams and chat sites, where eye contact, shared smiles, and genuine conversation take center stage. Start Chatting [&hellip;]<\/p>\n","protected":false},"author":1,"featured_media":0,"parent":0,"menu_order":0,"comment_status":"closed","ping_status":"closed","template":"","meta":{"footnotes":""},"class_list":["post-40","page","type-page","status-publish","hentry"],"yoast_head":"<!-- This site is optimized with the Yoast SEO plugin v27.4 - https:\/\/yoast.com\/product\/yoast-seo-wordpress\/ -->\n<title>One-on-One Chats - Camtwice<\/title>\n<meta name=\"description\" content=\"Dive into the best sites with random 1-on-1 video chat that provides a unique video chat experience. Talk to strangers 1 on 1 today!\" \/>\n<meta name=\"robots\" content=\"index, follow, max-snippet:-1, max-image-preview:large, max-video-preview:-1\" \/>\n<link rel=\"canonical\" href=\"https:\/\/camtwice.com\/de\/one-on-one-chats\/\" \/>\n<meta property=\"og:locale\" content=\"de_DE\" \/>\n<meta property=\"og:type\" content=\"article\" \/>\n<meta property=\"og:title\" content=\"One-on-One Chats - Camtwice\" \/>\n<meta property=\"og:description\" content=\"Dive into the best sites with random 1-on-1 video chat that provides a unique video chat experience. Talk to strangers 1 on 1 today!\" \/>\n<meta property=\"og:url\" content=\"https:\/\/camtwice.com\/de\/one-on-one-chats\/\" \/>\n<meta property=\"og:site_name\" content=\"Camtwice\" \/>\n<meta property=\"article:modified_time\" content=\"2024-04-30T09:07:44+00:00\" \/>\n<meta property=\"og:image\" content=\"https:\/\/camtwice.com\/wp-content\/uploads\/2024\/01\/one-on-one-chat.jpeg\" \/>\n<meta name=\"twitter:card\" content=\"summary_large_image\" \/>\n<meta name=\"twitter:label1\" content=\"Gesch\u00e4tzte Lesezeit\" \/>\n\t<meta name=\"twitter:data1\" content=\"3\u00a0Minuten\" \/>\n<script type=\"application\/ld+json\" class=\"yoast-schema-graph\">{\"@context\":\"https:\\\/\\\/schema.org\",\"@graph\":[{\"@type\":\"WebPage\",\"@id\":\"https:\\\/\\\/camtwice.com\\\/one-on-one-chats\\\/\",\"url\":\"https:\\\/\\\/camtwice.com\\\/one-on-one-chats\\\/\",\"name\":\"One-on-One Chats - Camtwice\",\"isPartOf\":{\"@id\":\"https:\\\/\\\/camtwice.com\\\/#website\"},\"primaryImageOfPage\":{\"@id\":\"https:\\\/\\\/camtwice.com\\\/one-on-one-chats\\\/#primaryimage\"},\"image\":{\"@id\":\"https:\\\/\\\/camtwice.com\\\/one-on-one-chats\\\/#primaryimage\"},\"thumbnailUrl\":\"https:\\\/\\\/camtwice.com\\\/wp-content\\\/uploads\\\/2024\\\/01\\\/one-on-one-chat.jpeg\",\"datePublished\":\"2023-07-23T21:52:38+00:00\",\"dateModified\":\"2024-04-30T09:07:44+00:00\",\"description\":\"Dive into the best sites with random 1-on-1 video chat that provides a unique video chat experience. Talk to strangers 1 on 1 today!\",\"breadcrumb\":{\"@id\":\"https:\\\/\\\/camtwice.com\\\/one-on-one-chats\\\/#breadcrumb\"},\"inLanguage\":\"de\",\"potentialAction\":[{\"@type\":\"ReadAction\",\"target\":[\"https:\\\/\\\/camtwice.com\\\/one-on-one-chats\\\/\"]}]},{\"@type\":\"ImageObject\",\"inLanguage\":\"de\",\"@id\":\"https:\\\/\\\/camtwice.com\\\/one-on-one-chats\\\/#primaryimage\",\"url\":\"https:\\\/\\\/camtwice.com\\\/wp-content\\\/uploads\\\/2024\\\/01\\\/one-on-one-chat.jpeg\",\"contentUrl\":\"https:\\\/\\\/camtwice.com\\\/wp-content\\\/uploads\\\/2024\\\/01\\\/one-on-one-chat.jpeg\"},{\"@type\":\"BreadcrumbList\",\"@id\":\"https:\\\/\\\/camtwice.com\\\/one-on-one-chats\\\/#breadcrumb\",\"itemListElement\":[{\"@type\":\"ListItem\",\"position\":1,\"name\":\"Home\",\"item\":\"https:\\\/\\\/camtwice.com\\\/\"},{\"@type\":\"ListItem\",\"position\":2,\"name\":\"One-on-One Chats\"}]},{\"@type\":\"WebSite\",\"@id\":\"https:\\\/\\\/camtwice.com\\\/#website\",\"url\":\"https:\\\/\\\/camtwice.com\\\/\",\"name\":\"Camtwice\",\"description\":\"Your live webcams for you to chat with cool strangers\",\"publisher\":{\"@id\":\"https:\\\/\\\/camtwice.com\\\/#organization\"},\"potentialAction\":[{\"@type\":\"SearchAction\",\"target\":{\"@type\":\"EntryPoint\",\"urlTemplate\":\"https:\\\/\\\/camtwice.com\\\/?s={search_term_string}\"},\"query-input\":{\"@type\":\"PropertyValueSpecification\",\"valueRequired\":true,\"valueName\":\"search_term_string\"}}],\"inLanguage\":\"de\"},{\"@type\":\"Organization\",\"@id\":\"https:\\\/\\\/camtwice.com\\\/#organization\",\"name\":\"Camtwice\",\"url\":\"https:\\\/\\\/camtwice.com\\\/\",\"logo\":{\"@type\":\"ImageObject\",\"inLanguage\":\"de\",\"@id\":\"https:\\\/\\\/camtwice.com\\\/#\\\/schema\\\/logo\\\/image\\\/\",\"url\":\"https:\\\/\\\/camtwice.com\\\/wp-content\\\/uploads\\\/2023\\\/07\\\/cropped-Cam__1_-removebg-preview-1.png\",\"contentUrl\":\"https:\\\/\\\/camtwice.com\\\/wp-content\\\/uploads\\\/2023\\\/07\\\/cropped-Cam__1_-removebg-preview-1.png\",\"width\":351,\"height\":100,\"caption\":\"Camtwice\"},\"image\":{\"@id\":\"https:\\\/\\\/camtwice.com\\\/#\\\/schema\\\/logo\\\/image\\\/\"}}]}<\/script>\n<!-- \/ Yoast SEO plugin. -->","yoast_head_json":{"title":"Einzelchats \u2013 Camtwice","description":"Tauchen Sie ein in die besten Websites mit zuf\u00e4lligem 1-zu-1-Videochat, der ein einzigartiges Videochat-Erlebnis bietet. Sprechen Sie noch heute 1:1 mit Fremden!","robots":{"index":"index","follow":"follow","max-snippet":"max-snippet:-1","max-image-preview":"max-image-preview:large","max-video-preview":"max-video-preview:-1"},"canonical":"https:\/\/camtwice.com\/de\/one-on-one-chats\/","og_locale":"de_DE","og_type":"article","og_title":"One-on-One Chats - Camtwice","og_description":"Dive into the best sites with random 1-on-1 video chat that provides a unique video chat experience. Talk to strangers 1 on 1 today!","og_url":"https:\/\/camtwice.com\/de\/one-on-one-chats\/","og_site_name":"Camtwice","article_modified_time":"2024-04-30T09:07:44+00:00","og_image":[{"url":"https:\/\/camtwice.com\/wp-content\/uploads\/2024\/01\/one-on-one-chat.jpeg","type":"","width":"","height":""}],"twitter_card":"summary_large_image","twitter_misc":{"Gesch\u00e4tzte Lesezeit":"3\u00a0Minuten"},"schema":{"@context":"https:\/\/schema.org","@graph":[{"@type":"WebPage","@id":"https:\/\/camtwice.com\/one-on-one-chats\/","url":"https:\/\/camtwice.com\/one-on-one-chats\/","name":"Einzelchats \u2013 Camtwice","isPartOf":{"@id":"https:\/\/camtwice.com\/#website"},"primaryImageOfPage":{"@id":"https:\/\/camtwice.com\/one-on-one-chats\/#primaryimage"},"image":{"@id":"https:\/\/camtwice.com\/one-on-one-chats\/#primaryimage"},"thumbnailUrl":"https:\/\/camtwice.com\/wp-content\/uploads\/2024\/01\/one-on-one-chat.jpeg","datePublished":"2023-07-23T21:52:38+00:00","dateModified":"2024-04-30T09:07:44+00:00","description":"Tauchen Sie ein in die besten Websites mit zuf\u00e4lligem 1-zu-1-Videochat, der ein einzigartiges Videochat-Erlebnis bietet. Sprechen Sie noch heute 1:1 mit Fremden!","breadcrumb":{"@id":"https:\/\/camtwice.com\/one-on-one-chats\/#breadcrumb"},"inLanguage":"de","potentialAction":[{"@type":"ReadAction","target":["https:\/\/camtwice.com\/one-on-one-chats\/"]}]},{"@type":"ImageObject","inLanguage":"de","@id":"https:\/\/camtwice.com\/one-on-one-chats\/#primaryimage","url":"https:\/\/camtwice.com\/wp-content\/uploads\/2024\/01\/one-on-one-chat.jpeg","contentUrl":"https:\/\/camtwice.com\/wp-content\/uploads\/2024\/01\/one-on-one-chat.jpeg"},{"@type":"BreadcrumbList","@id":"https:\/\/camtwice.com\/one-on-one-chats\/#breadcrumb","itemListElement":[{"@type":"ListItem","position":1,"name":"Home","item":"https:\/\/camtwice.com\/"},{"@type":"ListItem","position":2,"name":"One-on-One Chats"}]},{"@type":"WebSite","@id":"https:\/\/camtwice.com\/#website","url":"https:\/\/camtwice.com\/","name":"Camtwice","description":"Deine Live-Webcams f\u00fcr den Chat mit coolen Fremden","publisher":{"@id":"https:\/\/camtwice.com\/#organization"},"potentialAction":[{"@type":"SearchAction","target":{"@type":"EntryPoint","urlTemplate":"https:\/\/camtwice.com\/?s={search_term_string}"},"query-input":{"@type":"PropertyValueSpecification","valueRequired":true,"valueName":"search_term_string"}}],"inLanguage":"de"},{"@type":"Organization","@id":"https:\/\/camtwice.com\/#organization","name":"Camtwice","url":"https:\/\/camtwice.com\/","logo":{"@type":"ImageObject","inLanguage":"de","@id":"https:\/\/camtwice.com\/#\/schema\/logo\/image\/","url":"https:\/\/camtwice.com\/wp-content\/uploads\/2023\/07\/cropped-Cam__1_-removebg-preview-1.png","contentUrl":"https:\/\/camtwice.com\/wp-content\/uploads\/2023\/07\/cropped-Cam__1_-removebg-preview-1.png","width":351,"height":100,"caption":"Camtwice"},"image":{"@id":"https:\/\/camtwice.com\/#\/schema\/logo\/image\/"}}]}},"_links":{"self":[{"href":"https:\/\/camtwice.com\/de\/wp-json\/wp\/v2\/pages\/40","targetHints":{"allow":["GET"]}}],"collection":[{"href":"https:\/\/camtwice.com\/de\/wp-json\/wp\/v2\/pages"}],"about":[{"href":"https:\/\/camtwice.com\/de\/wp-json\/wp\/v2\/types\/page"}],"author":[{"embeddable":true,"href":"https:\/\/camtwice.com\/de\/wp-json\/wp\/v2\/users\/1"}],"replies":[{"embeddable":true,"href":"https:\/\/camtwice.com\/de\/wp-json\/wp\/v2\/comments?post=40"}],"version-history":[{"count":5,"href":"https:\/\/camtwice.com\/de\/wp-json\/wp\/v2\/pages\/40\/revisions"}],"predecessor-version":[{"id":2009,"href":"https:\/\/camtwice.com\/de\/wp-json\/wp\/v2\/pages\/40\/revisions\/2009"}],"wp:attachment":[{"href":"https:\/\/camtwice.com\/de\/wp-json\/wp\/v2\/media?parent=40"}],"curies":[{"name":"wp","href":"https:\/\/api.w.org\/{rel}","templated":true}]}}