{"id":46,"date":"2023-07-23T21:52:39","date_gmt":"2023-07-23T21:52:39","guid":{"rendered":"https:\/\/camtwice.com\/?page_id=46"},"modified":"2024-05-07T09:44:57","modified_gmt":"2024-05-07T09:44:57","slug":"chat-sites","status":"publish","type":"page","link":"https:\/\/camtwice.com\/de\/chat-sites\/","title":{"rendered":"Chat-Sites"},"content":{"rendered":"<p><\/p>\n\n\n<div class=\"wp-block-image\">\n<figure class=\"alignleft size-full\"><img decoding=\"async\" width=\"171\" height=\"180\" src=\"https:\/\/camtwice.com\/wp-content\/uploads\/2023\/12\/chatsite.jpeg\" alt=\"\" class=\"wp-image-808\" srcset=\"https:\/\/camtwice.com\/wp-content\/uploads\/2023\/12\/chatsite.jpeg 171w, https:\/\/camtwice.com\/wp-content\/uploads\/2023\/12\/chatsite-11x12.jpeg 11w, https:\/\/camtwice.com\/wp-content\/uploads\/2023\/12\/chatsite-38x40.jpeg 38w, https:\/\/camtwice.com\/wp-content\/uploads\/2023\/12\/chatsite-30x32.jpeg 30w, https:\/\/camtwice.com\/wp-content\/uploads\/2023\/12\/chatsite-76x80.jpeg 76w, https:\/\/camtwice.com\/wp-content\/uploads\/2023\/12\/chatsite-128x135.jpeg 128w\" sizes=\"(max-width: 171px) 100vw, 171px\" \/><\/figure>\n<\/div>\n\n\n<p>Chat-Seiten sind in den letzten Jahren immer beliebter geworden und bieten Menschen die M\u00f6glichkeit, Kontakte zu kn\u00fcpfen, sich auszutauschen und Spa\u00df zu haben. Aber was genau macht sie so unterhaltsam? Hier sind einige der Hauptgr\u00fcnde, warum Chat-Seiten so viel Spa\u00df machen:<\/p>\n\n\n\n<div class=\"wp-block-button\"><a class=\"wp-block-button__link has-mercury-white-color has-text-color has-background wp-element-button\" href=\"#\" style=\"background:linear-gradient(135deg,rgb(70,184,255) 0%,rgb(99,109,255) 100%)\">Chatten Sie jetzt<\/a><\/div>\n\n\n\n<p><strong><mark style=\"background-color:rgba(0, 0, 0, 0)\" class=\"has-inline-color has-mercury-main-color\">1. Verbindung und Gemeinschaft:<\/mark><\/strong><\/p>\n\n\n\n<p>In einer Welt, die oft isoliert wirkt, bieten Chat-Seiten eine wertvolle M\u00f6glichkeit, mit anderen in Kontakt zu treten, die Ihre Interessen, Hobbys oder Erfahrungen teilen. Egal, ob Sie einem allgemeinen Chatroom oder einem Nischenforum beitreten, Sie werden garantiert Gleichgesinnte finden, mit denen Sie anregende Gespr\u00e4che f\u00fchren, Freundschaften schlie\u00dfen und sich sogar einer Gemeinschaft zugeh\u00f6rig f\u00fchlen k\u00f6nnen.<\/p>\n\n\n\n<p><strong><mark style=\"background-color:rgba(0, 0, 0, 0)\" class=\"has-inline-color has-mercury-main-color\">2. Anonymit\u00e4t und Freiheit:<\/mark><\/strong><\/p>\n\n\n\n<p>Chat-Seiten bieten oft ein Ma\u00df an Anonymit\u00e4t, das befreiend wirken kann. Man kann seine reale Identit\u00e4t ablegen und eine neue Online-Identit\u00e4t entwickeln, die es einem erm\u00f6glicht, sich freier und offener auszudr\u00fccken, als man es sonst vielleicht tun w\u00fcrde. Das kann besonders f\u00fcr sch\u00fcchterne oder introvertierte Menschen attraktiv sein, da es ihnen einen sicheren Raum bietet, ohne den Druck einer pers\u00f6nlichen Interaktion mit anderen in Kontakt zu treten.<\/p>\n\n\n\n<p><strong><mark style=\"background-color:rgba(0, 0, 0, 0)\" class=\"has-inline-color has-mercury-main-color\">3. Abwechslung und Entdeckung:<\/mark><\/strong><\/p>\n\n\n\n<p>Die Vielfalt der verf\u00fcgbaren Chat-Seiten ist \u00fcberw\u00e4ltigend. Von allgemeinen <a href=\"https:\/\/camtwice.com\/de\/chateek\/\">Chatr\u00e4ume<\/a> zu Foren, die sich mit bestimmten Themen wie Videospielen, Anime oder Haustierhaltung befassen, gibt es eine <a href=\"https:\/\/camtwice.com\/de\/chat-to-strangers\/\">Chat-Site<\/a> f\u00fcr jeden da. Diese unendliche Vielfalt erm\u00f6glicht es Ihnen, neue Interessen zu entdecken, neue Communities kennenzulernen und von anderen mit anderen Perspektiven zu lernen. Sie k\u00f6nnen sogar auf verborgene Sch\u00e4tze und Nischen-Communitys sto\u00dfen, von denen Sie gar nichts wussten.<\/p>\n\n\n\n<p><strong><mark style=\"background-color:rgba(0, 0, 0, 0)\" class=\"has-inline-color has-mercury-main-color\">4. Verspieltheit und Spiele:<\/mark><\/strong><\/p>\n\n\n\n<p>Viele Chat-Seiten bieten unterhaltsame und interaktive Elemente wie Spiele, Quizze und Umfragen. Diese Funktionen k\u00f6nnen helfen, das Eis zu brechen, Gespr\u00e4che anzuregen und Ihrem Gespr\u00e4ch eine gewisse Unbeschwertheit zu verleihen. <a href=\"https:\/\/camtwice.com\/de\/chatib-chat-site\/\">Wechselwirkungen<\/a>. Egal, ob Sie eine schnelle Runde Quiz spielen oder \u00fcber die Vorz\u00fcge Ihrer Lieblingsfilme diskutieren, diese spielerischen Elemente k\u00f6nnen das Chatten noch unterhaltsamer machen.<\/p>\n\n\n\n<p><strong><mark style=\"background-color:rgba(0, 0, 0, 0)\" class=\"has-inline-color has-mercury-main-color\">5. Echtzeit-Interaktion und Spontaneit\u00e4t:<\/mark><\/strong><\/p>\n\n\n\n<p>Im Gegensatz zu herk\u00f6mmlichen Kommunikationsformen wie E-Mail oder Briefen bieten Chat-Seiten Interaktion in Echtzeit. Diese Unmittelbarkeit erm\u00f6glicht einen nat\u00fcrlichen Gespr\u00e4chsfluss mit schnellem Austausch und der M\u00f6glichkeit, spontan auf Ereignisse zu reagieren. Diese Spontaneit\u00e4t kann Chat-Gespr\u00e4che lebendiger und spannender machen als andere Kommunikationsformen.<\/p>\n\n\n\n<p><strong><mark style=\"background-color:rgba(0, 0, 0, 0)\" class=\"has-inline-color has-mercury-main-color\">6. Eine Welt der Unterhaltung:<\/mark><\/strong><\/p>\n\n\n\n<p>Viele Chat-Seiten gehen \u00fcber die einfache textbasierte Kommunikation hinaus und bieten eine Vielzahl von Multimedia-Funktionen. Sie k\u00f6nnen Fotos, Videos, Musik und sogar <a href=\"https:\/\/camtwice.com\/de\/stickam\/\">Live-Stream<\/a> Erlebnisse mit anderen in Echtzeit. Das verleiht Ihren Chats eine ganz neue Dimension und kann sie zu einer Quelle der Unterhaltung und Entdeckung machen.<\/p>\n\n\n\n<p><strong><mark style=\"background-color:rgba(0, 0, 0, 0)\" class=\"has-inline-color has-mercury-main-color\">7. Lernen und Wachstum:<\/mark><\/strong><\/p>\n\n\n\n<p>Chat-Portale k\u00f6nnen eine wertvolle Quelle des Lernens und der Weiterentwicklung sein. Durch den Austausch mit Menschen unterschiedlicher Herkunft und Lebenswege gewinnen Sie neue Perspektiven. Sie k\u00f6nnen auch verschiedene Kulturen kennenlernen und Ihren Horizont erweitern. Sie finden auch Communities, die sich bestimmten Interessengebieten widmen. Hier k\u00f6nnen Sie von Experten und Enthusiasten lernen und Ihr Wissen zu einem bestimmten Thema vertiefen.<\/p>\n\n\n\n<p><strong><mark style=\"background-color:rgba(0, 0, 0, 0)\" class=\"has-inline-color has-mercury-main-color\">8. Eskapismus und Entspannung:<\/mark><\/strong><\/p>\n\n\n\n<p>F\u00fcr viele Menschen bieten Chat-Seiten eine willkommene Abwechslung vom Alltagsstress. Chat-Seiten sind vielseitige Hilfsmittel und bieten Trost und Unterhaltung in verschiedenen Situationen. Ob Sie nach einem anstrengenden Tag Trost suchen, wieder mit Freunden in Kontakt treten m\u00f6chten oder sich einfach nach einer Ablenkung von den Herausforderungen des Lebens sehnen \u2013 diese Plattformen bieten einen Zufluchtsort f\u00fcr Entspannung und Unterhaltung.<\/p>\n\n\n\n<p>So, da haben Sie es! Dies sind nur einige der vielen Gr\u00fcnde, warum Chat-Seiten so viel Spa\u00df machen. Chat-Seiten f\u00f6rdern Kontakte, bieten Anonymit\u00e4t, unendliche Vielfalt und sind eine Quelle der Unterhaltung und des Lernens. Sie sind f\u00fcr viele Menschen zu einem unverzichtbaren Bestandteil der Online-Welt geworden.<\/p>\n\n\n\n<p>Nat\u00fcrlich ist es wichtig zu bedenken, dass die Nutzung von Chat-Seiten wie jede Online-Aktivit\u00e4t mit Risiken und Herausforderungen verbunden ist. Es ist wichtig, auf Ihre Privatsph\u00e4re zu achten, sich vor potenziellen Betr\u00fcgern und Betr\u00fcgern in Acht zu nehmen und verantwortungsbewusst online zu handeln. Bei sicherer und verantwortungsvoller Nutzung k\u00f6nnen Chat-Seiten jedoch eine fantastische M\u00f6glichkeit sein, mit anderen in Kontakt zu treten, Spa\u00df zu haben und den eigenen Horizont zu erweitern.<\/p>\n\n\n\n<div class=\"wp-block-button\"><a class=\"wp-block-button__link has-mercury-white-color has-text-color has-background wp-element-button\" href=\"#\" style=\"background:linear-gradient(135deg,rgb(70,184,255) 0%,rgb(99,109,255) 100%)\">Chatten Sie jetzt<\/a><\/div>","protected":false},"excerpt":{"rendered":"<p>Chat sites have exploded in popularity in recent years, becoming a go-to way for people to connect, socialize, and have fun. But what exactly makes them so enjoyable? Here are some of the key reasons why people find chat sites so much fun: Start Chatting 1. Connection and Community: In a world that can often [&hellip;]<\/p>\n","protected":false},"author":1,"featured_media":0,"parent":0,"menu_order":0,"comment_status":"closed","ping_status":"closed","template":"","meta":{"footnotes":""},"class_list":["post-46","page","type-page","status-publish","hentry"],"yoast_head":"<!-- This site is optimized with the Yoast SEO plugin v27.4 - https:\/\/yoast.com\/product\/yoast-seo-wordpress\/ -->\n<title>Chat Sites - Camtwice<\/title>\n<meta name=\"description\" content=\"Discover the dynamic world of Camtwice.com and explore chat sites, make informed choices, and embark on a journey of cool connections!\" \/>\n<meta name=\"robots\" content=\"index, follow, max-snippet:-1, max-image-preview:large, max-video-preview:-1\" \/>\n<link rel=\"canonical\" href=\"https:\/\/camtwice.com\/de\/chat-sites\/\" \/>\n<meta property=\"og:locale\" content=\"de_DE\" \/>\n<meta property=\"og:type\" content=\"article\" \/>\n<meta property=\"og:title\" content=\"Chat Sites - Camtwice\" \/>\n<meta property=\"og:description\" content=\"Discover the dynamic world of Camtwice.com and explore chat sites, make informed choices, and embark on a journey of cool connections!\" \/>\n<meta property=\"og:url\" content=\"https:\/\/camtwice.com\/de\/chat-sites\/\" \/>\n<meta property=\"og:site_name\" content=\"Camtwice\" \/>\n<meta property=\"article:modified_time\" content=\"2024-05-07T09:44:57+00:00\" \/>\n<meta property=\"og:image\" content=\"https:\/\/camtwice.com\/wp-content\/uploads\/2023\/12\/chatsite.jpeg\" \/>\n<meta name=\"twitter:card\" content=\"summary_large_image\" \/>\n<meta name=\"twitter:label1\" content=\"Gesch\u00e4tzte Lesezeit\" \/>\n\t<meta name=\"twitter:data1\" content=\"4\u00a0Minuten\" \/>\n<script type=\"application\/ld+json\" class=\"yoast-schema-graph\">{\"@context\":\"https:\\\/\\\/schema.org\",\"@graph\":[{\"@type\":\"WebPage\",\"@id\":\"https:\\\/\\\/camtwice.com\\\/chat-sites\\\/\",\"url\":\"https:\\\/\\\/camtwice.com\\\/chat-sites\\\/\",\"name\":\"Chat Sites - Camtwice\",\"isPartOf\":{\"@id\":\"https:\\\/\\\/camtwice.com\\\/#website\"},\"primaryImageOfPage\":{\"@id\":\"https:\\\/\\\/camtwice.com\\\/chat-sites\\\/#primaryimage\"},\"image\":{\"@id\":\"https:\\\/\\\/camtwice.com\\\/chat-sites\\\/#primaryimage\"},\"thumbnailUrl\":\"https:\\\/\\\/camtwice.com\\\/wp-content\\\/uploads\\\/2023\\\/12\\\/chatsite.jpeg\",\"datePublished\":\"2023-07-23T21:52:39+00:00\",\"dateModified\":\"2024-05-07T09:44:57+00:00\",\"description\":\"Discover the dynamic world of Camtwice.com and explore chat sites, make informed choices, and embark on a journey of cool connections!\",\"breadcrumb\":{\"@id\":\"https:\\\/\\\/camtwice.com\\\/chat-sites\\\/#breadcrumb\"},\"inLanguage\":\"de\",\"potentialAction\":[{\"@type\":\"ReadAction\",\"target\":[\"https:\\\/\\\/camtwice.com\\\/chat-sites\\\/\"]}]},{\"@type\":\"ImageObject\",\"inLanguage\":\"de\",\"@id\":\"https:\\\/\\\/camtwice.com\\\/chat-sites\\\/#primaryimage\",\"url\":\"https:\\\/\\\/camtwice.com\\\/wp-content\\\/uploads\\\/2023\\\/12\\\/chatsite.jpeg\",\"contentUrl\":\"https:\\\/\\\/camtwice.com\\\/wp-content\\\/uploads\\\/2023\\\/12\\\/chatsite.jpeg\"},{\"@type\":\"BreadcrumbList\",\"@id\":\"https:\\\/\\\/camtwice.com\\\/chat-sites\\\/#breadcrumb\",\"itemListElement\":[{\"@type\":\"ListItem\",\"position\":1,\"name\":\"Home\",\"item\":\"https:\\\/\\\/camtwice.com\\\/\"},{\"@type\":\"ListItem\",\"position\":2,\"name\":\"Chat Sites\"}]},{\"@type\":\"WebSite\",\"@id\":\"https:\\\/\\\/camtwice.com\\\/#website\",\"url\":\"https:\\\/\\\/camtwice.com\\\/\",\"name\":\"Camtwice\",\"description\":\"Your live webcams for you to chat with cool strangers\",\"publisher\":{\"@id\":\"https:\\\/\\\/camtwice.com\\\/#organization\"},\"potentialAction\":[{\"@type\":\"SearchAction\",\"target\":{\"@type\":\"EntryPoint\",\"urlTemplate\":\"https:\\\/\\\/camtwice.com\\\/?s={search_term_string}\"},\"query-input\":{\"@type\":\"PropertyValueSpecification\",\"valueRequired\":true,\"valueName\":\"search_term_string\"}}],\"inLanguage\":\"de\"},{\"@type\":\"Organization\",\"@id\":\"https:\\\/\\\/camtwice.com\\\/#organization\",\"name\":\"Camtwice\",\"url\":\"https:\\\/\\\/camtwice.com\\\/\",\"logo\":{\"@type\":\"ImageObject\",\"inLanguage\":\"de\",\"@id\":\"https:\\\/\\\/camtwice.com\\\/#\\\/schema\\\/logo\\\/image\\\/\",\"url\":\"https:\\\/\\\/camtwice.com\\\/wp-content\\\/uploads\\\/2023\\\/07\\\/cropped-Cam__1_-removebg-preview-1.png\",\"contentUrl\":\"https:\\\/\\\/camtwice.com\\\/wp-content\\\/uploads\\\/2023\\\/07\\\/cropped-Cam__1_-removebg-preview-1.png\",\"width\":351,\"height\":100,\"caption\":\"Camtwice\"},\"image\":{\"@id\":\"https:\\\/\\\/camtwice.com\\\/#\\\/schema\\\/logo\\\/image\\\/\"}}]}<\/script>\n<!-- \/ Yoast SEO plugin. -->","yoast_head_json":{"title":"Chat-Sites - Camtwice","description":"Entdecken Sie die dynamische Welt von Camtwice.com, erkunden Sie Chat-Sites, treffen Sie fundierte Entscheidungen und begeben Sie sich auf eine Reise voller cooler Verbindungen!","robots":{"index":"index","follow":"follow","max-snippet":"max-snippet:-1","max-image-preview":"max-image-preview:large","max-video-preview":"max-video-preview:-1"},"canonical":"https:\/\/camtwice.com\/de\/chat-sites\/","og_locale":"de_DE","og_type":"article","og_title":"Chat Sites - Camtwice","og_description":"Discover the dynamic world of Camtwice.com and explore chat sites, make informed choices, and embark on a journey of cool connections!","og_url":"https:\/\/camtwice.com\/de\/chat-sites\/","og_site_name":"Camtwice","article_modified_time":"2024-05-07T09:44:57+00:00","og_image":[{"url":"https:\/\/camtwice.com\/wp-content\/uploads\/2023\/12\/chatsite.jpeg","type":"","width":"","height":""}],"twitter_card":"summary_large_image","twitter_misc":{"Gesch\u00e4tzte Lesezeit":"4\u00a0Minuten"},"schema":{"@context":"https:\/\/schema.org","@graph":[{"@type":"WebPage","@id":"https:\/\/camtwice.com\/chat-sites\/","url":"https:\/\/camtwice.com\/chat-sites\/","name":"Chat-Sites - Camtwice","isPartOf":{"@id":"https:\/\/camtwice.com\/#website"},"primaryImageOfPage":{"@id":"https:\/\/camtwice.com\/chat-sites\/#primaryimage"},"image":{"@id":"https:\/\/camtwice.com\/chat-sites\/#primaryimage"},"thumbnailUrl":"https:\/\/camtwice.com\/wp-content\/uploads\/2023\/12\/chatsite.jpeg","datePublished":"2023-07-23T21:52:39+00:00","dateModified":"2024-05-07T09:44:57+00:00","description":"Entdecken Sie die dynamische Welt von Camtwice.com, erkunden Sie Chat-Sites, treffen Sie fundierte Entscheidungen und begeben Sie sich auf eine Reise voller cooler Verbindungen!","breadcrumb":{"@id":"https:\/\/camtwice.com\/chat-sites\/#breadcrumb"},"inLanguage":"de","potentialAction":[{"@type":"ReadAction","target":["https:\/\/camtwice.com\/chat-sites\/"]}]},{"@type":"ImageObject","inLanguage":"de","@id":"https:\/\/camtwice.com\/chat-sites\/#primaryimage","url":"https:\/\/camtwice.com\/wp-content\/uploads\/2023\/12\/chatsite.jpeg","contentUrl":"https:\/\/camtwice.com\/wp-content\/uploads\/2023\/12\/chatsite.jpeg"},{"@type":"BreadcrumbList","@id":"https:\/\/camtwice.com\/chat-sites\/#breadcrumb","itemListElement":[{"@type":"ListItem","position":1,"name":"Home","item":"https:\/\/camtwice.com\/"},{"@type":"ListItem","position":2,"name":"Chat Sites"}]},{"@type":"WebSite","@id":"https:\/\/camtwice.com\/#website","url":"https:\/\/camtwice.com\/","name":"Camtwice","description":"Deine Live-Webcams f\u00fcr den Chat mit coolen Fremden","publisher":{"@id":"https:\/\/camtwice.com\/#organization"},"potentialAction":[{"@type":"SearchAction","target":{"@type":"EntryPoint","urlTemplate":"https:\/\/camtwice.com\/?s={search_term_string}"},"query-input":{"@type":"PropertyValueSpecification","valueRequired":true,"valueName":"search_term_string"}}],"inLanguage":"de"},{"@type":"Organization","@id":"https:\/\/camtwice.com\/#organization","name":"Camtwice","url":"https:\/\/camtwice.com\/","logo":{"@type":"ImageObject","inLanguage":"de","@id":"https:\/\/camtwice.com\/#\/schema\/logo\/image\/","url":"https:\/\/camtwice.com\/wp-content\/uploads\/2023\/07\/cropped-Cam__1_-removebg-preview-1.png","contentUrl":"https:\/\/camtwice.com\/wp-content\/uploads\/2023\/07\/cropped-Cam__1_-removebg-preview-1.png","width":351,"height":100,"caption":"Camtwice"},"image":{"@id":"https:\/\/camtwice.com\/#\/schema\/logo\/image\/"}}]}},"_links":{"self":[{"href":"https:\/\/camtwice.com\/de\/wp-json\/wp\/v2\/pages\/46","targetHints":{"allow":["GET"]}}],"collection":[{"href":"https:\/\/camtwice.com\/de\/wp-json\/wp\/v2\/pages"}],"about":[{"href":"https:\/\/camtwice.com\/de\/wp-json\/wp\/v2\/types\/page"}],"author":[{"embeddable":true,"href":"https:\/\/camtwice.com\/de\/wp-json\/wp\/v2\/users\/1"}],"replies":[{"embeddable":true,"href":"https:\/\/camtwice.com\/de\/wp-json\/wp\/v2\/comments?post=46"}],"version-history":[{"count":4,"href":"https:\/\/camtwice.com\/de\/wp-json\/wp\/v2\/pages\/46\/revisions"}],"predecessor-version":[{"id":2019,"href":"https:\/\/camtwice.com\/de\/wp-json\/wp\/v2\/pages\/46\/revisions\/2019"}],"wp:attachment":[{"href":"https:\/\/camtwice.com\/de\/wp-json\/wp\/v2\/media?parent=46"}],"curies":[{"name":"wp","href":"https:\/\/api.w.org\/{rel}","templated":true}]}}