{"id":40,"date":"2023-07-23T21:52:38","date_gmt":"2023-07-23T21:52:38","guid":{"rendered":"https:\/\/camtwice.com\/?page_id=40"},"modified":"2024-04-30T09:07:44","modified_gmt":"2024-04-30T09:07:44","slug":"one-on-one-chats","status":"publish","type":"page","link":"https:\/\/camtwice.com\/es\/one-on-one-chats\/","title":{"rendered":"Charlas individuales"},"content":{"rendered":"<h2 class=\"wp-block-heading has-text-align-center\"><strong>\u00a1Charlas uno a uno!<\/strong><\/h2>\n\n\n\n<p>En el mundo acelerado de hoy, las conexiones significativas pueden ser dif\u00edciles de encontrar. Si bien las redes sociales ofrecen una plataforma para una interacci\u00f3n m\u00e1s amplia, a veces anhelamos la intimidad y la profundidad de una conversaci\u00f3n individual. Ad\u00e9ntrate en el mundo del uno a uno. <a href=\"https:\/\/camtwice.com\/es\/livetolives\/\">c\u00e1maras web<\/a> y sitios de chat, donde el contacto visual, las sonrisas compartidas y la conversaci\u00f3n genuina ocupan un lugar central.<\/p>\n\n\n\n<div class=\"wp-block-group\"><div class=\"wp-block-group__inner-container is-layout-constrained wp-block-group-is-layout-constrained\">\n<div class=\"wp-block-columns is-layout-flex wp-container-core-columns-is-layout-9d6595d7 wp-block-columns-is-layout-flex\">\n<div class=\"wp-block-column is-layout-flow wp-block-column-is-layout-flow\" style=\"flex-basis:100%\">\n<div class=\"wp-block-group\"><div class=\"wp-block-group__inner-container is-layout-constrained wp-block-group-is-layout-constrained\">\n<div class=\"wp-block-button\"><a class=\"wp-block-button__link has-mercury-white-color has-text-color has-background wp-element-button\" href=\"#\" style=\"background:linear-gradient(135deg,rgb(70,184,255) 0%,rgb(99,109,255) 100%)\">Empieza a chatear uno a uno<\/a><\/div>\n<\/div><\/div>\n<\/div>\n<\/div>\n<\/div><\/div>\n\n\n<div class=\"wp-block-image\">\n<figure class=\"alignleft size-full is-resized\"><img decoding=\"async\" width=\"158\" height=\"180\" src=\"https:\/\/camtwice.com\/wp-content\/uploads\/2024\/01\/one-on-one-chat.jpeg\" alt=\"\" class=\"wp-image-814\" style=\"width:169px;height:auto\" srcset=\"https:\/\/camtwice.com\/wp-content\/uploads\/2024\/01\/one-on-one-chat.jpeg 158w, https:\/\/camtwice.com\/wp-content\/uploads\/2024\/01\/one-on-one-chat-11x12.jpeg 11w, https:\/\/camtwice.com\/wp-content\/uploads\/2024\/01\/one-on-one-chat-35x40.jpeg 35w, https:\/\/camtwice.com\/wp-content\/uploads\/2024\/01\/one-on-one-chat-28x32.jpeg 28w, https:\/\/camtwice.com\/wp-content\/uploads\/2024\/01\/one-on-one-chat-70x80.jpeg 70w, https:\/\/camtwice.com\/wp-content\/uploads\/2024\/01\/one-on-one-chat-119x135.jpeg 119w\" sizes=\"(max-width: 158px) 100vw, 158px\" \/><\/figure>\n<\/div>\n\n\n<p><strong><mark style=\"background-color:rgba(0, 0, 0, 0)\" class=\"has-inline-color has-mercury-gray-color\">El atractivo del uno a uno <a href=\"https:\/\/camtwice.com\/es\/comeet\/\">C\u00e1mara web<\/a> Charlando:<\/mark><\/strong><\/p>\n\n\n\n<ul class=\"wp-block-list\">\n<li><strong><mark style=\"background-color:rgba(0, 0, 0, 0)\" class=\"has-inline-color has-mercury-main-color\">Conexiones m\u00e1s profundas:<\/mark><\/strong> Los chats con webcam te permiten conectar con personas a un nivel m\u00e1s profundo que la comunicaci\u00f3n por texto. Las se\u00f1ales no verbales, como las expresiones faciales y el lenguaje corporal, a\u00f1aden matices y comprensi\u00f3n que trascienden las palabras.<\/li>\n\n\n\n<li><strong><mark style=\"background-color:rgba(0, 0, 0, 0)\" class=\"has-inline-color has-mercury-main-color\">Experiencia personalizada:<\/mark><\/strong> A diferencia de los chats grupales, las interacciones individuales ofrecen una experiencia m\u00e1s personalizada y enfocada. Puedes adaptar la conversaci\u00f3n a tus intereses y forjar una conexi\u00f3n genuina con la persona al otro lado de la pantalla.<\/li>\n\n\n\n<li><strong><mark style=\"background-color:rgba(0, 0, 0, 0)\" class=\"has-inline-color has-mercury-main-color\">Rompiendo l\u00edmites:<\/mark><\/strong> Los chats por webcam trascienden las fronteras geogr\u00e1ficas. Puedes conectar con personas de todo el mundo, ampliando tus horizontes y fomentando el intercambio cultural.<\/li>\n\n\n\n<li><strong><mark style=\"background-color:rgba(0, 0, 0, 0)\" class=\"has-inline-color has-mercury-main-color\">Fomentando la confianza:<\/mark><\/strong> Para las personas t\u00edmidas, las charlas por webcam pueden ser un paso clave para desarrollar confianza en las interacciones sociales. El anonimato y la comodidad de un espacio propio pueden aliviar la ansiedad, permiti\u00e9ndoles expresarse con mayor libertad.<\/li>\n<\/ul>\n\n\n\n<p><strong><mark style=\"background-color:rgba(0, 0, 0, 0)\" class=\"has-inline-color has-mercury-gray-color\">C\u00f3mo elegir la plataforma adecuada:<\/mark><\/strong><\/p>\n\n\n\n<p>Con la gran cantidad de sitios y aplicaciones de chat con webcam disponibles, explorar las opciones puede resultar abrumador. Aqu\u00ed tienes algunos factores a considerar al elegir la plataforma adecuada para conversaciones individuales:<\/p>\n\n\n\n<ul class=\"wp-block-list\">\n<li><strong><mark style=\"background-color:rgba(0, 0, 0, 0)\" class=\"has-inline-color has-mercury-main-color\">Enfoque y audiencia:<\/mark><\/strong> Algunas plataformas se adaptan a intereses espec\u00edficos, como aprender idiomas, jugar videojuegos o actividades creativas. Elige una plataforma que se ajuste a tus intereses y objetivos para conectar con otros.<\/li>\n\n\n\n<li><strong><mark style=\"background-color:rgba(0, 0, 0, 0)\" class=\"has-inline-color has-mercury-main-color\">Privacidad y seguridad:<\/mark><\/strong> Busque plataformas con funciones de seguridad robustas y pol\u00edticas de privacidad claras. Aseg\u00farese de que su informaci\u00f3n e interacciones personales est\u00e9n protegidas.<\/li>\n\n\n\n<li><strong><mark style=\"background-color:rgba(0, 0, 0, 0)\" class=\"has-inline-color has-mercury-main-color\">Facilidad de uso:<\/mark><\/strong> La plataforma debe ser f\u00e1cil de usar e intuitiva, con una interfaz fluida para videollamadas y comunicaci\u00f3n.<\/li>\n\n\n\n<li><mark style=\"background-color:rgba(0, 0, 0, 0)\" class=\"has-inline-color has-mercury-main-color\"><strong>Caracter\u00edsticas y funcionalidad:<\/strong> <\/mark>Considere funciones adicionales como filtros de video, compartir pantalla y capacidades de grabaci\u00f3n que podr\u00edan mejorar su experiencia de chat.<\/li>\n<\/ul>\n\n\n\n<p><strong><mark style=\"background-color:rgba(0, 0, 0, 0)\" class=\"has-inline-color has-mercury-gray-color\">Las mejores plataformas para chatear por webcam uno a uno:<\/mark><\/strong><\/p>\n\n\n\n<p>Aqu\u00ed hay algunas plataformas populares conocidas por sus excelentes encuentros uno a uno. <a href=\"https:\/\/camtwice.com\/es\/callmechat\/\">videochat<\/a> caracter\u00edsticas:<\/p>\n\n\n\n<ul class=\"wp-block-list\">\n<li><strong><mark style=\"background-color:rgba(0, 0, 0, 0)\" class=\"has-inline-color has-mercury-main-color\">Zoom:<\/mark><\/strong> Zoom, un nombre conocido en el \u00e1mbito de las videoconferencias, ofrece un plan gratuito con videollamadas individuales y una calidad de audio n\u00edtida.<\/li>\n\n\n\n<li><strong><mark style=\"background-color:rgba(0, 0, 0, 0)\" class=\"has-inline-color has-mercury-main-color\">Skype:<\/mark><\/strong> Un video cl\u00e1sico <a href=\"https:\/\/camtwice.com\/es\/cherry-tv\/\">plataforma de chat<\/a>Skype cuenta con una interfaz f\u00e1cil de usar y videollamadas confiables, lo que lo convierte en una buena opci\u00f3n para conversaciones informales.<\/li>\n\n\n\n<li><strong><mark style=\"background-color:rgba(0, 0, 0, 0)\" class=\"has-inline-color has-mercury-main-color\">Discordia<\/mark>:<\/strong> Popular entre los jugadores, Discord ofrece excelentes funciones de chat de voz y video, junto con mensajer\u00eda de texto y servidores comunitarios.<\/li>\n\n\n\n<li><strong><mark style=\"background-color:rgba(0, 0, 0, 0)\" class=\"has-inline-color has-mercury-main-color\"><a href=\"https:\/\/camtwice.com\/es\/omegle-review\/\">Omegle<\/a>:<\/mark><\/strong> Omegle, una plataforma para videochats aleatorios, te permite conectar con desconocidos de todo el mundo. Sin embargo, ten cuidado y ten en cuenta los posibles riesgos.<\/li>\n\n\n\n<li><strong><mark style=\"background-color:rgba(0, 0, 0, 0)\" class=\"has-inline-color has-mercury-main-color\">Camfrog:<\/mark><\/strong> Camfrog, una plataforma dise\u00f1ada espec\u00edficamente para chat con c\u00e1mara web, ofrece una variedad de funciones como salas privadas, chats grupales y regalos virtuales.<br><\/li>\n<\/ul>\n\n\n\n<div class=\"wp-block-button\"><a class=\"wp-block-button__link has-mercury-white-color has-text-color has-background wp-element-button\" href=\"#\" style=\"background:linear-gradient(135deg,rgb(70,184,255) 0%,rgb(99,109,255) 100%)\">Empieza a chatear uno a uno<\/a><\/div>\n\n\n\n<p><strong><mark style=\"background-color:rgba(0, 0, 0, 0)\" class=\"has-inline-color has-mercury-gray-color\">Recordar:<\/mark><\/strong><\/p>\n\n\n\n<p>Si bien los chats por webcam ofrecen una forma \u00fanica y emocionante de conectar con otros, es importante priorizar la seguridad y un comportamiento responsable en l\u00ednea. S\u00e9 consciente de con qui\u00e9n compartes informaci\u00f3n personal y denuncia cualquier actividad o comportamiento sospechoso que atente contra tu nivel de comodidad.<\/p>\n\n\n\n<p>Con la plataforma y el enfoque adecuados, las charlas individuales por webcam pueden ser una experiencia gratificante y enriquecedora. As\u00ed que, sal de tu zona de confort, aprovecha el poder de la conexi\u00f3n visual y descubre el mundo de conversaciones significativas que te espera m\u00e1s all\u00e1 de la pantalla.<\/p>\n\n\n\n<p><strong><em><mark style=\"background-color:rgba(0, 0, 0, 0)\" class=\"has-inline-color has-mercury-gray-color\">\u00a1Feliz charla!<\/mark><\/em><\/strong><\/p>","protected":false},"excerpt":{"rendered":"<p>One-on-One Chats! Today&#8217;s fast-paced world, meaningful connections can be hard to come by. While social media offers a platform for broader interaction, sometimes we crave the intimacy and depth of a one-on-one conversation. Enter the world of one-on-one webcams and chat sites, where eye contact, shared smiles, and genuine conversation take center stage. Start Chatting [&hellip;]<\/p>\n","protected":false},"author":1,"featured_media":0,"parent":0,"menu_order":0,"comment_status":"closed","ping_status":"closed","template":"","meta":{"footnotes":""},"class_list":["post-40","page","type-page","status-publish","hentry"],"yoast_head":"<!-- This site is optimized with the Yoast SEO plugin v27.5 - https:\/\/yoast.com\/product\/yoast-seo-wordpress\/ -->\n<title>One-on-One Chats - Camtwice<\/title>\n<meta name=\"description\" content=\"Dive into the best sites with random 1-on-1 video chat that provides a unique video chat experience. Talk to strangers 1 on 1 today!\" \/>\n<meta name=\"robots\" content=\"index, follow, max-snippet:-1, max-image-preview:large, max-video-preview:-1\" \/>\n<link rel=\"canonical\" href=\"https:\/\/camtwice.com\/es\/one-on-one-chats\/\" \/>\n<meta property=\"og:locale\" content=\"es_ES\" \/>\n<meta property=\"og:type\" content=\"article\" \/>\n<meta property=\"og:title\" content=\"One-on-One Chats - Camtwice\" \/>\n<meta property=\"og:description\" content=\"Dive into the best sites with random 1-on-1 video chat that provides a unique video chat experience. Talk to strangers 1 on 1 today!\" \/>\n<meta property=\"og:url\" content=\"https:\/\/camtwice.com\/es\/one-on-one-chats\/\" \/>\n<meta property=\"og:site_name\" content=\"Camtwice\" \/>\n<meta property=\"article:modified_time\" content=\"2024-04-30T09:07:44+00:00\" \/>\n<meta property=\"og:image\" content=\"https:\/\/camtwice.com\/wp-content\/uploads\/2024\/01\/one-on-one-chat.jpeg\" \/>\n<meta name=\"twitter:card\" content=\"summary_large_image\" \/>\n<meta name=\"twitter:label1\" content=\"Tiempo de lectura\" \/>\n\t<meta name=\"twitter:data1\" content=\"3 minutos\" \/>\n<script type=\"application\/ld+json\" class=\"yoast-schema-graph\">{\"@context\":\"https:\\\/\\\/schema.org\",\"@graph\":[{\"@type\":\"WebPage\",\"@id\":\"https:\\\/\\\/camtwice.com\\\/one-on-one-chats\\\/\",\"url\":\"https:\\\/\\\/camtwice.com\\\/one-on-one-chats\\\/\",\"name\":\"One-on-One Chats - Camtwice\",\"isPartOf\":{\"@id\":\"https:\\\/\\\/camtwice.com\\\/#website\"},\"primaryImageOfPage\":{\"@id\":\"https:\\\/\\\/camtwice.com\\\/one-on-one-chats\\\/#primaryimage\"},\"image\":{\"@id\":\"https:\\\/\\\/camtwice.com\\\/one-on-one-chats\\\/#primaryimage\"},\"thumbnailUrl\":\"https:\\\/\\\/camtwice.com\\\/wp-content\\\/uploads\\\/2024\\\/01\\\/one-on-one-chat.jpeg\",\"datePublished\":\"2023-07-23T21:52:38+00:00\",\"dateModified\":\"2024-04-30T09:07:44+00:00\",\"description\":\"Dive into the best sites with random 1-on-1 video chat that provides a unique video chat experience. Talk to strangers 1 on 1 today!\",\"breadcrumb\":{\"@id\":\"https:\\\/\\\/camtwice.com\\\/one-on-one-chats\\\/#breadcrumb\"},\"inLanguage\":\"es\",\"potentialAction\":[{\"@type\":\"ReadAction\",\"target\":[\"https:\\\/\\\/camtwice.com\\\/one-on-one-chats\\\/\"]}]},{\"@type\":\"ImageObject\",\"inLanguage\":\"es\",\"@id\":\"https:\\\/\\\/camtwice.com\\\/one-on-one-chats\\\/#primaryimage\",\"url\":\"https:\\\/\\\/camtwice.com\\\/wp-content\\\/uploads\\\/2024\\\/01\\\/one-on-one-chat.jpeg\",\"contentUrl\":\"https:\\\/\\\/camtwice.com\\\/wp-content\\\/uploads\\\/2024\\\/01\\\/one-on-one-chat.jpeg\"},{\"@type\":\"BreadcrumbList\",\"@id\":\"https:\\\/\\\/camtwice.com\\\/one-on-one-chats\\\/#breadcrumb\",\"itemListElement\":[{\"@type\":\"ListItem\",\"position\":1,\"name\":\"Home\",\"item\":\"https:\\\/\\\/camtwice.com\\\/\"},{\"@type\":\"ListItem\",\"position\":2,\"name\":\"One-on-One Chats\"}]},{\"@type\":\"WebSite\",\"@id\":\"https:\\\/\\\/camtwice.com\\\/#website\",\"url\":\"https:\\\/\\\/camtwice.com\\\/\",\"name\":\"Camtwice\",\"description\":\"Your live webcams for you to chat with cool strangers\",\"publisher\":{\"@id\":\"https:\\\/\\\/camtwice.com\\\/#organization\"},\"potentialAction\":[{\"@type\":\"SearchAction\",\"target\":{\"@type\":\"EntryPoint\",\"urlTemplate\":\"https:\\\/\\\/camtwice.com\\\/?s={search_term_string}\"},\"query-input\":{\"@type\":\"PropertyValueSpecification\",\"valueRequired\":true,\"valueName\":\"search_term_string\"}}],\"inLanguage\":\"es\"},{\"@type\":\"Organization\",\"@id\":\"https:\\\/\\\/camtwice.com\\\/#organization\",\"name\":\"Camtwice\",\"url\":\"https:\\\/\\\/camtwice.com\\\/\",\"logo\":{\"@type\":\"ImageObject\",\"inLanguage\":\"es\",\"@id\":\"https:\\\/\\\/camtwice.com\\\/#\\\/schema\\\/logo\\\/image\\\/\",\"url\":\"https:\\\/\\\/camtwice.com\\\/wp-content\\\/uploads\\\/2023\\\/07\\\/cropped-Cam__1_-removebg-preview-1.png\",\"contentUrl\":\"https:\\\/\\\/camtwice.com\\\/wp-content\\\/uploads\\\/2023\\\/07\\\/cropped-Cam__1_-removebg-preview-1.png\",\"width\":351,\"height\":100,\"caption\":\"Camtwice\"},\"image\":{\"@id\":\"https:\\\/\\\/camtwice.com\\\/#\\\/schema\\\/logo\\\/image\\\/\"}}]}<\/script>\n<!-- \/ Yoast SEO plugin. -->","yoast_head_json":{"title":"Chats individuales - Camtwice","description":"Sum\u00e9rgete en los mejores sitios con videochat individual aleatorio que te ofrece una experiencia \u00fanica. \u00a1Habla con desconocidos uno a uno hoy mismo!","robots":{"index":"index","follow":"follow","max-snippet":"max-snippet:-1","max-image-preview":"max-image-preview:large","max-video-preview":"max-video-preview:-1"},"canonical":"https:\/\/camtwice.com\/es\/one-on-one-chats\/","og_locale":"es_ES","og_type":"article","og_title":"One-on-One Chats - Camtwice","og_description":"Dive into the best sites with random 1-on-1 video chat that provides a unique video chat experience. Talk to strangers 1 on 1 today!","og_url":"https:\/\/camtwice.com\/es\/one-on-one-chats\/","og_site_name":"Camtwice","article_modified_time":"2024-04-30T09:07:44+00:00","og_image":[{"url":"https:\/\/camtwice.com\/wp-content\/uploads\/2024\/01\/one-on-one-chat.jpeg","type":"","width":"","height":""}],"twitter_card":"summary_large_image","twitter_misc":{"Tiempo de lectura":"3 minutos"},"schema":{"@context":"https:\/\/schema.org","@graph":[{"@type":"WebPage","@id":"https:\/\/camtwice.com\/one-on-one-chats\/","url":"https:\/\/camtwice.com\/one-on-one-chats\/","name":"Chats individuales - Camtwice","isPartOf":{"@id":"https:\/\/camtwice.com\/#website"},"primaryImageOfPage":{"@id":"https:\/\/camtwice.com\/one-on-one-chats\/#primaryimage"},"image":{"@id":"https:\/\/camtwice.com\/one-on-one-chats\/#primaryimage"},"thumbnailUrl":"https:\/\/camtwice.com\/wp-content\/uploads\/2024\/01\/one-on-one-chat.jpeg","datePublished":"2023-07-23T21:52:38+00:00","dateModified":"2024-04-30T09:07:44+00:00","description":"Sum\u00e9rgete en los mejores sitios con videochat individual aleatorio que te ofrece una experiencia \u00fanica. \u00a1Habla con desconocidos uno a uno hoy mismo!","breadcrumb":{"@id":"https:\/\/camtwice.com\/one-on-one-chats\/#breadcrumb"},"inLanguage":"es","potentialAction":[{"@type":"ReadAction","target":["https:\/\/camtwice.com\/one-on-one-chats\/"]}]},{"@type":"ImageObject","inLanguage":"es","@id":"https:\/\/camtwice.com\/one-on-one-chats\/#primaryimage","url":"https:\/\/camtwice.com\/wp-content\/uploads\/2024\/01\/one-on-one-chat.jpeg","contentUrl":"https:\/\/camtwice.com\/wp-content\/uploads\/2024\/01\/one-on-one-chat.jpeg"},{"@type":"BreadcrumbList","@id":"https:\/\/camtwice.com\/one-on-one-chats\/#breadcrumb","itemListElement":[{"@type":"ListItem","position":1,"name":"Home","item":"https:\/\/camtwice.com\/"},{"@type":"ListItem","position":2,"name":"One-on-One Chats"}]},{"@type":"WebSite","@id":"https:\/\/camtwice.com\/#website","url":"https:\/\/camtwice.com\/","name":"Camtwice","description":"Tus c\u00e1maras web en vivo para que puedas chatear con desconocidos geniales","publisher":{"@id":"https:\/\/camtwice.com\/#organization"},"potentialAction":[{"@type":"SearchAction","target":{"@type":"EntryPoint","urlTemplate":"https:\/\/camtwice.com\/?s={search_term_string}"},"query-input":{"@type":"PropertyValueSpecification","valueRequired":true,"valueName":"search_term_string"}}],"inLanguage":"es"},{"@type":"Organization","@id":"https:\/\/camtwice.com\/#organization","name":"Camtwice","url":"https:\/\/camtwice.com\/","logo":{"@type":"ImageObject","inLanguage":"es","@id":"https:\/\/camtwice.com\/#\/schema\/logo\/image\/","url":"https:\/\/camtwice.com\/wp-content\/uploads\/2023\/07\/cropped-Cam__1_-removebg-preview-1.png","contentUrl":"https:\/\/camtwice.com\/wp-content\/uploads\/2023\/07\/cropped-Cam__1_-removebg-preview-1.png","width":351,"height":100,"caption":"Camtwice"},"image":{"@id":"https:\/\/camtwice.com\/#\/schema\/logo\/image\/"}}]}},"_links":{"self":[{"href":"https:\/\/camtwice.com\/es\/wp-json\/wp\/v2\/pages\/40","targetHints":{"allow":["GET"]}}],"collection":[{"href":"https:\/\/camtwice.com\/es\/wp-json\/wp\/v2\/pages"}],"about":[{"href":"https:\/\/camtwice.com\/es\/wp-json\/wp\/v2\/types\/page"}],"author":[{"embeddable":true,"href":"https:\/\/camtwice.com\/es\/wp-json\/wp\/v2\/users\/1"}],"replies":[{"embeddable":true,"href":"https:\/\/camtwice.com\/es\/wp-json\/wp\/v2\/comments?post=40"}],"version-history":[{"count":5,"href":"https:\/\/camtwice.com\/es\/wp-json\/wp\/v2\/pages\/40\/revisions"}],"predecessor-version":[{"id":2009,"href":"https:\/\/camtwice.com\/es\/wp-json\/wp\/v2\/pages\/40\/revisions\/2009"}],"wp:attachment":[{"href":"https:\/\/camtwice.com\/es\/wp-json\/wp\/v2\/media?parent=40"}],"curies":[{"name":"gracias","href":"https:\/\/api.w.org\/{rel}","templated":true}]}}