{"id":46,"date":"2023-07-23T21:52:39","date_gmt":"2023-07-23T21:52:39","guid":{"rendered":"https:\/\/camtwice.com\/?page_id=46"},"modified":"2024-05-07T09:44:57","modified_gmt":"2024-05-07T09:44:57","slug":"chat-sites","status":"publish","type":"page","link":"https:\/\/camtwice.com\/es\/chat-sites\/","title":{"rendered":"Sitios de chat"},"content":{"rendered":"<p><\/p>\n\n\n<div class=\"wp-block-image\">\n<figure class=\"alignleft size-full\"><img decoding=\"async\" width=\"171\" height=\"180\" src=\"https:\/\/camtwice.com\/wp-content\/uploads\/2023\/12\/chatsite.jpeg\" alt=\"\" class=\"wp-image-808\" srcset=\"https:\/\/camtwice.com\/wp-content\/uploads\/2023\/12\/chatsite.jpeg 171w, https:\/\/camtwice.com\/wp-content\/uploads\/2023\/12\/chatsite-11x12.jpeg 11w, https:\/\/camtwice.com\/wp-content\/uploads\/2023\/12\/chatsite-38x40.jpeg 38w, https:\/\/camtwice.com\/wp-content\/uploads\/2023\/12\/chatsite-30x32.jpeg 30w, https:\/\/camtwice.com\/wp-content\/uploads\/2023\/12\/chatsite-76x80.jpeg 76w, https:\/\/camtwice.com\/wp-content\/uploads\/2023\/12\/chatsite-128x135.jpeg 128w\" sizes=\"(max-width: 171px) 100vw, 171px\" \/><\/figure>\n<\/div>\n\n\n<p>Los sitios de chat han crecido enormemente en popularidad en los \u00faltimos a\u00f1os, convirti\u00e9ndose en una forma predilecta para conectar, socializar y divertirse. Pero \u00bfqu\u00e9 los hace tan divertidos? Estas son algunas de las razones clave por las que la gente encuentra los sitios de chat tan divertidos:<\/p>\n\n\n\n<div class=\"wp-block-button\"><a class=\"wp-block-button__link has-mercury-white-color has-text-color has-background wp-element-button\" href=\"#\" style=\"background:linear-gradient(135deg,rgb(70,184,255) 0%,rgb(99,109,255) 100%)\">Empezar a chatear<\/a><\/div>\n\n\n\n<p><strong><mark style=\"background-color:rgba(0, 0, 0, 0)\" class=\"has-inline-color has-mercury-main-color\">1. Conexi\u00f3n y comunidad:<\/mark><\/strong><\/p>\n\n\n\n<p>En un mundo que a menudo puede resultar aislado, los sitios de chat ofrecen una valiosa forma de conectar con otras personas que comparten tus intereses, aficiones o experiencias. Ya sea que te unas a una sala de chat general o a un foro especializado, seguro que encontrar\u00e1s personas afines con las que podr\u00e1s tener conversaciones estimulantes, forjar amistades e incluso sentirte parte de una comunidad.<\/p>\n\n\n\n<p><strong><mark style=\"background-color:rgba(0, 0, 0, 0)\" class=\"has-inline-color has-mercury-main-color\">2. Anonimato y libertad:<\/mark><\/strong><\/p>\n\n\n\n<p>Los sitios de chat suelen ofrecer un nivel de anonimato que puede ser liberador. Puedes abandonar tu identidad real y crear una nueva en l\u00ednea, lo que te permite expresarte con m\u00e1s libertad y franqueza de lo que normalmente te sentir\u00edas c\u00f3modo. Esto puede ser especialmente atractivo para personas t\u00edmidas o introvertidas, ya que les brinda un espacio seguro para conectar con otros sin la presi\u00f3n de la interacci\u00f3n cara a cara.<\/p>\n\n\n\n<p><strong><mark style=\"background-color:rgba(0, 0, 0, 0)\" class=\"has-inline-color has-mercury-main-color\">3. Variedad y descubrimiento:<\/mark><\/strong><\/p>\n\n\n\n<p>La gran variedad de sitios de chat disponibles es asombrosa. Desde general... <a href=\"https:\/\/camtwice.com\/es\/chateek\/\">salas de chat<\/a> En foros dedicados a temas espec\u00edficos como videojuegos, anime o tenencia de mascotas, hay una <a href=\"https:\/\/camtwice.com\/es\/chat-to-strangers\/\">sitio de chat<\/a> Hay opciones para todos. Esta infinita variedad te permite explorar nuevos intereses, descubrir nuevas comunidades y aprender de otros con perspectivas diferentes. Incluso puedes descubrir tesoros ocultos y comunidades especializadas que desconoc\u00edas.<\/p>\n\n\n\n<p><strong><mark style=\"background-color:rgba(0, 0, 0, 0)\" class=\"has-inline-color has-mercury-main-color\">4. Alegr\u00eda y juegos:<\/mark><\/strong><\/p>\n\n\n\n<p>Muchos sitios de chat incorporan elementos divertidos e interactivos como juegos, cuestionarios y encuestas. Estas funciones pueden ayudar a romper el hielo, fomentar la conversaci\u00f3n y a\u00f1adir un toque de humor a tu... <a href=\"https:\/\/camtwice.com\/es\/chatib-chat-site\/\">interacciones<\/a>Ya sea que est\u00e9s jugando un juego r\u00e1pido de trivia o debatiendo los m\u00e9ritos de tus pel\u00edculas favoritas, estos elementos l\u00fadicos pueden hacer que chatear sea a\u00fan m\u00e1s agradable.<\/p>\n\n\n\n<p><strong><mark style=\"background-color:rgba(0, 0, 0, 0)\" class=\"has-inline-color has-mercury-main-color\">5. Interacci\u00f3n en tiempo real y espontaneidad:<\/mark><\/strong><\/p>\n\n\n\n<p>A diferencia de las formas tradicionales de comunicaci\u00f3n, como el correo electr\u00f3nico o las cartas, los sitios de chat ofrecen interacci\u00f3n en tiempo real. Esta inmediatez permite que las conversaciones fluyan con naturalidad, con intercambios r\u00e1pidos y la capacidad de reaccionar al instante. Esta espontaneidad puede hacer que las conversaciones de chat se sientan m\u00e1s animadas y atractivas que otras formas de comunicaci\u00f3n.<\/p>\n\n\n\n<p><strong><mark style=\"background-color:rgba(0, 0, 0, 0)\" class=\"has-inline-color has-mercury-main-color\">6. Un mundo de entretenimiento:<\/mark><\/strong><\/p>\n\n\n\n<p>Muchos sitios de chat van m\u00e1s all\u00e1 de la simple comunicaci\u00f3n basada en texto y ofrecen una variedad de funciones multimedia. Puedes compartir fotos, videos, m\u00fasica e incluso... <a href=\"https:\/\/camtwice.com\/es\/stickam\/\">transmisi\u00f3n en vivo<\/a> Experiencias con otros en tiempo real. Esto a\u00f1ade una nueva dimensi\u00f3n a tus chats y puede convertirlos en una fuente de entretenimiento y descubrimiento.<\/p>\n\n\n\n<p><strong><mark style=\"background-color:rgba(0, 0, 0, 0)\" class=\"has-inline-color has-mercury-main-color\">7. Aprendizaje y crecimiento:<\/mark><\/strong><\/p>\n\n\n\n<p>Los sitios de chat pueden ser una valiosa fuente de aprendizaje y crecimiento. Al interactuar con personas de diferentes or\u00edgenes y estilos de vida, puedes obtener nuevas perspectivas. Tambi\u00e9n puedes aprender sobre diferentes culturas y ampliar tus horizontes. Tambi\u00e9n puedes encontrar comunidades dedicadas a \u00e1reas de inter\u00e9s espec\u00edficas. Aqu\u00ed puedes aprender de expertos y entusiastas, y profundizar tus conocimientos sobre un tema en particular.<\/p>\n\n\n\n<p><strong><mark style=\"background-color:rgba(0, 0, 0, 0)\" class=\"has-inline-color has-mercury-main-color\">8. Escapismo y relajaci\u00f3n:<\/mark><\/strong><\/p>\n\n\n\n<p>Para muchas personas, los sitios de chat ofrecen un escape bienvenido del estr\u00e9s cotidiano. Son herramientas vers\u00e1tiles que ofrecen consuelo y entretenimiento en diversas situaciones. Ya sea que busques consuelo despu\u00e9s de un d\u00eda agotador, quieras reencontrarte con amigos o simplemente anhelas una distracci\u00f3n de los desaf\u00edos de la vida, estas plataformas ofrecen un refugio para la relajaci\u00f3n y la diversi\u00f3n.<\/p>\n\n\n\n<p>\u00a1Ah\u00ed lo tienen! Estas son solo algunas de las muchas razones por las que a la gente le resulta tan divertido usar los sitios de chat. Gracias a su capacidad para fomentar la conexi\u00f3n, proporcionar anonimato, ofrecer una variedad infinita y ser una fuente de entretenimiento y aprendizaje, los sitios de chat se han convertido en una parte esencial del mundo en l\u00ednea para muchas personas.<\/p>\n\n\n\n<p>Por supuesto, es importante recordar que, como cualquier actividad en l\u00ednea, usar sitios de chat conlleva sus propios riesgos y desaf\u00edos. Es fundamental cuidar tu privacidad, estar alerta ante posibles estafas y depredadores, y practicar un comportamiento responsable en l\u00ednea. Pero, si se usan de forma segura y responsable, los sitios de chat pueden ser una forma fant\u00e1stica de conectar con otros, divertirse y ampliar tus horizontes.<\/p>\n\n\n\n<div class=\"wp-block-button\"><a class=\"wp-block-button__link has-mercury-white-color has-text-color has-background wp-element-button\" href=\"#\" style=\"background:linear-gradient(135deg,rgb(70,184,255) 0%,rgb(99,109,255) 100%)\">Empezar a chatear<\/a><\/div>","protected":false},"excerpt":{"rendered":"<p>Chat sites have exploded in popularity in recent years, becoming a go-to way for people to connect, socialize, and have fun. But what exactly makes them so enjoyable? Here are some of the key reasons why people find chat sites so much fun: Start Chatting 1. Connection and Community: In a world that can often [&hellip;]<\/p>\n","protected":false},"author":1,"featured_media":0,"parent":0,"menu_order":0,"comment_status":"closed","ping_status":"closed","template":"","meta":{"footnotes":""},"class_list":["post-46","page","type-page","status-publish","hentry"],"yoast_head":"<!-- This site is optimized with the Yoast SEO plugin v27.4 - https:\/\/yoast.com\/product\/yoast-seo-wordpress\/ -->\n<title>Chat Sites - Camtwice<\/title>\n<meta name=\"description\" content=\"Discover the dynamic world of Camtwice.com and explore chat sites, make informed choices, and embark on a journey of cool connections!\" \/>\n<meta name=\"robots\" content=\"index, follow, max-snippet:-1, max-image-preview:large, max-video-preview:-1\" \/>\n<link rel=\"canonical\" href=\"https:\/\/camtwice.com\/es\/chat-sites\/\" \/>\n<meta property=\"og:locale\" content=\"es_ES\" \/>\n<meta property=\"og:type\" content=\"article\" \/>\n<meta property=\"og:title\" content=\"Chat Sites - Camtwice\" \/>\n<meta property=\"og:description\" content=\"Discover the dynamic world of Camtwice.com and explore chat sites, make informed choices, and embark on a journey of cool connections!\" \/>\n<meta property=\"og:url\" content=\"https:\/\/camtwice.com\/es\/chat-sites\/\" \/>\n<meta property=\"og:site_name\" content=\"Camtwice\" \/>\n<meta property=\"article:modified_time\" content=\"2024-05-07T09:44:57+00:00\" \/>\n<meta property=\"og:image\" content=\"https:\/\/camtwice.com\/wp-content\/uploads\/2023\/12\/chatsite.jpeg\" \/>\n<meta name=\"twitter:card\" content=\"summary_large_image\" \/>\n<meta name=\"twitter:label1\" content=\"Tiempo de lectura\" \/>\n\t<meta name=\"twitter:data1\" content=\"4 minutos\" \/>\n<script type=\"application\/ld+json\" class=\"yoast-schema-graph\">{\"@context\":\"https:\\\/\\\/schema.org\",\"@graph\":[{\"@type\":\"WebPage\",\"@id\":\"https:\\\/\\\/camtwice.com\\\/chat-sites\\\/\",\"url\":\"https:\\\/\\\/camtwice.com\\\/chat-sites\\\/\",\"name\":\"Chat Sites - Camtwice\",\"isPartOf\":{\"@id\":\"https:\\\/\\\/camtwice.com\\\/#website\"},\"primaryImageOfPage\":{\"@id\":\"https:\\\/\\\/camtwice.com\\\/chat-sites\\\/#primaryimage\"},\"image\":{\"@id\":\"https:\\\/\\\/camtwice.com\\\/chat-sites\\\/#primaryimage\"},\"thumbnailUrl\":\"https:\\\/\\\/camtwice.com\\\/wp-content\\\/uploads\\\/2023\\\/12\\\/chatsite.jpeg\",\"datePublished\":\"2023-07-23T21:52:39+00:00\",\"dateModified\":\"2024-05-07T09:44:57+00:00\",\"description\":\"Discover the dynamic world of Camtwice.com and explore chat sites, make informed choices, and embark on a journey of cool connections!\",\"breadcrumb\":{\"@id\":\"https:\\\/\\\/camtwice.com\\\/chat-sites\\\/#breadcrumb\"},\"inLanguage\":\"es\",\"potentialAction\":[{\"@type\":\"ReadAction\",\"target\":[\"https:\\\/\\\/camtwice.com\\\/chat-sites\\\/\"]}]},{\"@type\":\"ImageObject\",\"inLanguage\":\"es\",\"@id\":\"https:\\\/\\\/camtwice.com\\\/chat-sites\\\/#primaryimage\",\"url\":\"https:\\\/\\\/camtwice.com\\\/wp-content\\\/uploads\\\/2023\\\/12\\\/chatsite.jpeg\",\"contentUrl\":\"https:\\\/\\\/camtwice.com\\\/wp-content\\\/uploads\\\/2023\\\/12\\\/chatsite.jpeg\"},{\"@type\":\"BreadcrumbList\",\"@id\":\"https:\\\/\\\/camtwice.com\\\/chat-sites\\\/#breadcrumb\",\"itemListElement\":[{\"@type\":\"ListItem\",\"position\":1,\"name\":\"Home\",\"item\":\"https:\\\/\\\/camtwice.com\\\/\"},{\"@type\":\"ListItem\",\"position\":2,\"name\":\"Chat Sites\"}]},{\"@type\":\"WebSite\",\"@id\":\"https:\\\/\\\/camtwice.com\\\/#website\",\"url\":\"https:\\\/\\\/camtwice.com\\\/\",\"name\":\"Camtwice\",\"description\":\"Your live webcams for you to chat with cool strangers\",\"publisher\":{\"@id\":\"https:\\\/\\\/camtwice.com\\\/#organization\"},\"potentialAction\":[{\"@type\":\"SearchAction\",\"target\":{\"@type\":\"EntryPoint\",\"urlTemplate\":\"https:\\\/\\\/camtwice.com\\\/?s={search_term_string}\"},\"query-input\":{\"@type\":\"PropertyValueSpecification\",\"valueRequired\":true,\"valueName\":\"search_term_string\"}}],\"inLanguage\":\"es\"},{\"@type\":\"Organization\",\"@id\":\"https:\\\/\\\/camtwice.com\\\/#organization\",\"name\":\"Camtwice\",\"url\":\"https:\\\/\\\/camtwice.com\\\/\",\"logo\":{\"@type\":\"ImageObject\",\"inLanguage\":\"es\",\"@id\":\"https:\\\/\\\/camtwice.com\\\/#\\\/schema\\\/logo\\\/image\\\/\",\"url\":\"https:\\\/\\\/camtwice.com\\\/wp-content\\\/uploads\\\/2023\\\/07\\\/cropped-Cam__1_-removebg-preview-1.png\",\"contentUrl\":\"https:\\\/\\\/camtwice.com\\\/wp-content\\\/uploads\\\/2023\\\/07\\\/cropped-Cam__1_-removebg-preview-1.png\",\"width\":351,\"height\":100,\"caption\":\"Camtwice\"},\"image\":{\"@id\":\"https:\\\/\\\/camtwice.com\\\/#\\\/schema\\\/logo\\\/image\\\/\"}}]}<\/script>\n<!-- \/ Yoast SEO plugin. -->","yoast_head_json":{"title":"Sitios de chat - Camtwice","description":"\u00a1Descubre el din\u00e1mico mundo de Camtwice.com y explora sitios de chat, toma decisiones informadas y emprende un viaje de conexiones geniales!","robots":{"index":"index","follow":"follow","max-snippet":"max-snippet:-1","max-image-preview":"max-image-preview:large","max-video-preview":"max-video-preview:-1"},"canonical":"https:\/\/camtwice.com\/es\/chat-sites\/","og_locale":"es_ES","og_type":"article","og_title":"Chat Sites - Camtwice","og_description":"Discover the dynamic world of Camtwice.com and explore chat sites, make informed choices, and embark on a journey of cool connections!","og_url":"https:\/\/camtwice.com\/es\/chat-sites\/","og_site_name":"Camtwice","article_modified_time":"2024-05-07T09:44:57+00:00","og_image":[{"url":"https:\/\/camtwice.com\/wp-content\/uploads\/2023\/12\/chatsite.jpeg","type":"","width":"","height":""}],"twitter_card":"summary_large_image","twitter_misc":{"Tiempo de lectura":"4 minutos"},"schema":{"@context":"https:\/\/schema.org","@graph":[{"@type":"WebPage","@id":"https:\/\/camtwice.com\/chat-sites\/","url":"https:\/\/camtwice.com\/chat-sites\/","name":"Sitios de chat - Camtwice","isPartOf":{"@id":"https:\/\/camtwice.com\/#website"},"primaryImageOfPage":{"@id":"https:\/\/camtwice.com\/chat-sites\/#primaryimage"},"image":{"@id":"https:\/\/camtwice.com\/chat-sites\/#primaryimage"},"thumbnailUrl":"https:\/\/camtwice.com\/wp-content\/uploads\/2023\/12\/chatsite.jpeg","datePublished":"2023-07-23T21:52:39+00:00","dateModified":"2024-05-07T09:44:57+00:00","description":"\u00a1Descubre el din\u00e1mico mundo de Camtwice.com y explora sitios de chat, toma decisiones informadas y emprende un viaje de conexiones geniales!","breadcrumb":{"@id":"https:\/\/camtwice.com\/chat-sites\/#breadcrumb"},"inLanguage":"es","potentialAction":[{"@type":"ReadAction","target":["https:\/\/camtwice.com\/chat-sites\/"]}]},{"@type":"ImageObject","inLanguage":"es","@id":"https:\/\/camtwice.com\/chat-sites\/#primaryimage","url":"https:\/\/camtwice.com\/wp-content\/uploads\/2023\/12\/chatsite.jpeg","contentUrl":"https:\/\/camtwice.com\/wp-content\/uploads\/2023\/12\/chatsite.jpeg"},{"@type":"BreadcrumbList","@id":"https:\/\/camtwice.com\/chat-sites\/#breadcrumb","itemListElement":[{"@type":"ListItem","position":1,"name":"Home","item":"https:\/\/camtwice.com\/"},{"@type":"ListItem","position":2,"name":"Chat Sites"}]},{"@type":"WebSite","@id":"https:\/\/camtwice.com\/#website","url":"https:\/\/camtwice.com\/","name":"Camtwice","description":"Tus c\u00e1maras web en vivo para que puedas chatear con desconocidos geniales","publisher":{"@id":"https:\/\/camtwice.com\/#organization"},"potentialAction":[{"@type":"SearchAction","target":{"@type":"EntryPoint","urlTemplate":"https:\/\/camtwice.com\/?s={search_term_string}"},"query-input":{"@type":"PropertyValueSpecification","valueRequired":true,"valueName":"search_term_string"}}],"inLanguage":"es"},{"@type":"Organization","@id":"https:\/\/camtwice.com\/#organization","name":"Camtwice","url":"https:\/\/camtwice.com\/","logo":{"@type":"ImageObject","inLanguage":"es","@id":"https:\/\/camtwice.com\/#\/schema\/logo\/image\/","url":"https:\/\/camtwice.com\/wp-content\/uploads\/2023\/07\/cropped-Cam__1_-removebg-preview-1.png","contentUrl":"https:\/\/camtwice.com\/wp-content\/uploads\/2023\/07\/cropped-Cam__1_-removebg-preview-1.png","width":351,"height":100,"caption":"Camtwice"},"image":{"@id":"https:\/\/camtwice.com\/#\/schema\/logo\/image\/"}}]}},"_links":{"self":[{"href":"https:\/\/camtwice.com\/es\/wp-json\/wp\/v2\/pages\/46","targetHints":{"allow":["GET"]}}],"collection":[{"href":"https:\/\/camtwice.com\/es\/wp-json\/wp\/v2\/pages"}],"about":[{"href":"https:\/\/camtwice.com\/es\/wp-json\/wp\/v2\/types\/page"}],"author":[{"embeddable":true,"href":"https:\/\/camtwice.com\/es\/wp-json\/wp\/v2\/users\/1"}],"replies":[{"embeddable":true,"href":"https:\/\/camtwice.com\/es\/wp-json\/wp\/v2\/comments?post=46"}],"version-history":[{"count":4,"href":"https:\/\/camtwice.com\/es\/wp-json\/wp\/v2\/pages\/46\/revisions"}],"predecessor-version":[{"id":2019,"href":"https:\/\/camtwice.com\/es\/wp-json\/wp\/v2\/pages\/46\/revisions\/2019"}],"wp:attachment":[{"href":"https:\/\/camtwice.com\/es\/wp-json\/wp\/v2\/media?parent=46"}],"curies":[{"name":"gracias","href":"https:\/\/api.w.org\/{rel}","templated":true}]}}