{"id":2337,"date":"2025-04-24T22:01:31","date_gmt":"2025-04-24T22:01:31","guid":{"rendered":"https:\/\/camtwice.com\/?page_id=2337"},"modified":"2025-04-24T22:01:33","modified_gmt":"2025-04-24T22:01:33","slug":"contact-us","status":"publish","type":"page","link":"https:\/\/camtwice.com\/fr\/contact-us\/","title":{"rendered":"Contactez-nous"},"content":{"rendered":"<p><\/p>\n\n\n\n<p><strong>Contactez-nous \u2013 Nous aimerions avoir de vos nouvelles !<\/strong><\/p>\n\n\n\n<p>Que vous ayez une question, un commentaire ou que vous souhaitiez simplement nous dire bonjour, notre \u00e9quipe est l\u00e0 pour vous aider. Contactez-nous via l&#039;un des moyens ci-dessous et nous vous r\u00e9pondrons dans les plus brefs d\u00e9lais.<\/p>\n\n\n\n<div class=\"forminator-guttenberg\"><div class=\"forminator-ui forminator-custom-form forminator-custom-form-2336 forminator-design--default  forminator_ajax\" data-forminator-render=\"0\" data-form=\"forminator-module-2336\" data-uid=\"69f0e4f2076f1\"><br\/><\/div><form\n\t\t\t\tid=\"forminator-module-2336\"\n\t\t\t\tclass=\"forminator-ui forminator-custom-form forminator-custom-form-2336 forminator-design--default  forminator_ajax\"\n\t\t\t\tmethod=\"post\"\n\t\t\t\tdata-forminator-render=\"0\"\n\t\t\t\tdata-form-id=\"2336\"\n\t\t\t\t data-color-option=\"theme\" data-design=\"default\" data-grid=\"open\" style=\"display: none;\"\n\t\t\t\tdata-uid=\"69f0e4f2076f1\" action=\"\"\n\t\t\t><div role=\"alert\" aria-live=\"polite\" class=\"forminator-response-message forminator-error\" aria-hidden=\"true\"><\/div><div class=\"forminator-row\"><div id=\"name-1\" class=\"forminator-field-name forminator-col forminator-col-12\"><div class=\"forminator-field\"><label for=\"forminator-field-name-1_69f0e4f2076f1\" id=\"forminator-field-name-1_69f0e4f2076f1-label\" class=\"forminator-label\">Pr\u00e9nom <span class=\"forminator-required\">*<\/span><\/label><input type=\"text\" name=\"name-1\" value=\"\" placeholder=\"Par exemple, John\" id=\"forminator-field-name-1_69f0e4f2076f1\" class=\"forminator-input forminator-name--field\" aria-required=\"true\" autocomplete=\"name\" \/><\/div><\/div><\/div><div class=\"forminator-row\"><div id=\"email-1\" class=\"forminator-field-email forminator-col forminator-col-12\"><div class=\"forminator-field\"><label for=\"forminator-field-email-1_69f0e4f2076f1\" id=\"forminator-field-email-1_69f0e4f2076f1-label\" class=\"forminator-label\">Adresse email <span class=\"forminator-required\">*<\/span><\/label><input type=\"email\" name=\"email-1\" value=\"\" placeholder=\"Par exemple john@doe.com\" id=\"forminator-field-email-1_69f0e4f2076f1\" class=\"forminator-input forminator-email--field\" data-required=\"true\" aria-required=\"true\" autocomplete=\"email\" \/><\/div><\/div><\/div><div class=\"forminator-row\"><div id=\"phone-1\" class=\"forminator-field-phone forminator-col forminator-col-12\"><div class=\"forminator-field\"><label for=\"forminator-field-phone-1_69f0e4f2076f1\" id=\"forminator-field-phone-1_69f0e4f2076f1-label\" class=\"forminator-label\">Num\u00e9ro de t\u00e9l\u00e9phone<\/label><input type=\"text\" name=\"phone-1\" value=\"\" placeholder=\"Par exemple +1 3004005000\" id=\"forminator-field-phone-1_69f0e4f2076f1\" class=\"forminator-input forminator-field--phone\" data-required=\"\" aria-required=\"false\" autocomplete=\"off\" \/><\/div><\/div><\/div><div class=\"forminator-row\"><div id=\"textarea-1\" class=\"forminator-field-textarea forminator-col forminator-col-12\"><div class=\"forminator-field\"><label for=\"forminator-field-textarea-1_69f0e4f2076f1\" id=\"forminator-field-textarea-1_69f0e4f2076f1-label\" class=\"forminator-label\">Message<\/label><span id=\"forminator-field-textarea-1_69f0e4f2076f1-description\" class=\"forminator-description\"><span data-limit=\"180\" data-type=\"characters\" data-editor=\"\">0 \/ 180<\/span><\/span><textarea name=\"textarea-1\" placeholder=\"Entrez votre message...\" id=\"forminator-field-textarea-1_69f0e4f2076f1\" class=\"forminator-textarea\" rows=\"6\" style=\"--forminator-textarea-min-height:140px;\" maxlength=\"180\" ><\/textarea><\/div><\/div><\/div><input type=\"hidden\" name=\"referer_url\" value=\"\" \/><div class=\"forminator-row forminator-row-last\"><div class=\"forminator-col\"><div class=\"forminator-field\"><button class=\"forminator-button forminator-button-submit\">Envoyer un message<\/button><\/div><\/div><\/div><input type=\"hidden\" id=\"forminator_nonce\" name=\"forminator_nonce\" value=\"1076a18818\" \/><input type=\"hidden\" name=\"_wp_http_referer\" value=\"\/fr\/wp-json\/wp\/v2\/pages\/2337\" \/><input type=\"hidden\" name=\"form_id\" value=\"2336\"><input type=\"hidden\" name=\"page_id\" value=\"2337\"><input type=\"hidden\" name=\"form_type\" value=\"default\"><input type=\"hidden\" name=\"current_url\" value=\"https:\/\/camtwice.com\/fr\/contact-us\/\"><input type=\"hidden\" name=\"render_id\" value=\"0\"><input type=\"hidden\" name=\"action\" value=\"forminator_submit_form_custom-forms\"><input type=\"hidden\" name=\"trp-form-language\" value=\"fr\"\/><\/form><\/div>","protected":false},"excerpt":{"rendered":"<p>Contactez-nous\u00a0! Nous serions ravis de vous entendre\u00a0! Que vous ayez une question, un commentaire ou simplement un bonjour, notre \u00e9quipe est l\u00e0 pour vous aider. Contactez-nous par l&#039;un des moyens ci-dessous et nous vous r\u00e9pondrons dans les plus brefs d\u00e9lais.<\/p>","protected":false},"author":1,"featured_media":0,"parent":0,"menu_order":0,"comment_status":"closed","ping_status":"closed","template":"","meta":{"footnotes":""},"class_list":["post-2337","page","type-page","status-publish","hentry"],"yoast_head":"<!-- This site is optimized with the Yoast SEO plugin v27.4 - https:\/\/yoast.com\/product\/yoast-seo-wordpress\/ -->\n<title>Contact Us - Camtwice<\/title>\n<meta name=\"description\" content=\"Need help or have questions? Contact our team via email, phone, or live chat. We\u2019re here to assist you\u2014reach out today!\" \/>\n<meta name=\"robots\" content=\"index, follow, max-snippet:-1, max-image-preview:large, max-video-preview:-1\" \/>\n<link rel=\"canonical\" href=\"https:\/\/camtwice.com\/fr\/contact-us\/\" \/>\n<meta property=\"og:locale\" content=\"fr_FR\" \/>\n<meta property=\"og:type\" content=\"article\" \/>\n<meta property=\"og:title\" content=\"Contact Us - Camtwice\" \/>\n<meta property=\"og:description\" content=\"Need help or have questions? Contact our team via email, phone, or live chat. We\u2019re here to assist you\u2014reach out today!\" \/>\n<meta property=\"og:url\" content=\"https:\/\/camtwice.com\/fr\/contact-us\/\" \/>\n<meta property=\"og:site_name\" content=\"Camtwice\" \/>\n<meta property=\"article:modified_time\" content=\"2025-04-24T22:01:33+00:00\" \/>\n<meta name=\"twitter:card\" content=\"summary_large_image\" \/>\n<meta name=\"twitter:label1\" content=\"Dur\u00e9e de lecture estim\u00e9e\" \/>\n\t<meta name=\"twitter:data1\" content=\"1 minute\" \/>\n<script type=\"application\/ld+json\" class=\"yoast-schema-graph\">{\"@context\":\"https:\\\/\\\/schema.org\",\"@graph\":[{\"@type\":\"WebPage\",\"@id\":\"https:\\\/\\\/camtwice.com\\\/contact-us\\\/\",\"url\":\"https:\\\/\\\/camtwice.com\\\/contact-us\\\/\",\"name\":\"Contact Us - Camtwice\",\"isPartOf\":{\"@id\":\"https:\\\/\\\/camtwice.com\\\/#website\"},\"datePublished\":\"2025-04-24T22:01:31+00:00\",\"dateModified\":\"2025-04-24T22:01:33+00:00\",\"description\":\"Need help or have questions? Contact our team via email, phone, or live chat. We\u2019re here to assist you\u2014reach out today!\",\"breadcrumb\":{\"@id\":\"https:\\\/\\\/camtwice.com\\\/contact-us\\\/#breadcrumb\"},\"inLanguage\":\"fr-FR\",\"potentialAction\":[{\"@type\":\"ReadAction\",\"target\":[\"https:\\\/\\\/camtwice.com\\\/contact-us\\\/\"]}]},{\"@type\":\"BreadcrumbList\",\"@id\":\"https:\\\/\\\/camtwice.com\\\/contact-us\\\/#breadcrumb\",\"itemListElement\":[{\"@type\":\"ListItem\",\"position\":1,\"name\":\"Home\",\"item\":\"https:\\\/\\\/camtwice.com\\\/\"},{\"@type\":\"ListItem\",\"position\":2,\"name\":\"Contact Us\"}]},{\"@type\":\"WebSite\",\"@id\":\"https:\\\/\\\/camtwice.com\\\/#website\",\"url\":\"https:\\\/\\\/camtwice.com\\\/\",\"name\":\"Camtwice\",\"description\":\"Your live webcams for you to chat with cool strangers\",\"publisher\":{\"@id\":\"https:\\\/\\\/camtwice.com\\\/#organization\"},\"potentialAction\":[{\"@type\":\"SearchAction\",\"target\":{\"@type\":\"EntryPoint\",\"urlTemplate\":\"https:\\\/\\\/camtwice.com\\\/?s={search_term_string}\"},\"query-input\":{\"@type\":\"PropertyValueSpecification\",\"valueRequired\":true,\"valueName\":\"search_term_string\"}}],\"inLanguage\":\"fr-FR\"},{\"@type\":\"Organization\",\"@id\":\"https:\\\/\\\/camtwice.com\\\/#organization\",\"name\":\"Camtwice\",\"url\":\"https:\\\/\\\/camtwice.com\\\/\",\"logo\":{\"@type\":\"ImageObject\",\"inLanguage\":\"fr-FR\",\"@id\":\"https:\\\/\\\/camtwice.com\\\/#\\\/schema\\\/logo\\\/image\\\/\",\"url\":\"https:\\\/\\\/camtwice.com\\\/wp-content\\\/uploads\\\/2023\\\/07\\\/cropped-Cam__1_-removebg-preview-1.png\",\"contentUrl\":\"https:\\\/\\\/camtwice.com\\\/wp-content\\\/uploads\\\/2023\\\/07\\\/cropped-Cam__1_-removebg-preview-1.png\",\"width\":351,\"height\":100,\"caption\":\"Camtwice\"},\"image\":{\"@id\":\"https:\\\/\\\/camtwice.com\\\/#\\\/schema\\\/logo\\\/image\\\/\"}}]}<\/script>\n<!-- \/ Yoast SEO plugin. -->","yoast_head_json":{"title":"Contactez-nous - Camtwice","description":"Besoin d&#039;aide ou des questions\u00a0? Contactez notre \u00e9quipe par e-mail, t\u00e9l\u00e9phone ou chat. Nous sommes l\u00e0 pour vous aider\u00a0! Contactez-nous d\u00e8s aujourd&#039;hui\u00a0!","robots":{"index":"index","follow":"follow","max-snippet":"max-snippet:-1","max-image-preview":"max-image-preview:large","max-video-preview":"max-video-preview:-1"},"canonical":"https:\/\/camtwice.com\/fr\/contact-us\/","og_locale":"fr_FR","og_type":"article","og_title":"Contact Us - Camtwice","og_description":"Need help or have questions? Contact our team via email, phone, or live chat. We\u2019re here to assist you\u2014reach out today!","og_url":"https:\/\/camtwice.com\/fr\/contact-us\/","og_site_name":"Camtwice","article_modified_time":"2025-04-24T22:01:33+00:00","twitter_card":"summary_large_image","twitter_misc":{"Dur\u00e9e de lecture estim\u00e9e":"1 minute"},"schema":{"@context":"https:\/\/schema.org","@graph":[{"@type":"WebPage","@id":"https:\/\/camtwice.com\/contact-us\/","url":"https:\/\/camtwice.com\/contact-us\/","name":"Contactez-nous - Camtwice","isPartOf":{"@id":"https:\/\/camtwice.com\/#website"},"datePublished":"2025-04-24T22:01:31+00:00","dateModified":"2025-04-24T22:01:33+00:00","description":"Besoin d&#039;aide ou des questions\u00a0? Contactez notre \u00e9quipe par e-mail, t\u00e9l\u00e9phone ou chat. Nous sommes l\u00e0 pour vous aider\u00a0! Contactez-nous d\u00e8s aujourd&#039;hui\u00a0!","breadcrumb":{"@id":"https:\/\/camtwice.com\/contact-us\/#breadcrumb"},"inLanguage":"fr-FR","potentialAction":[{"@type":"ReadAction","target":["https:\/\/camtwice.com\/contact-us\/"]}]},{"@type":"BreadcrumbList","@id":"https:\/\/camtwice.com\/contact-us\/#breadcrumb","itemListElement":[{"@type":"ListItem","position":1,"name":"Home","item":"https:\/\/camtwice.com\/"},{"@type":"ListItem","position":2,"name":"Contact Us"}]},{"@type":"WebSite","@id":"https:\/\/camtwice.com\/#website","url":"https:\/\/camtwice.com\/","name":"Camtwice","description":"Vos webcams en direct pour discuter avec des inconnus sympas","publisher":{"@id":"https:\/\/camtwice.com\/#organization"},"potentialAction":[{"@type":"SearchAction","target":{"@type":"EntryPoint","urlTemplate":"https:\/\/camtwice.com\/?s={search_term_string}"},"query-input":{"@type":"PropertyValueSpecification","valueRequired":true,"valueName":"search_term_string"}}],"inLanguage":"fr-FR"},{"@type":"Organization","@id":"https:\/\/camtwice.com\/#organization","name":"Camtwice","url":"https:\/\/camtwice.com\/","logo":{"@type":"ImageObject","inLanguage":"fr-FR","@id":"https:\/\/camtwice.com\/#\/schema\/logo\/image\/","url":"https:\/\/camtwice.com\/wp-content\/uploads\/2023\/07\/cropped-Cam__1_-removebg-preview-1.png","contentUrl":"https:\/\/camtwice.com\/wp-content\/uploads\/2023\/07\/cropped-Cam__1_-removebg-preview-1.png","width":351,"height":100,"caption":"Camtwice"},"image":{"@id":"https:\/\/camtwice.com\/#\/schema\/logo\/image\/"}}]}},"_links":{"self":[{"href":"https:\/\/camtwice.com\/fr\/wp-json\/wp\/v2\/pages\/2337","targetHints":{"allow":["GET"]}}],"collection":[{"href":"https:\/\/camtwice.com\/fr\/wp-json\/wp\/v2\/pages"}],"about":[{"href":"https:\/\/camtwice.com\/fr\/wp-json\/wp\/v2\/types\/page"}],"author":[{"embeddable":true,"href":"https:\/\/camtwice.com\/fr\/wp-json\/wp\/v2\/users\/1"}],"replies":[{"embeddable":true,"href":"https:\/\/camtwice.com\/fr\/wp-json\/wp\/v2\/comments?post=2337"}],"version-history":[{"count":1,"href":"https:\/\/camtwice.com\/fr\/wp-json\/wp\/v2\/pages\/2337\/revisions"}],"predecessor-version":[{"id":2338,"href":"https:\/\/camtwice.com\/fr\/wp-json\/wp\/v2\/pages\/2337\/revisions\/2338"}],"wp:attachment":[{"href":"https:\/\/camtwice.com\/fr\/wp-json\/wp\/v2\/media?parent=2337"}],"curies":[{"name":"wp","href":"https:\/\/api.w.org\/{rel}","templated":true}]}}