{"id":40,"date":"2023-07-23T21:52:38","date_gmt":"2023-07-23T21:52:38","guid":{"rendered":"https:\/\/camtwice.com\/?page_id=40"},"modified":"2024-04-30T09:07:44","modified_gmt":"2024-04-30T09:07:44","slug":"one-on-one-chats","status":"publish","type":"page","link":"https:\/\/camtwice.com\/fr\/one-on-one-chats\/","title":{"rendered":"Discussions individuelles"},"content":{"rendered":"<h2 class=\"wp-block-heading has-text-align-center\"><strong>Discussions individuelles !<\/strong><\/h2>\n\n\n\n<p>Dans le monde tr\u00e9pidant d&#039;aujourd&#039;hui, les liens significatifs peuvent \u00eatre difficiles \u00e0 \u00e9tablir. Si les r\u00e9seaux sociaux offrent une plateforme d&#039;interaction plus large, nous recherchons parfois l&#039;intimit\u00e9 et la profondeur d&#039;une conversation en t\u00eate-\u00e0-t\u00eate. Entrez dans le monde du t\u00eate-\u00e0-t\u00eate. <a href=\"https:\/\/camtwice.com\/fr\/livetolives\/\">webcams<\/a> et des sites de chat, o\u00f9 le contact visuel, les sourires partag\u00e9s et les conversations authentiques occupent une place centrale.<\/p>\n\n\n\n<div class=\"wp-block-group\"><div class=\"wp-block-group__inner-container is-layout-constrained wp-block-group-is-layout-constrained\">\n<div class=\"wp-block-columns is-layout-flex wp-container-core-columns-is-layout-9d6595d7 wp-block-columns-is-layout-flex\">\n<div class=\"wp-block-column is-layout-flow wp-block-column-is-layout-flow\" style=\"flex-basis:100%\">\n<div class=\"wp-block-group\"><div class=\"wp-block-group__inner-container is-layout-constrained wp-block-group-is-layout-constrained\">\n<div class=\"wp-block-button\"><a class=\"wp-block-button__link has-mercury-white-color has-text-color has-background wp-element-button\" href=\"#\" style=\"background:linear-gradient(135deg,rgb(70,184,255) 0%,rgb(99,109,255) 100%)\">Commencez \u00e0 discuter en t\u00eate-\u00e0-t\u00eate<\/a><\/div>\n<\/div><\/div>\n<\/div>\n<\/div>\n<\/div><\/div>\n\n\n<div class=\"wp-block-image\">\n<figure class=\"alignleft size-full is-resized\"><img decoding=\"async\" width=\"158\" height=\"180\" src=\"https:\/\/camtwice.com\/wp-content\/uploads\/2024\/01\/one-on-one-chat.jpeg\" alt=\"\" class=\"wp-image-814\" style=\"width:169px;height:auto\" srcset=\"https:\/\/camtwice.com\/wp-content\/uploads\/2024\/01\/one-on-one-chat.jpeg 158w, https:\/\/camtwice.com\/wp-content\/uploads\/2024\/01\/one-on-one-chat-11x12.jpeg 11w, https:\/\/camtwice.com\/wp-content\/uploads\/2024\/01\/one-on-one-chat-35x40.jpeg 35w, https:\/\/camtwice.com\/wp-content\/uploads\/2024\/01\/one-on-one-chat-28x32.jpeg 28w, https:\/\/camtwice.com\/wp-content\/uploads\/2024\/01\/one-on-one-chat-70x80.jpeg 70w, https:\/\/camtwice.com\/wp-content\/uploads\/2024\/01\/one-on-one-chat-119x135.jpeg 119w\" sizes=\"(max-width: 158px) 100vw, 158px\" \/><\/figure>\n<\/div>\n\n\n<p><strong><mark style=\"background-color:rgba(0, 0, 0, 0)\" class=\"has-inline-color has-mercury-gray-color\">L&#039;attrait du t\u00eate-\u00e0-t\u00eate <a href=\"https:\/\/camtwice.com\/fr\/comeet\/\">Webcam<\/a> Bavardage:<\/mark><\/strong><\/p>\n\n\n\n<ul class=\"wp-block-list\">\n<li><strong><mark style=\"background-color:rgba(0, 0, 0, 0)\" class=\"has-inline-color has-mercury-main-color\">Connexions plus profondes :<\/mark><\/strong> Les conversations par webcam vous permettent d&#039;\u00e9tablir des liens plus profonds avec les autres que la communication textuelle. Les signaux non verbaux, comme les expressions faciales et le langage corporel, ajoutent une nuance et une compr\u00e9hension qui transcendent les mots.<\/li>\n\n\n\n<li><strong><mark style=\"background-color:rgba(0, 0, 0, 0)\" class=\"has-inline-color has-mercury-main-color\">Exp\u00e9rience personnalis\u00e9e :<\/mark><\/strong> Contrairement aux discussions de groupe, les interactions individuelles offrent une exp\u00e9rience plus cibl\u00e9e et personnalis\u00e9e. Vous pouvez adapter la conversation \u00e0 vos centres d&#039;int\u00e9r\u00eat et \u00e9tablir une v\u00e9ritable relation avec votre interlocuteur.<\/li>\n\n\n\n<li><strong><mark style=\"background-color:rgba(0, 0, 0, 0)\" class=\"has-inline-color has-mercury-main-color\">Briser les fronti\u00e8res :<\/mark><\/strong> Les conversations par webcam transcendent les fronti\u00e8res g\u00e9ographiques. Vous pouvez entrer en contact avec des personnes du monde entier, \u00e9largir vos horizons et favoriser les \u00e9changes culturels.<\/li>\n\n\n\n<li><strong><mark style=\"background-color:rgba(0, 0, 0, 0)\" class=\"has-inline-color has-mercury-main-color\">Renforcer la confiance :<\/mark><\/strong> Pour les personnes timides, les conversations par webcam peuvent \u00eatre un tremplin vers la confiance en soi dans les interactions sociales. L&#039;anonymat et le confort de votre propre espace peuvent apaiser l&#039;anxi\u00e9t\u00e9 et vous permettre de vous exprimer plus librement.<\/li>\n<\/ul>\n\n\n\n<p><strong><mark style=\"background-color:rgba(0, 0, 0, 0)\" class=\"has-inline-color has-mercury-gray-color\">Choisir la bonne plateforme :<\/mark><\/strong><\/p>\n\n\n\n<p>Avec la multitude de sites et d&#039;applications de chat par webcam disponibles, s&#039;y retrouver peut s&#039;av\u00e9rer complexe. Voici quelques facteurs \u00e0 prendre en compte pour choisir la plateforme id\u00e9ale pour des conversations individuelles\u00a0:<\/p>\n\n\n\n<ul class=\"wp-block-list\">\n<li><strong><mark style=\"background-color:rgba(0, 0, 0, 0)\" class=\"has-inline-color has-mercury-main-color\">Objectif et public :<\/mark><\/strong> Certaines plateformes s&#039;adressent \u00e0 des centres d&#039;int\u00e9r\u00eat sp\u00e9cifiques, comme l&#039;apprentissage des langues, les jeux vid\u00e9o ou les activit\u00e9s cr\u00e9atives. Choisissez une plateforme qui correspond \u00e0 vos centres d&#039;int\u00e9r\u00eat et \u00e0 vos objectifs pour communiquer avec les autres.<\/li>\n\n\n\n<li><strong><mark style=\"background-color:rgba(0, 0, 0, 0)\" class=\"has-inline-color has-mercury-main-color\">Confidentialit\u00e9 et s\u00e9curit\u00e9 :<\/mark><\/strong> Privil\u00e9giez les plateformes dot\u00e9es de fonctionnalit\u00e9s de s\u00e9curit\u00e9 robustes et de politiques de confidentialit\u00e9 claires. Assurez-vous que vos informations personnelles et vos interactions restent prot\u00e9g\u00e9es.<\/li>\n\n\n\n<li><strong><mark style=\"background-color:rgba(0, 0, 0, 0)\" class=\"has-inline-color has-mercury-main-color\">Facilit\u00e9 d&#039;utilisation :<\/mark><\/strong> La plateforme doit \u00eatre conviviale et intuitive, avec une interface transparente pour les appels vid\u00e9o et la communication.<\/li>\n\n\n\n<li><mark style=\"background-color:rgba(0, 0, 0, 0)\" class=\"has-inline-color has-mercury-main-color\"><strong>Caract\u00e9ristiques et fonctionnalit\u00e9s :<\/strong> <\/mark>Envisagez des fonctionnalit\u00e9s suppl\u00e9mentaires telles que des filtres vid\u00e9o, le partage d\u2019\u00e9cran et des capacit\u00e9s d\u2019enregistrement qui pourraient am\u00e9liorer votre exp\u00e9rience de chat.<\/li>\n<\/ul>\n\n\n\n<p><strong><mark style=\"background-color:rgba(0, 0, 0, 0)\" class=\"has-inline-color has-mercury-gray-color\">Meilleures plateformes pour discuter en t\u00eate-\u00e0-t\u00eate par webcam\u00a0:<\/mark><\/strong><\/p>\n\n\n\n<p>Voici quelques plateformes populaires connues pour leur excellente relation individuelle <a href=\"https:\/\/camtwice.com\/fr\/callmechat\/\">chat vid\u00e9o<\/a> caract\u00e9ristiques:<\/p>\n\n\n\n<ul class=\"wp-block-list\">\n<li><strong><mark style=\"background-color:rgba(0, 0, 0, 0)\" class=\"has-inline-color has-mercury-main-color\">Zoom:<\/mark><\/strong> Nom connu pour la visioconf\u00e9rence, Zoom propose un forfait gratuit avec des appels vid\u00e9o individuels et une qualit\u00e9 audio claire.<\/li>\n\n\n\n<li><strong><mark style=\"background-color:rgba(0, 0, 0, 0)\" class=\"has-inline-color has-mercury-main-color\">Skype :<\/mark><\/strong> Une vid\u00e9o classique <a href=\"https:\/\/camtwice.com\/fr\/cherry-tv\/\">plateforme de chat<\/a>Skype dispose d&#039;une interface conviviale et d&#039;appels vid\u00e9o fiables, ce qui en fait un bon choix pour les conversations informelles.<\/li>\n\n\n\n<li><strong><mark style=\"background-color:rgba(0, 0, 0, 0)\" class=\"has-inline-color has-mercury-main-color\">Discorde<\/mark>:<\/strong> Populaire parmi les joueurs, Discord offre d&#039;excellentes fonctionnalit\u00e9s de chat vocal et vid\u00e9o, ainsi que des serveurs de messagerie texte et communautaires.<\/li>\n\n\n\n<li><strong><mark style=\"background-color:rgba(0, 0, 0, 0)\" class=\"has-inline-color has-mercury-main-color\"><a href=\"https:\/\/camtwice.com\/fr\/omegle-review\/\">Omegle<\/a>:<\/mark><\/strong> Omegle, plateforme de chat vid\u00e9o al\u00e9atoire, vous permet d&#039;entrer en contact avec des inconnus du monde entier. Soyez toutefois prudent et conscient des risques potentiels.<\/li>\n\n\n\n<li><strong><mark style=\"background-color:rgba(0, 0, 0, 0)\" class=\"has-inline-color has-mercury-main-color\">Camfrog :<\/mark><\/strong> Plateforme sp\u00e9cialement con\u00e7ue pour le chat par webcam, Camfrog propose une vari\u00e9t\u00e9 de fonctionnalit\u00e9s telles que des salles priv\u00e9es, des chats de groupe et des cadeaux virtuels.<br><\/li>\n<\/ul>\n\n\n\n<div class=\"wp-block-button\"><a class=\"wp-block-button__link has-mercury-white-color has-text-color has-background wp-element-button\" href=\"#\" style=\"background:linear-gradient(135deg,rgb(70,184,255) 0%,rgb(99,109,255) 100%)\">Commencez \u00e0 discuter en t\u00eate-\u00e0-t\u00eate<\/a><\/div>\n\n\n\n<p><strong><mark style=\"background-color:rgba(0, 0, 0, 0)\" class=\"has-inline-color has-mercury-gray-color\">Souviens-toi:<\/mark><\/strong><\/p>\n\n\n\n<p>Si les conversations par webcam offrent un moyen unique et stimulant d&#039;interagir avec les autres, il est important de privil\u00e9gier la s\u00e9curit\u00e9 et un comportement responsable en ligne. Soyez attentif aux personnes avec lesquelles vous partagez vos informations personnelles et signalez toute activit\u00e9 ou tout comportement suspect qui vous met en danger.<\/p>\n\n\n\n<p>Avec la plateforme et l&#039;approche appropri\u00e9es, les conversations en t\u00eate-\u00e0-t\u00eate par webcam peuvent \u00eatre une exp\u00e9rience enrichissante et enrichissante. Alors, sortez de votre zone de confort, profitez du pouvoir du contact direct et d\u00e9couvrez le monde des conversations enrichissantes qui vous attend au-del\u00e0 de l&#039;\u00e9cran.<\/p>\n\n\n\n<p><strong><em><mark style=\"background-color:rgba(0, 0, 0, 0)\" class=\"has-inline-color has-mercury-gray-color\">Bonne discussion !<\/mark><\/em><\/strong><\/p>","protected":false},"excerpt":{"rendered":"<p>One-on-One Chats! Today&#8217;s fast-paced world, meaningful connections can be hard to come by. While social media offers a platform for broader interaction, sometimes we crave the intimacy and depth of a one-on-one conversation. Enter the world of one-on-one webcams and chat sites, where eye contact, shared smiles, and genuine conversation take center stage. Start Chatting [&hellip;]<\/p>\n","protected":false},"author":1,"featured_media":0,"parent":0,"menu_order":0,"comment_status":"closed","ping_status":"closed","template":"","meta":{"footnotes":""},"class_list":["post-40","page","type-page","status-publish","hentry"],"yoast_head":"<!-- This site is optimized with the Yoast SEO plugin v27.5 - https:\/\/yoast.com\/product\/yoast-seo-wordpress\/ -->\n<title>One-on-One Chats - Camtwice<\/title>\n<meta name=\"description\" content=\"Dive into the best sites with random 1-on-1 video chat that provides a unique video chat experience. Talk to strangers 1 on 1 today!\" \/>\n<meta name=\"robots\" content=\"index, follow, max-snippet:-1, max-image-preview:large, max-video-preview:-1\" \/>\n<link rel=\"canonical\" href=\"https:\/\/camtwice.com\/fr\/one-on-one-chats\/\" \/>\n<meta property=\"og:locale\" content=\"fr_FR\" \/>\n<meta property=\"og:type\" content=\"article\" \/>\n<meta property=\"og:title\" content=\"One-on-One Chats - Camtwice\" \/>\n<meta property=\"og:description\" content=\"Dive into the best sites with random 1-on-1 video chat that provides a unique video chat experience. Talk to strangers 1 on 1 today!\" \/>\n<meta property=\"og:url\" content=\"https:\/\/camtwice.com\/fr\/one-on-one-chats\/\" \/>\n<meta property=\"og:site_name\" content=\"Camtwice\" \/>\n<meta property=\"article:modified_time\" content=\"2024-04-30T09:07:44+00:00\" \/>\n<meta property=\"og:image\" content=\"https:\/\/camtwice.com\/wp-content\/uploads\/2024\/01\/one-on-one-chat.jpeg\" \/>\n<meta name=\"twitter:card\" content=\"summary_large_image\" \/>\n<meta name=\"twitter:label1\" content=\"Dur\u00e9e de lecture estim\u00e9e\" \/>\n\t<meta name=\"twitter:data1\" content=\"3 minutes\" \/>\n<script type=\"application\/ld+json\" class=\"yoast-schema-graph\">{\"@context\":\"https:\\\/\\\/schema.org\",\"@graph\":[{\"@type\":\"WebPage\",\"@id\":\"https:\\\/\\\/camtwice.com\\\/one-on-one-chats\\\/\",\"url\":\"https:\\\/\\\/camtwice.com\\\/one-on-one-chats\\\/\",\"name\":\"One-on-One Chats - Camtwice\",\"isPartOf\":{\"@id\":\"https:\\\/\\\/camtwice.com\\\/#website\"},\"primaryImageOfPage\":{\"@id\":\"https:\\\/\\\/camtwice.com\\\/one-on-one-chats\\\/#primaryimage\"},\"image\":{\"@id\":\"https:\\\/\\\/camtwice.com\\\/one-on-one-chats\\\/#primaryimage\"},\"thumbnailUrl\":\"https:\\\/\\\/camtwice.com\\\/wp-content\\\/uploads\\\/2024\\\/01\\\/one-on-one-chat.jpeg\",\"datePublished\":\"2023-07-23T21:52:38+00:00\",\"dateModified\":\"2024-04-30T09:07:44+00:00\",\"description\":\"Dive into the best sites with random 1-on-1 video chat that provides a unique video chat experience. Talk to strangers 1 on 1 today!\",\"breadcrumb\":{\"@id\":\"https:\\\/\\\/camtwice.com\\\/one-on-one-chats\\\/#breadcrumb\"},\"inLanguage\":\"fr-FR\",\"potentialAction\":[{\"@type\":\"ReadAction\",\"target\":[\"https:\\\/\\\/camtwice.com\\\/one-on-one-chats\\\/\"]}]},{\"@type\":\"ImageObject\",\"inLanguage\":\"fr-FR\",\"@id\":\"https:\\\/\\\/camtwice.com\\\/one-on-one-chats\\\/#primaryimage\",\"url\":\"https:\\\/\\\/camtwice.com\\\/wp-content\\\/uploads\\\/2024\\\/01\\\/one-on-one-chat.jpeg\",\"contentUrl\":\"https:\\\/\\\/camtwice.com\\\/wp-content\\\/uploads\\\/2024\\\/01\\\/one-on-one-chat.jpeg\"},{\"@type\":\"BreadcrumbList\",\"@id\":\"https:\\\/\\\/camtwice.com\\\/one-on-one-chats\\\/#breadcrumb\",\"itemListElement\":[{\"@type\":\"ListItem\",\"position\":1,\"name\":\"Home\",\"item\":\"https:\\\/\\\/camtwice.com\\\/\"},{\"@type\":\"ListItem\",\"position\":2,\"name\":\"One-on-One Chats\"}]},{\"@type\":\"WebSite\",\"@id\":\"https:\\\/\\\/camtwice.com\\\/#website\",\"url\":\"https:\\\/\\\/camtwice.com\\\/\",\"name\":\"Camtwice\",\"description\":\"Your live webcams for you to chat with cool strangers\",\"publisher\":{\"@id\":\"https:\\\/\\\/camtwice.com\\\/#organization\"},\"potentialAction\":[{\"@type\":\"SearchAction\",\"target\":{\"@type\":\"EntryPoint\",\"urlTemplate\":\"https:\\\/\\\/camtwice.com\\\/?s={search_term_string}\"},\"query-input\":{\"@type\":\"PropertyValueSpecification\",\"valueRequired\":true,\"valueName\":\"search_term_string\"}}],\"inLanguage\":\"fr-FR\"},{\"@type\":\"Organization\",\"@id\":\"https:\\\/\\\/camtwice.com\\\/#organization\",\"name\":\"Camtwice\",\"url\":\"https:\\\/\\\/camtwice.com\\\/\",\"logo\":{\"@type\":\"ImageObject\",\"inLanguage\":\"fr-FR\",\"@id\":\"https:\\\/\\\/camtwice.com\\\/#\\\/schema\\\/logo\\\/image\\\/\",\"url\":\"https:\\\/\\\/camtwice.com\\\/wp-content\\\/uploads\\\/2023\\\/07\\\/cropped-Cam__1_-removebg-preview-1.png\",\"contentUrl\":\"https:\\\/\\\/camtwice.com\\\/wp-content\\\/uploads\\\/2023\\\/07\\\/cropped-Cam__1_-removebg-preview-1.png\",\"width\":351,\"height\":100,\"caption\":\"Camtwice\"},\"image\":{\"@id\":\"https:\\\/\\\/camtwice.com\\\/#\\\/schema\\\/logo\\\/image\\\/\"}}]}<\/script>\n<!-- \/ Yoast SEO plugin. -->","yoast_head_json":{"title":"Chats individuels - Camtwice","description":"D\u00e9couvrez les meilleurs sites de chat vid\u00e9o al\u00e9atoire en t\u00eate-\u00e0-t\u00eate pour une exp\u00e9rience unique. Discutez en t\u00eate-\u00e0-t\u00eate avec des inconnus d\u00e8s aujourd&#039;hui\u00a0!","robots":{"index":"index","follow":"follow","max-snippet":"max-snippet:-1","max-image-preview":"max-image-preview:large","max-video-preview":"max-video-preview:-1"},"canonical":"https:\/\/camtwice.com\/fr\/one-on-one-chats\/","og_locale":"fr_FR","og_type":"article","og_title":"One-on-One Chats - Camtwice","og_description":"Dive into the best sites with random 1-on-1 video chat that provides a unique video chat experience. Talk to strangers 1 on 1 today!","og_url":"https:\/\/camtwice.com\/fr\/one-on-one-chats\/","og_site_name":"Camtwice","article_modified_time":"2024-04-30T09:07:44+00:00","og_image":[{"url":"https:\/\/camtwice.com\/wp-content\/uploads\/2024\/01\/one-on-one-chat.jpeg","type":"","width":"","height":""}],"twitter_card":"summary_large_image","twitter_misc":{"Dur\u00e9e de lecture estim\u00e9e":"3 minutes"},"schema":{"@context":"https:\/\/schema.org","@graph":[{"@type":"WebPage","@id":"https:\/\/camtwice.com\/one-on-one-chats\/","url":"https:\/\/camtwice.com\/one-on-one-chats\/","name":"Chats individuels - Camtwice","isPartOf":{"@id":"https:\/\/camtwice.com\/#website"},"primaryImageOfPage":{"@id":"https:\/\/camtwice.com\/one-on-one-chats\/#primaryimage"},"image":{"@id":"https:\/\/camtwice.com\/one-on-one-chats\/#primaryimage"},"thumbnailUrl":"https:\/\/camtwice.com\/wp-content\/uploads\/2024\/01\/one-on-one-chat.jpeg","datePublished":"2023-07-23T21:52:38+00:00","dateModified":"2024-04-30T09:07:44+00:00","description":"D\u00e9couvrez les meilleurs sites de chat vid\u00e9o al\u00e9atoire en t\u00eate-\u00e0-t\u00eate pour une exp\u00e9rience unique. Discutez en t\u00eate-\u00e0-t\u00eate avec des inconnus d\u00e8s aujourd&#039;hui\u00a0!","breadcrumb":{"@id":"https:\/\/camtwice.com\/one-on-one-chats\/#breadcrumb"},"inLanguage":"fr-FR","potentialAction":[{"@type":"ReadAction","target":["https:\/\/camtwice.com\/one-on-one-chats\/"]}]},{"@type":"ImageObject","inLanguage":"fr-FR","@id":"https:\/\/camtwice.com\/one-on-one-chats\/#primaryimage","url":"https:\/\/camtwice.com\/wp-content\/uploads\/2024\/01\/one-on-one-chat.jpeg","contentUrl":"https:\/\/camtwice.com\/wp-content\/uploads\/2024\/01\/one-on-one-chat.jpeg"},{"@type":"BreadcrumbList","@id":"https:\/\/camtwice.com\/one-on-one-chats\/#breadcrumb","itemListElement":[{"@type":"ListItem","position":1,"name":"Home","item":"https:\/\/camtwice.com\/"},{"@type":"ListItem","position":2,"name":"One-on-One Chats"}]},{"@type":"WebSite","@id":"https:\/\/camtwice.com\/#website","url":"https:\/\/camtwice.com\/","name":"Camtwice","description":"Vos webcams en direct pour discuter avec des inconnus sympas","publisher":{"@id":"https:\/\/camtwice.com\/#organization"},"potentialAction":[{"@type":"SearchAction","target":{"@type":"EntryPoint","urlTemplate":"https:\/\/camtwice.com\/?s={search_term_string}"},"query-input":{"@type":"PropertyValueSpecification","valueRequired":true,"valueName":"search_term_string"}}],"inLanguage":"fr-FR"},{"@type":"Organization","@id":"https:\/\/camtwice.com\/#organization","name":"Camtwice","url":"https:\/\/camtwice.com\/","logo":{"@type":"ImageObject","inLanguage":"fr-FR","@id":"https:\/\/camtwice.com\/#\/schema\/logo\/image\/","url":"https:\/\/camtwice.com\/wp-content\/uploads\/2023\/07\/cropped-Cam__1_-removebg-preview-1.png","contentUrl":"https:\/\/camtwice.com\/wp-content\/uploads\/2023\/07\/cropped-Cam__1_-removebg-preview-1.png","width":351,"height":100,"caption":"Camtwice"},"image":{"@id":"https:\/\/camtwice.com\/#\/schema\/logo\/image\/"}}]}},"_links":{"self":[{"href":"https:\/\/camtwice.com\/fr\/wp-json\/wp\/v2\/pages\/40","targetHints":{"allow":["GET"]}}],"collection":[{"href":"https:\/\/camtwice.com\/fr\/wp-json\/wp\/v2\/pages"}],"about":[{"href":"https:\/\/camtwice.com\/fr\/wp-json\/wp\/v2\/types\/page"}],"author":[{"embeddable":true,"href":"https:\/\/camtwice.com\/fr\/wp-json\/wp\/v2\/users\/1"}],"replies":[{"embeddable":true,"href":"https:\/\/camtwice.com\/fr\/wp-json\/wp\/v2\/comments?post=40"}],"version-history":[{"count":5,"href":"https:\/\/camtwice.com\/fr\/wp-json\/wp\/v2\/pages\/40\/revisions"}],"predecessor-version":[{"id":2009,"href":"https:\/\/camtwice.com\/fr\/wp-json\/wp\/v2\/pages\/40\/revisions\/2009"}],"wp:attachment":[{"href":"https:\/\/camtwice.com\/fr\/wp-json\/wp\/v2\/media?parent=40"}],"curies":[{"name":"wp","href":"https:\/\/api.w.org\/{rel}","templated":true}]}}