{"id":42,"date":"2023-07-23T21:52:38","date_gmt":"2023-07-23T21:52:38","guid":{"rendered":"https:\/\/camtwice.com\/?page_id=42"},"modified":"2024-04-30T09:06:43","modified_gmt":"2024-04-30T09:06:43","slug":"video-chat-with-girls","status":"publish","type":"page","link":"https:\/\/camtwice.com\/fr\/video-chat-with-girls\/","title":{"rendered":"Chat vid\u00e9o avec des filles"},"content":{"rendered":"<h2 class=\"wp-block-heading\"><strong>Quelles sont les meilleures webcams sur lesquelles je peux aller pour discuter avec des filles au hasard qui aiment le chat vid\u00e9o ?<\/strong><\/h2>\n\n\n<div class=\"wp-block-image\">\n<figure class=\"alignright size-full\"><img fetchpriority=\"high\" decoding=\"async\" width=\"474\" height=\"334\" src=\"https:\/\/camtwice.com\/wp-content\/uploads\/2024\/01\/VCG.jpeg\" alt=\"\" class=\"wp-image-818\" srcset=\"https:\/\/camtwice.com\/wp-content\/uploads\/2024\/01\/VCG.jpeg 474w, https:\/\/camtwice.com\/wp-content\/uploads\/2024\/01\/VCG-300x211.jpeg 300w, https:\/\/camtwice.com\/wp-content\/uploads\/2024\/01\/VCG-18x12.jpeg 18w, https:\/\/camtwice.com\/wp-content\/uploads\/2024\/01\/VCG-57x40.jpeg 57w, https:\/\/camtwice.com\/wp-content\/uploads\/2024\/01\/VCG-450x317.jpeg 450w, https:\/\/camtwice.com\/wp-content\/uploads\/2024\/01\/VCG-45x32.jpeg 45w, https:\/\/camtwice.com\/wp-content\/uploads\/2024\/01\/VCG-114x80.jpeg 114w, https:\/\/camtwice.com\/wp-content\/uploads\/2024\/01\/VCG-192x135.jpeg 192w\" sizes=\"(max-width: 474px) 100vw, 474px\" \/><\/figure>\n<\/div>\n\n\n<h3 class=\"wp-block-heading\"><strong><mark style=\"background-color:rgba(0, 0, 0, 0)\" class=\"has-inline-color has-mercury-gray-color\">Top 10 des sites de chat vid\u00e9o al\u00e9atoires\u00a0:<\/mark><\/strong><\/h3>\n\n\n\n<ol class=\"wp-block-list\">\n<li><strong><mark style=\"background-color:rgba(0, 0, 0, 0)\" class=\"has-inline-color has-mercury-main-color\"><a href=\"https:\/\/camtwice.com\/fr\/omegle-review\/\">Omegle<\/a>:<\/mark><\/strong> L&#039;OG du al\u00e9atoire <a href=\"https:\/\/camtwice.com\/fr\/callmechat\/\">chat vid\u00e9o<\/a>Omegle se distingue par sa simplicit\u00e9. En un seul clic, vous \u00eates mis en relation avec un inconnu pour une conversation en face \u00e0 face. Son interface minimaliste met l&#039;accent sur la connexion, mais pr\u00e9parez-vous \u00e0 des exp\u00e9riences vari\u00e9es.<br><\/li>\n\n\n\n<li><strong><mark style=\"background-color:rgba(0, 0, 0, 0)\" class=\"has-inline-color has-mercury-main-color\"><a href=\"https:\/\/camtwice.com\/fr\/roulette-chat\/\">Chatroulette<\/a>:<\/mark><\/strong> Autre classique, Chatroulette propose une version roulette du chat vid\u00e9o al\u00e9atoire. Cliquez sur le bouton \u00ab\u00a0D\u00e9marrer\u00a0\u00bb et le destin vous propulse dans une conversation avec une personne myst\u00e9rieuse. Son interface simple, inspir\u00e9e de celle d&#039;Omegle, la rend famili\u00e8re et facile \u00e0 utiliser.<br><\/li>\n\n\n\n<li><strong><mark style=\"background-color:rgba(0, 0, 0, 0)\" class=\"has-inline-color has-mercury-main-color\">Singe:<\/mark><\/strong> Destin\u00e9 \u00e0 un public plus jeune, Monkey propose une approche ludique et ludique du chat vid\u00e9o al\u00e9atoire. Balayez vers la gauche ou la droite pour entrer en contact avec des inconnus, cumuler des points et d\u00e9bloquer des badges. Son interface dynamique et ses fonctionnalit\u00e9s interactives s&#039;adressent \u00e0 la g\u00e9n\u00e9ration Z.<br><\/li>\n\n\n\n<li><strong><mark style=\"background-color:rgba(0, 0, 0, 0)\" class=\"has-inline-color has-mercury-main-color\">Azar :<\/mark><\/strong> Vous recherchez un m\u00e9lange de chat vid\u00e9o et de rencontres\u00a0? Azar s&#039;adresse \u00e0 ceux qui recherchent des relations amoureuses, en vous permettant de parcourir les profils et de discuter en vid\u00e9o avec des partenaires potentiels. Son interface \u00e9l\u00e9gante et sa base d&#039;utilisateurs bien organis\u00e9e en font un choix populaire aupr\u00e8s des personnes en qu\u00eate d&#039;amour.<br><\/li>\n\n\n\n<li><strong><mark style=\"background-color:rgba(0, 0, 0, 0)\" class=\"has-inline-color has-mercury-main-color\"><a href=\"https:\/\/camtwice.com\/fr\/chatrandom\/\">ChatRandom<\/a>:<\/mark><\/strong> Vous recherchez un groupe diversifi\u00e9 d&#039;inconnus avec qui \u00e9changer\u00a0? ChatRandom privil\u00e9gie les connexions internationales et vous met en relation avec des utilisateurs de diff\u00e9rents pays. Son interface intuitive vous permet de filtrer par langue et par sexe, selon vos pr\u00e9f\u00e9rences.<br><\/li>\n\n\n\n<li><strong><mark style=\"background-color:rgba(0, 0, 0, 0)\" class=\"has-inline-color has-mercury-main-color\">EmeraldChat :<\/mark><\/strong> Privil\u00e9giant la s\u00e9curit\u00e9 et l&#039;anonymat des utilisateurs, EmeraldChat utilise une mod\u00e9ration par IA et vous permet de vous connecter anonymement. Son interface \u00e9pur\u00e9e et ses fonctionnalit\u00e9s intuitives en font un choix judicieux pour les utilisateurs soucieux de leur vie priv\u00e9e.<br><\/li>\n\n\n\n<li><strong><mark style=\"background-color:rgba(0, 0, 0, 0)\" class=\"has-inline-color has-mercury-main-color\">HOLLA:<\/mark><\/strong> Envie d&#039;une exp\u00e9rience de chat vid\u00e9o amusante et captivante\u00a0? HOLLA propose des jeux interactifs et des filtres pour animer vos conversations. Son interface color\u00e9e et ses fonctionnalit\u00e9s ludiques plairont \u00e0 ceux qui recherchent des rencontres d\u00e9contract\u00e9es.<br><\/li>\n\n\n\n<li><strong><mark style=\"background-color:rgba(0, 0, 0, 0)\" class=\"has-inline-color has-mercury-main-color\">JusTalk :<\/mark><\/strong> Vous recherchez une exp\u00e9rience de chat vid\u00e9o de haute qualit\u00e9 et simple\u00a0? JusTalk offre des appels vid\u00e9o d&#039;une clart\u00e9 exceptionnelle et une interface simplifi\u00e9e. Son approche ax\u00e9e sur la simplicit\u00e9 en fait un outil id\u00e9al pour des connexions fluides.<br><\/li>\n\n\n\n<li><strong><mark style=\"background-color:rgba(0, 0, 0, 0)\" class=\"has-inline-color has-mercury-main-color\">Yubo :<\/mark><\/strong> Destin\u00e9 aux utilisateurs de la g\u00e9n\u00e9ration Z, Yubo propose une diffusion en direct et des vid\u00e9os <a href=\"https:\/\/camtwice.com\/fr\/cherry-tv\/\">plateforme de chat<\/a> Avec un fort accent sur le d\u00e9veloppement communautaire, ses fonctionnalit\u00e9s interactives et son aspect social en font un choix populaire aupr\u00e8s des jeunes adultes.<br><\/li>\n\n\n\n<li><strong><mark style=\"background-color:rgba(0, 0, 0, 0)\" class=\"has-inline-color has-mercury-main-color\">ChatRad<\/mark>:<\/strong> Vous recherchez une plateforme offrant un peu plus de contr\u00f4le\u00a0? ChatRad vous permet de choisir votre sexe et votre localisation avant de vous connecter avec des inconnus. Son interface personnalisable s&#039;adapte \u00e0 vos pr\u00e9f\u00e9rences.<\/li>\n<\/ol>\n\n\n\n<div class=\"wp-block-button\"><a class=\"wp-block-button__link has-mercury-white-color has-text-color has-background wp-element-button\" href=\"#\" style=\"background:linear-gradient(135deg,rgb(70,184,255) 0%,rgb(99,109,255) 100%)\">Discutez avec des filles maintenant<\/a><\/div>\n\n\n\n<p><strong><mark style=\"background-color:rgba(0, 0, 0, 0)\" class=\"has-inline-color has-mercury-gray-color\">Exploration des interfaces utilisateur<\/mark><\/strong><\/p>\n\n\n\n<p> Plongeons dans les interfaces utilisateur de plateformes intrigantes pour vous donner un avant-go\u00fbt de ce qui vous attend\u00a0:<\/p>\n\n\n\n<ol class=\"wp-block-list\">\n<li><strong><mark style=\"background-color:rgba(0, 0, 0, 0)\" class=\"has-inline-color has-mercury-main-color\">Azar :<\/mark><\/strong> Imaginez que Tinder et FaceTime soient issus de l&#039;union. L&#039;interface d&#039;Azar est \u00e9l\u00e9gante et visuellement attrayante, avec de grandes photos de profil qui dominent l&#039;\u00e9cran. Un glissement vers la gauche ou la droite vous met en relation avec des profils potentiels, et un bouton de chat vid\u00e9o bien visible facilite les conversations. L&#039;interface est famili\u00e8re et intuitive, id\u00e9ale pour ceux qui ma\u00eetrisent la navigation sur les applications de rencontre.<\/li>\n\n\n\n<li><strong><mark style=\"background-color:rgba(0, 0, 0, 0)\" class=\"has-inline-color has-mercury-main-color\">Singe<\/mark>:<\/strong> Monkey injecte une touche de gamification. Des couleurs vives et des animations ludiques vous accueillent, avec un bouton central vous invitant \u00e0 \u00ab\u00a0Commencer \u00e0 jouer\u00a0\u00bb. Le glissement vers la gauche ou la droite est au c\u0153ur de l&#039;action, rappelant les applications de rencontre populaires, tandis que les points et badges accumul\u00e9s ajoutent une dimension comp\u00e9titive. L&#039;ambiance jeune et les fonctionnalit\u00e9s interactives s&#039;adressent \u00e0 la g\u00e9n\u00e9ration Z en qu\u00eate d&#039;une exp\u00e9rience de chat vid\u00e9o d\u00e9contract\u00e9e.<\/li>\n\n\n\n<li><strong><mark style=\"background-color:rgba(0, 0, 0, 0)\" class=\"has-inline-color has-mercury-main-color\">EmeraldChat :<\/mark><\/strong> EmeraldChat pr\u00f4ne la simplicit\u00e9 et l&#039;anonymat. Son interface \u00e9pur\u00e9e comprend une fen\u00eatre de chat vid\u00e9o centrale, flanqu\u00e9e de commandes basiques comme le microphone et la fonction \u00ab\u00a0silence\u00a0\u00bb. Les options de chat textuel sont bien plac\u00e9es en dessous, et une palette de couleurs vous permet de personnaliser votre interface. L&#039;interface \u00e9pur\u00e9e privil\u00e9gie la clart\u00e9 des communications et l&#039;anonymat, ce qui en fait un outil id\u00e9al pour les utilisateurs soucieux de leur vie priv\u00e9e.<\/li>\n<\/ol>\n\n\n\n<p><strong>Bonne discussion !<\/strong><\/p>\n\n\n\n<div class=\"wp-block-button\"><a class=\"wp-block-button__link has-mercury-white-color has-text-color has-background wp-element-button\" href=\"#\" style=\"background:linear-gradient(135deg,rgb(70,184,255) 0%,rgb(99,109,255) 100%)\">Discutez avec des filles maintenant<\/a><\/div>","protected":false},"excerpt":{"rendered":"<p>What are the top webcams that can I go to, to chat to random girls who like to video chat? Top 10 Random Video Chat Sites: Chat with Girls Now Exploring User Interfaces Let&#8217;s dive into the user interfaces of intriguing platforms to give you a taste of what awaits: Happy chatting! Chat with Girls [&hellip;]<\/p>\n","protected":false},"author":1,"featured_media":0,"parent":0,"menu_order":0,"comment_status":"closed","ping_status":"closed","template":"","meta":{"footnotes":""},"class_list":["post-42","page","type-page","status-publish","hentry"],"yoast_head":"<!-- This site is optimized with the Yoast SEO plugin v27.4 - https:\/\/yoast.com\/product\/yoast-seo-wordpress\/ -->\n<title>Video Chat With Girls - Camtwice<\/title>\n<meta name=\"robots\" content=\"index, follow, max-snippet:-1, max-image-preview:large, max-video-preview:-1\" \/>\n<link rel=\"canonical\" href=\"https:\/\/camtwice.com\/fr\/video-chat-with-girls\/\" \/>\n<meta property=\"og:locale\" content=\"fr_FR\" \/>\n<meta property=\"og:type\" content=\"article\" \/>\n<meta property=\"og:title\" content=\"Video Chat With Girls - Camtwice\" \/>\n<meta property=\"og:description\" content=\"What are the top webcams that can I go to, to chat to random girls who like to video chat? Top 10 Random Video Chat Sites: Chat with Girls Now Exploring User Interfaces Let&#8217;s dive into the user interfaces of intriguing platforms to give you a taste of what awaits: Happy chatting! Chat with Girls [&hellip;]\" \/>\n<meta property=\"og:url\" content=\"https:\/\/camtwice.com\/fr\/video-chat-with-girls\/\" \/>\n<meta property=\"og:site_name\" content=\"Camtwice\" \/>\n<meta property=\"article:modified_time\" content=\"2024-04-30T09:06:43+00:00\" \/>\n<meta property=\"og:image\" content=\"https:\/\/camtwice.com\/wp-content\/uploads\/2024\/01\/VCG.jpeg\" \/>\n<meta name=\"twitter:card\" content=\"summary_large_image\" \/>\n<meta name=\"twitter:label1\" content=\"Dur\u00e9e de lecture estim\u00e9e\" \/>\n\t<meta name=\"twitter:data1\" content=\"3 minutes\" \/>\n<script type=\"application\/ld+json\" class=\"yoast-schema-graph\">{\"@context\":\"https:\\\/\\\/schema.org\",\"@graph\":[{\"@type\":\"WebPage\",\"@id\":\"https:\\\/\\\/camtwice.com\\\/video-chat-with-girls\\\/\",\"url\":\"https:\\\/\\\/camtwice.com\\\/video-chat-with-girls\\\/\",\"name\":\"Video Chat With Girls - Camtwice\",\"isPartOf\":{\"@id\":\"https:\\\/\\\/camtwice.com\\\/#website\"},\"primaryImageOfPage\":{\"@id\":\"https:\\\/\\\/camtwice.com\\\/video-chat-with-girls\\\/#primaryimage\"},\"image\":{\"@id\":\"https:\\\/\\\/camtwice.com\\\/video-chat-with-girls\\\/#primaryimage\"},\"thumbnailUrl\":\"https:\\\/\\\/camtwice.com\\\/wp-content\\\/uploads\\\/2024\\\/01\\\/VCG.jpeg\",\"datePublished\":\"2023-07-23T21:52:38+00:00\",\"dateModified\":\"2024-04-30T09:06:43+00:00\",\"breadcrumb\":{\"@id\":\"https:\\\/\\\/camtwice.com\\\/video-chat-with-girls\\\/#breadcrumb\"},\"inLanguage\":\"fr-FR\",\"potentialAction\":[{\"@type\":\"ReadAction\",\"target\":[\"https:\\\/\\\/camtwice.com\\\/video-chat-with-girls\\\/\"]}]},{\"@type\":\"ImageObject\",\"inLanguage\":\"fr-FR\",\"@id\":\"https:\\\/\\\/camtwice.com\\\/video-chat-with-girls\\\/#primaryimage\",\"url\":\"https:\\\/\\\/camtwice.com\\\/wp-content\\\/uploads\\\/2024\\\/01\\\/VCG.jpeg\",\"contentUrl\":\"https:\\\/\\\/camtwice.com\\\/wp-content\\\/uploads\\\/2024\\\/01\\\/VCG.jpeg\"},{\"@type\":\"BreadcrumbList\",\"@id\":\"https:\\\/\\\/camtwice.com\\\/video-chat-with-girls\\\/#breadcrumb\",\"itemListElement\":[{\"@type\":\"ListItem\",\"position\":1,\"name\":\"Home\",\"item\":\"https:\\\/\\\/camtwice.com\\\/\"},{\"@type\":\"ListItem\",\"position\":2,\"name\":\"Video Chat With Girls\"}]},{\"@type\":\"WebSite\",\"@id\":\"https:\\\/\\\/camtwice.com\\\/#website\",\"url\":\"https:\\\/\\\/camtwice.com\\\/\",\"name\":\"Camtwice\",\"description\":\"Your live webcams for you to chat with cool strangers\",\"publisher\":{\"@id\":\"https:\\\/\\\/camtwice.com\\\/#organization\"},\"potentialAction\":[{\"@type\":\"SearchAction\",\"target\":{\"@type\":\"EntryPoint\",\"urlTemplate\":\"https:\\\/\\\/camtwice.com\\\/?s={search_term_string}\"},\"query-input\":{\"@type\":\"PropertyValueSpecification\",\"valueRequired\":true,\"valueName\":\"search_term_string\"}}],\"inLanguage\":\"fr-FR\"},{\"@type\":\"Organization\",\"@id\":\"https:\\\/\\\/camtwice.com\\\/#organization\",\"name\":\"Camtwice\",\"url\":\"https:\\\/\\\/camtwice.com\\\/\",\"logo\":{\"@type\":\"ImageObject\",\"inLanguage\":\"fr-FR\",\"@id\":\"https:\\\/\\\/camtwice.com\\\/#\\\/schema\\\/logo\\\/image\\\/\",\"url\":\"https:\\\/\\\/camtwice.com\\\/wp-content\\\/uploads\\\/2023\\\/07\\\/cropped-Cam__1_-removebg-preview-1.png\",\"contentUrl\":\"https:\\\/\\\/camtwice.com\\\/wp-content\\\/uploads\\\/2023\\\/07\\\/cropped-Cam__1_-removebg-preview-1.png\",\"width\":351,\"height\":100,\"caption\":\"Camtwice\"},\"image\":{\"@id\":\"https:\\\/\\\/camtwice.com\\\/#\\\/schema\\\/logo\\\/image\\\/\"}}]}<\/script>\n<!-- \/ Yoast SEO plugin. -->","yoast_head_json":{"title":"Chat vid\u00e9o avec des filles - Camtwice","robots":{"index":"index","follow":"follow","max-snippet":"max-snippet:-1","max-image-preview":"max-image-preview:large","max-video-preview":"max-video-preview:-1"},"canonical":"https:\/\/camtwice.com\/fr\/video-chat-with-girls\/","og_locale":"fr_FR","og_type":"article","og_title":"Video Chat With Girls - Camtwice","og_description":"What are the top webcams that can I go to, to chat to random girls who like to video chat? Top 10 Random Video Chat Sites: Chat with Girls Now Exploring User Interfaces Let&#8217;s dive into the user interfaces of intriguing platforms to give you a taste of what awaits: Happy chatting! Chat with Girls [&hellip;]","og_url":"https:\/\/camtwice.com\/fr\/video-chat-with-girls\/","og_site_name":"Camtwice","article_modified_time":"2024-04-30T09:06:43+00:00","og_image":[{"url":"https:\/\/camtwice.com\/wp-content\/uploads\/2024\/01\/VCG.jpeg","type":"","width":"","height":""}],"twitter_card":"summary_large_image","twitter_misc":{"Dur\u00e9e de lecture estim\u00e9e":"3 minutes"},"schema":{"@context":"https:\/\/schema.org","@graph":[{"@type":"WebPage","@id":"https:\/\/camtwice.com\/video-chat-with-girls\/","url":"https:\/\/camtwice.com\/video-chat-with-girls\/","name":"Chat vid\u00e9o avec des filles - Camtwice","isPartOf":{"@id":"https:\/\/camtwice.com\/#website"},"primaryImageOfPage":{"@id":"https:\/\/camtwice.com\/video-chat-with-girls\/#primaryimage"},"image":{"@id":"https:\/\/camtwice.com\/video-chat-with-girls\/#primaryimage"},"thumbnailUrl":"https:\/\/camtwice.com\/wp-content\/uploads\/2024\/01\/VCG.jpeg","datePublished":"2023-07-23T21:52:38+00:00","dateModified":"2024-04-30T09:06:43+00:00","breadcrumb":{"@id":"https:\/\/camtwice.com\/video-chat-with-girls\/#breadcrumb"},"inLanguage":"fr-FR","potentialAction":[{"@type":"ReadAction","target":["https:\/\/camtwice.com\/video-chat-with-girls\/"]}]},{"@type":"ImageObject","inLanguage":"fr-FR","@id":"https:\/\/camtwice.com\/video-chat-with-girls\/#primaryimage","url":"https:\/\/camtwice.com\/wp-content\/uploads\/2024\/01\/VCG.jpeg","contentUrl":"https:\/\/camtwice.com\/wp-content\/uploads\/2024\/01\/VCG.jpeg"},{"@type":"BreadcrumbList","@id":"https:\/\/camtwice.com\/video-chat-with-girls\/#breadcrumb","itemListElement":[{"@type":"ListItem","position":1,"name":"Home","item":"https:\/\/camtwice.com\/"},{"@type":"ListItem","position":2,"name":"Video Chat With Girls"}]},{"@type":"WebSite","@id":"https:\/\/camtwice.com\/#website","url":"https:\/\/camtwice.com\/","name":"Camtwice","description":"Vos webcams en direct pour discuter avec des inconnus sympas","publisher":{"@id":"https:\/\/camtwice.com\/#organization"},"potentialAction":[{"@type":"SearchAction","target":{"@type":"EntryPoint","urlTemplate":"https:\/\/camtwice.com\/?s={search_term_string}"},"query-input":{"@type":"PropertyValueSpecification","valueRequired":true,"valueName":"search_term_string"}}],"inLanguage":"fr-FR"},{"@type":"Organization","@id":"https:\/\/camtwice.com\/#organization","name":"Camtwice","url":"https:\/\/camtwice.com\/","logo":{"@type":"ImageObject","inLanguage":"fr-FR","@id":"https:\/\/camtwice.com\/#\/schema\/logo\/image\/","url":"https:\/\/camtwice.com\/wp-content\/uploads\/2023\/07\/cropped-Cam__1_-removebg-preview-1.png","contentUrl":"https:\/\/camtwice.com\/wp-content\/uploads\/2023\/07\/cropped-Cam__1_-removebg-preview-1.png","width":351,"height":100,"caption":"Camtwice"},"image":{"@id":"https:\/\/camtwice.com\/#\/schema\/logo\/image\/"}}]}},"_links":{"self":[{"href":"https:\/\/camtwice.com\/fr\/wp-json\/wp\/v2\/pages\/42","targetHints":{"allow":["GET"]}}],"collection":[{"href":"https:\/\/camtwice.com\/fr\/wp-json\/wp\/v2\/pages"}],"about":[{"href":"https:\/\/camtwice.com\/fr\/wp-json\/wp\/v2\/types\/page"}],"author":[{"embeddable":true,"href":"https:\/\/camtwice.com\/fr\/wp-json\/wp\/v2\/users\/1"}],"replies":[{"embeddable":true,"href":"https:\/\/camtwice.com\/fr\/wp-json\/wp\/v2\/comments?post=42"}],"version-history":[{"count":5,"href":"https:\/\/camtwice.com\/fr\/wp-json\/wp\/v2\/pages\/42\/revisions"}],"predecessor-version":[{"id":2008,"href":"https:\/\/camtwice.com\/fr\/wp-json\/wp\/v2\/pages\/42\/revisions\/2008"}],"wp:attachment":[{"href":"https:\/\/camtwice.com\/fr\/wp-json\/wp\/v2\/media?parent=42"}],"curies":[{"name":"wp","href":"https:\/\/api.w.org\/{rel}","templated":true}]}}