{"id":40,"date":"2023-07-23T21:52:38","date_gmt":"2023-07-23T21:52:38","guid":{"rendered":"https:\/\/camtwice.com\/?page_id=40"},"modified":"2024-04-30T09:07:44","modified_gmt":"2024-04-30T09:07:44","slug":"one-on-one-chats","status":"publish","type":"page","link":"https:\/\/camtwice.com\/it\/one-on-one-chats\/","title":{"rendered":"Chiacchiere individuali"},"content":{"rendered":"<h2 class=\"wp-block-heading has-text-align-center\"><strong>Chiacchiere individuali!<\/strong><\/h2>\n\n\n\n<p>Nel mondo frenetico di oggi, pu\u00f2 essere difficile trovare connessioni significative. Sebbene i social media offrano una piattaforma per un&#039;interazione pi\u00f9 ampia, a volte desideriamo l&#039;intimit\u00e0 e la profondit\u00e0 di una conversazione a tu per tu. Entra nel mondo delle conversazioni a tu per tu. <a href=\"https:\/\/camtwice.com\/it\/livetolives\/\">webcam<\/a> e siti di chat, dove il contatto visivo, i sorrisi condivisi e le conversazioni autentiche sono al centro dell&#039;attenzione.<\/p>\n\n\n\n<div class=\"wp-block-group\"><div class=\"wp-block-group__inner-container is-layout-constrained wp-block-group-is-layout-constrained\">\n<div class=\"wp-block-columns is-layout-flex wp-container-core-columns-is-layout-9d6595d7 wp-block-columns-is-layout-flex\">\n<div class=\"wp-block-column is-layout-flow wp-block-column-is-layout-flow\" style=\"flex-basis:100%\">\n<div class=\"wp-block-group\"><div class=\"wp-block-group__inner-container is-layout-constrained wp-block-group-is-layout-constrained\">\n<div class=\"wp-block-button\"><a class=\"wp-block-button__link has-mercury-white-color has-text-color has-background wp-element-button\" href=\"#\" style=\"background:linear-gradient(135deg,rgb(70,184,255) 0%,rgb(99,109,255) 100%)\">Inizia a chattare uno a uno<\/a><\/div>\n<\/div><\/div>\n<\/div>\n<\/div>\n<\/div><\/div>\n\n\n<div class=\"wp-block-image\">\n<figure class=\"alignleft size-full is-resized\"><img decoding=\"async\" width=\"158\" height=\"180\" src=\"https:\/\/camtwice.com\/wp-content\/uploads\/2024\/01\/one-on-one-chat.jpeg\" alt=\"\" class=\"wp-image-814\" style=\"width:169px;height:auto\" srcset=\"https:\/\/camtwice.com\/wp-content\/uploads\/2024\/01\/one-on-one-chat.jpeg 158w, https:\/\/camtwice.com\/wp-content\/uploads\/2024\/01\/one-on-one-chat-11x12.jpeg 11w, https:\/\/camtwice.com\/wp-content\/uploads\/2024\/01\/one-on-one-chat-35x40.jpeg 35w, https:\/\/camtwice.com\/wp-content\/uploads\/2024\/01\/one-on-one-chat-28x32.jpeg 28w, https:\/\/camtwice.com\/wp-content\/uploads\/2024\/01\/one-on-one-chat-70x80.jpeg 70w, https:\/\/camtwice.com\/wp-content\/uploads\/2024\/01\/one-on-one-chat-119x135.jpeg 119w\" sizes=\"(max-width: 158px) 100vw, 158px\" \/><\/figure>\n<\/div>\n\n\n<p><strong><mark style=\"background-color:rgba(0, 0, 0, 0)\" class=\"has-inline-color has-mercury-gray-color\">Il fascino del faccia a faccia <a href=\"https:\/\/camtwice.com\/it\/comeet\/\">Webcam<\/a> Chiacchierando:<\/mark><\/strong><\/p>\n\n\n\n<ul class=\"wp-block-list\">\n<li><strong><mark style=\"background-color:rgba(0, 0, 0, 0)\" class=\"has-inline-color has-mercury-main-color\">Connessioni pi\u00f9 profonde:<\/mark><\/strong> Le chat tramite webcam permettono di entrare in contatto con le persone a un livello pi\u00f9 profondo rispetto alla comunicazione testuale. Segnali non verbali come espressioni facciali e linguaggio del corpo aggiungono un livello di sfumature e comprensione che trascende le parole.<\/li>\n\n\n\n<li><strong><mark style=\"background-color:rgba(0, 0, 0, 0)\" class=\"has-inline-color has-mercury-main-color\">Esperienza personalizzata:<\/mark><\/strong> A differenza delle chat di gruppo, le interazioni individuali offrono un&#039;esperienza pi\u00f9 mirata e personalizzata. Puoi adattare la conversazione ai tuoi interessi e costruire un rapporto autentico con la persona dall&#039;altra parte dello schermo.<\/li>\n\n\n\n<li><strong><mark style=\"background-color:rgba(0, 0, 0, 0)\" class=\"has-inline-color has-mercury-main-color\">Rompere i confini:<\/mark><\/strong> Le chat via webcam trascendono i limiti geografici. Puoi connetterti con persone da ogni angolo del mondo, ampliando i tuoi orizzonti e favorendo lo scambio culturale.<\/li>\n\n\n\n<li><strong><mark style=\"background-color:rgba(0, 0, 0, 0)\" class=\"has-inline-color has-mercury-main-color\">Costruire fiducia:<\/mark><\/strong> Per le persone timide, le chat via webcam possono essere un trampolino di lancio per acquisire sicurezza nelle interazioni sociali. L&#039;anonimato e la comodit\u00e0 del proprio spazio personale possono alleviare l&#039;ansia, permettendo di esprimersi pi\u00f9 liberamente.<\/li>\n<\/ul>\n\n\n\n<p><strong><mark style=\"background-color:rgba(0, 0, 0, 0)\" class=\"has-inline-color has-mercury-gray-color\">Scegliere la piattaforma giusta:<\/mark><\/strong><\/p>\n\n\n\n<p>Con la pletora di siti e app di chat via webcam disponibili, orientarsi tra le opzioni pu\u00f2 essere complicato. Ecco alcuni fattori da considerare nella scelta della piattaforma giusta per le conversazioni individuali:<\/p>\n\n\n\n<ul class=\"wp-block-list\">\n<li><strong><mark style=\"background-color:rgba(0, 0, 0, 0)\" class=\"has-inline-color has-mercury-main-color\">Focus e pubblico:<\/mark><\/strong> Alcune piattaforme si rivolgono a interessi specifici come l&#039;apprendimento delle lingue, i giochi o attivit\u00e0 creative. Scegli una piattaforma in linea con i tuoi interessi e obiettivi per entrare in contatto con gli altri.<\/li>\n\n\n\n<li><strong><mark style=\"background-color:rgba(0, 0, 0, 0)\" class=\"has-inline-color has-mercury-main-color\">Privacy e sicurezza:<\/mark><\/strong> Cerca piattaforme con solide funzionalit\u00e0 di sicurezza e chiare policy sulla privacy. Assicurati che le tue informazioni personali e le tue interazioni rimangano protette.<\/li>\n\n\n\n<li><strong><mark style=\"background-color:rgba(0, 0, 0, 0)\" class=\"has-inline-color has-mercury-main-color\">Facilit\u00e0 d&#039;uso:<\/mark><\/strong> La piattaforma dovrebbe essere intuitiva e di facile utilizzo, con un&#039;interfaccia fluida per le videochiamate e la comunicazione.<\/li>\n\n\n\n<li><mark style=\"background-color:rgba(0, 0, 0, 0)\" class=\"has-inline-color has-mercury-main-color\"><strong>Caratteristiche e funzionalit\u00e0:<\/strong> <\/mark>Prendi in considerazione funzionalit\u00e0 aggiuntive come filtri video, condivisione dello schermo e capacit\u00e0 di registrazione che potrebbero migliorare la tua esperienza di chat.<\/li>\n<\/ul>\n\n\n\n<p><strong><mark style=\"background-color:rgba(0, 0, 0, 0)\" class=\"has-inline-color has-mercury-gray-color\">Le migliori piattaforme per chattare in webcam uno a uno:<\/mark><\/strong><\/p>\n\n\n\n<p>Ecco alcune piattaforme popolari note per la loro eccellente esperienza one-to-one <a href=\"https:\/\/camtwice.com\/it\/callmechat\/\">video chat<\/a> caratteristiche:<\/p>\n\n\n\n<ul class=\"wp-block-list\">\n<li><strong><mark style=\"background-color:rgba(0, 0, 0, 0)\" class=\"has-inline-color has-mercury-main-color\">Zoom:<\/mark><\/strong> Zoom, nome noto per le videoconferenze, offre un piano gratuito con videochiamate individuali e qualit\u00e0 audio nitida.<\/li>\n\n\n\n<li><strong><mark style=\"background-color:rgba(0, 0, 0, 0)\" class=\"has-inline-color has-mercury-main-color\">Skype:<\/mark><\/strong> Un video classico <a href=\"https:\/\/camtwice.com\/it\/cherry-tv\/\">piattaforma di chat<\/a>Skype vanta un&#039;interfaccia intuitiva e videochiamate affidabili, il che lo rende una buona scelta per conversazioni informali.<\/li>\n\n\n\n<li><strong><mark style=\"background-color:rgba(0, 0, 0, 0)\" class=\"has-inline-color has-mercury-main-color\">Discordia<\/mark>:<\/strong> Molto popolare tra i giocatori, Discord offre eccellenti funzionalit\u00e0 di chat vocale e video, oltre a messaggistica di testo e server della community.<\/li>\n\n\n\n<li><strong><mark style=\"background-color:rgba(0, 0, 0, 0)\" class=\"has-inline-color has-mercury-main-color\"><a href=\"https:\/\/camtwice.com\/it\/omegle-review\/\">Omegle<\/a>:<\/mark><\/strong> Omegle, una piattaforma per video chat casuali, ti permette di entrare in contatto con sconosciuti da tutto il mondo. Tuttavia, fai attenzione e presta attenzione ai potenziali rischi.<\/li>\n\n\n\n<li><strong><mark style=\"background-color:rgba(0, 0, 0, 0)\" class=\"has-inline-color has-mercury-main-color\">Camfrog:<\/mark><\/strong> Camfrog \u00e8 una piattaforma progettata appositamente per le chat tramite webcam, che offre diverse funzionalit\u00e0, come stanze private, chat di gruppo e regali virtuali.<br><\/li>\n<\/ul>\n\n\n\n<div class=\"wp-block-button\"><a class=\"wp-block-button__link has-mercury-white-color has-text-color has-background wp-element-button\" href=\"#\" style=\"background:linear-gradient(135deg,rgb(70,184,255) 0%,rgb(99,109,255) 100%)\">Inizia a chattare uno a uno<\/a><\/div>\n\n\n\n<p><strong><mark style=\"background-color:rgba(0, 0, 0, 0)\" class=\"has-inline-color has-mercury-gray-color\">Ricordare:<\/mark><\/strong><\/p>\n\n\n\n<p>Sebbene le chat tramite webcam offrano un modo unico ed entusiasmante per entrare in contatto con gli altri, \u00e8 importante dare priorit\u00e0 alla sicurezza e a un comportamento online responsabile. Fai attenzione a chi condividi le tue informazioni personali e segnala qualsiasi attivit\u00e0 o comportamento sospetto che violi il tuo livello di sicurezza.<\/p>\n\n\n\n<p>Con la piattaforma e l&#039;approccio giusti, le chat webcam individuali possono essere un&#039;esperienza gratificante e arricchente. Quindi, esci dalla tua zona di comfort, abbraccia il potere della connessione diretta e scopri il mondo di conversazioni significative che ti aspetta oltre lo schermo.<\/p>\n\n\n\n<p><strong><em><mark style=\"background-color:rgba(0, 0, 0, 0)\" class=\"has-inline-color has-mercury-gray-color\">Buona chiacchierata!<\/mark><\/em><\/strong><\/p>","protected":false},"excerpt":{"rendered":"<p>One-on-One Chats! Today&#8217;s fast-paced world, meaningful connections can be hard to come by. While social media offers a platform for broader interaction, sometimes we crave the intimacy and depth of a one-on-one conversation. Enter the world of one-on-one webcams and chat sites, where eye contact, shared smiles, and genuine conversation take center stage. Start Chatting [&hellip;]<\/p>\n","protected":false},"author":1,"featured_media":0,"parent":0,"menu_order":0,"comment_status":"closed","ping_status":"closed","template":"","meta":{"footnotes":""},"class_list":["post-40","page","type-page","status-publish","hentry"],"yoast_head":"<!-- This site is optimized with the Yoast SEO plugin v27.5 - https:\/\/yoast.com\/product\/yoast-seo-wordpress\/ -->\n<title>One-on-One Chats - Camtwice<\/title>\n<meta name=\"description\" content=\"Dive into the best sites with random 1-on-1 video chat that provides a unique video chat experience. Talk to strangers 1 on 1 today!\" \/>\n<meta name=\"robots\" content=\"index, follow, max-snippet:-1, max-image-preview:large, max-video-preview:-1\" \/>\n<link rel=\"canonical\" href=\"https:\/\/camtwice.com\/it\/one-on-one-chats\/\" \/>\n<meta property=\"og:locale\" content=\"it_IT\" \/>\n<meta property=\"og:type\" content=\"article\" \/>\n<meta property=\"og:title\" content=\"One-on-One Chats - Camtwice\" \/>\n<meta property=\"og:description\" content=\"Dive into the best sites with random 1-on-1 video chat that provides a unique video chat experience. Talk to strangers 1 on 1 today!\" \/>\n<meta property=\"og:url\" content=\"https:\/\/camtwice.com\/it\/one-on-one-chats\/\" \/>\n<meta property=\"og:site_name\" content=\"Camtwice\" \/>\n<meta property=\"article:modified_time\" content=\"2024-04-30T09:07:44+00:00\" \/>\n<meta property=\"og:image\" content=\"https:\/\/camtwice.com\/wp-content\/uploads\/2024\/01\/one-on-one-chat.jpeg\" \/>\n<meta name=\"twitter:card\" content=\"summary_large_image\" \/>\n<meta name=\"twitter:label1\" content=\"Tempo di lettura stimato\" \/>\n\t<meta name=\"twitter:data1\" content=\"3 minuti\" \/>\n<script type=\"application\/ld+json\" class=\"yoast-schema-graph\">{\"@context\":\"https:\\\/\\\/schema.org\",\"@graph\":[{\"@type\":\"WebPage\",\"@id\":\"https:\\\/\\\/camtwice.com\\\/one-on-one-chats\\\/\",\"url\":\"https:\\\/\\\/camtwice.com\\\/one-on-one-chats\\\/\",\"name\":\"One-on-One Chats - Camtwice\",\"isPartOf\":{\"@id\":\"https:\\\/\\\/camtwice.com\\\/#website\"},\"primaryImageOfPage\":{\"@id\":\"https:\\\/\\\/camtwice.com\\\/one-on-one-chats\\\/#primaryimage\"},\"image\":{\"@id\":\"https:\\\/\\\/camtwice.com\\\/one-on-one-chats\\\/#primaryimage\"},\"thumbnailUrl\":\"https:\\\/\\\/camtwice.com\\\/wp-content\\\/uploads\\\/2024\\\/01\\\/one-on-one-chat.jpeg\",\"datePublished\":\"2023-07-23T21:52:38+00:00\",\"dateModified\":\"2024-04-30T09:07:44+00:00\",\"description\":\"Dive into the best sites with random 1-on-1 video chat that provides a unique video chat experience. Talk to strangers 1 on 1 today!\",\"breadcrumb\":{\"@id\":\"https:\\\/\\\/camtwice.com\\\/one-on-one-chats\\\/#breadcrumb\"},\"inLanguage\":\"it-IT\",\"potentialAction\":[{\"@type\":\"ReadAction\",\"target\":[\"https:\\\/\\\/camtwice.com\\\/one-on-one-chats\\\/\"]}]},{\"@type\":\"ImageObject\",\"inLanguage\":\"it-IT\",\"@id\":\"https:\\\/\\\/camtwice.com\\\/one-on-one-chats\\\/#primaryimage\",\"url\":\"https:\\\/\\\/camtwice.com\\\/wp-content\\\/uploads\\\/2024\\\/01\\\/one-on-one-chat.jpeg\",\"contentUrl\":\"https:\\\/\\\/camtwice.com\\\/wp-content\\\/uploads\\\/2024\\\/01\\\/one-on-one-chat.jpeg\"},{\"@type\":\"BreadcrumbList\",\"@id\":\"https:\\\/\\\/camtwice.com\\\/one-on-one-chats\\\/#breadcrumb\",\"itemListElement\":[{\"@type\":\"ListItem\",\"position\":1,\"name\":\"Home\",\"item\":\"https:\\\/\\\/camtwice.com\\\/\"},{\"@type\":\"ListItem\",\"position\":2,\"name\":\"One-on-One Chats\"}]},{\"@type\":\"WebSite\",\"@id\":\"https:\\\/\\\/camtwice.com\\\/#website\",\"url\":\"https:\\\/\\\/camtwice.com\\\/\",\"name\":\"Camtwice\",\"description\":\"Your live webcams for you to chat with cool strangers\",\"publisher\":{\"@id\":\"https:\\\/\\\/camtwice.com\\\/#organization\"},\"potentialAction\":[{\"@type\":\"SearchAction\",\"target\":{\"@type\":\"EntryPoint\",\"urlTemplate\":\"https:\\\/\\\/camtwice.com\\\/?s={search_term_string}\"},\"query-input\":{\"@type\":\"PropertyValueSpecification\",\"valueRequired\":true,\"valueName\":\"search_term_string\"}}],\"inLanguage\":\"it-IT\"},{\"@type\":\"Organization\",\"@id\":\"https:\\\/\\\/camtwice.com\\\/#organization\",\"name\":\"Camtwice\",\"url\":\"https:\\\/\\\/camtwice.com\\\/\",\"logo\":{\"@type\":\"ImageObject\",\"inLanguage\":\"it-IT\",\"@id\":\"https:\\\/\\\/camtwice.com\\\/#\\\/schema\\\/logo\\\/image\\\/\",\"url\":\"https:\\\/\\\/camtwice.com\\\/wp-content\\\/uploads\\\/2023\\\/07\\\/cropped-Cam__1_-removebg-preview-1.png\",\"contentUrl\":\"https:\\\/\\\/camtwice.com\\\/wp-content\\\/uploads\\\/2023\\\/07\\\/cropped-Cam__1_-removebg-preview-1.png\",\"width\":351,\"height\":100,\"caption\":\"Camtwice\"},\"image\":{\"@id\":\"https:\\\/\\\/camtwice.com\\\/#\\\/schema\\\/logo\\\/image\\\/\"}}]}<\/script>\n<!-- \/ Yoast SEO plugin. -->","yoast_head_json":{"title":"Chat individuali - Camtwice","description":"Immergiti nei migliori siti con video chat casuali 1 a 1 che offrono un&#039;esperienza di video chat unica. Parla con sconosciuti 1 a 1 oggi stesso!","robots":{"index":"index","follow":"follow","max-snippet":"max-snippet:-1","max-image-preview":"max-image-preview:large","max-video-preview":"max-video-preview:-1"},"canonical":"https:\/\/camtwice.com\/it\/one-on-one-chats\/","og_locale":"it_IT","og_type":"article","og_title":"One-on-One Chats - Camtwice","og_description":"Dive into the best sites with random 1-on-1 video chat that provides a unique video chat experience. Talk to strangers 1 on 1 today!","og_url":"https:\/\/camtwice.com\/it\/one-on-one-chats\/","og_site_name":"Camtwice","article_modified_time":"2024-04-30T09:07:44+00:00","og_image":[{"url":"https:\/\/camtwice.com\/wp-content\/uploads\/2024\/01\/one-on-one-chat.jpeg","type":"","width":"","height":""}],"twitter_card":"summary_large_image","twitter_misc":{"Tempo di lettura stimato":"3 minuti"},"schema":{"@context":"https:\/\/schema.org","@graph":[{"@type":"WebPage","@id":"https:\/\/camtwice.com\/one-on-one-chats\/","url":"https:\/\/camtwice.com\/one-on-one-chats\/","name":"Chat individuali - Camtwice","isPartOf":{"@id":"https:\/\/camtwice.com\/#website"},"primaryImageOfPage":{"@id":"https:\/\/camtwice.com\/one-on-one-chats\/#primaryimage"},"image":{"@id":"https:\/\/camtwice.com\/one-on-one-chats\/#primaryimage"},"thumbnailUrl":"https:\/\/camtwice.com\/wp-content\/uploads\/2024\/01\/one-on-one-chat.jpeg","datePublished":"2023-07-23T21:52:38+00:00","dateModified":"2024-04-30T09:07:44+00:00","description":"Immergiti nei migliori siti con video chat casuali 1 a 1 che offrono un&#039;esperienza di video chat unica. Parla con sconosciuti 1 a 1 oggi stesso!","breadcrumb":{"@id":"https:\/\/camtwice.com\/one-on-one-chats\/#breadcrumb"},"inLanguage":"it-IT","potentialAction":[{"@type":"ReadAction","target":["https:\/\/camtwice.com\/one-on-one-chats\/"]}]},{"@type":"ImageObject","inLanguage":"it-IT","@id":"https:\/\/camtwice.com\/one-on-one-chats\/#primaryimage","url":"https:\/\/camtwice.com\/wp-content\/uploads\/2024\/01\/one-on-one-chat.jpeg","contentUrl":"https:\/\/camtwice.com\/wp-content\/uploads\/2024\/01\/one-on-one-chat.jpeg"},{"@type":"BreadcrumbList","@id":"https:\/\/camtwice.com\/one-on-one-chats\/#breadcrumb","itemListElement":[{"@type":"ListItem","position":1,"name":"Home","item":"https:\/\/camtwice.com\/"},{"@type":"ListItem","position":2,"name":"One-on-One Chats"}]},{"@type":"WebSite","@id":"https:\/\/camtwice.com\/#website","url":"https:\/\/camtwice.com\/","name":"Camtwice","description":"Le tue webcam live per chattare con fantastici sconosciuti","publisher":{"@id":"https:\/\/camtwice.com\/#organization"},"potentialAction":[{"@type":"SearchAction","target":{"@type":"EntryPoint","urlTemplate":"https:\/\/camtwice.com\/?s={search_term_string}"},"query-input":{"@type":"PropertyValueSpecification","valueRequired":true,"valueName":"search_term_string"}}],"inLanguage":"it-IT"},{"@type":"Organization","@id":"https:\/\/camtwice.com\/#organization","name":"Camtwice","url":"https:\/\/camtwice.com\/","logo":{"@type":"ImageObject","inLanguage":"it-IT","@id":"https:\/\/camtwice.com\/#\/schema\/logo\/image\/","url":"https:\/\/camtwice.com\/wp-content\/uploads\/2023\/07\/cropped-Cam__1_-removebg-preview-1.png","contentUrl":"https:\/\/camtwice.com\/wp-content\/uploads\/2023\/07\/cropped-Cam__1_-removebg-preview-1.png","width":351,"height":100,"caption":"Camtwice"},"image":{"@id":"https:\/\/camtwice.com\/#\/schema\/logo\/image\/"}}]}},"_links":{"self":[{"href":"https:\/\/camtwice.com\/it\/wp-json\/wp\/v2\/pages\/40","targetHints":{"allow":["GET"]}}],"collection":[{"href":"https:\/\/camtwice.com\/it\/wp-json\/wp\/v2\/pages"}],"about":[{"href":"https:\/\/camtwice.com\/it\/wp-json\/wp\/v2\/types\/page"}],"author":[{"embeddable":true,"href":"https:\/\/camtwice.com\/it\/wp-json\/wp\/v2\/users\/1"}],"replies":[{"embeddable":true,"href":"https:\/\/camtwice.com\/it\/wp-json\/wp\/v2\/comments?post=40"}],"version-history":[{"count":5,"href":"https:\/\/camtwice.com\/it\/wp-json\/wp\/v2\/pages\/40\/revisions"}],"predecessor-version":[{"id":2009,"href":"https:\/\/camtwice.com\/it\/wp-json\/wp\/v2\/pages\/40\/revisions\/2009"}],"wp:attachment":[{"href":"https:\/\/camtwice.com\/it\/wp-json\/wp\/v2\/media?parent=40"}],"curies":[{"name":"wp","href":"https:\/\/api.w.org\/{rel}","templated":true}]}}