{"id":46,"date":"2023-07-23T21:52:39","date_gmt":"2023-07-23T21:52:39","guid":{"rendered":"https:\/\/camtwice.com\/?page_id=46"},"modified":"2024-05-07T09:44:57","modified_gmt":"2024-05-07T09:44:57","slug":"chat-sites","status":"publish","type":"page","link":"https:\/\/camtwice.com\/it\/chat-sites\/","title":{"rendered":"Siti di chat"},"content":{"rendered":"<p><\/p>\n\n\n<div class=\"wp-block-image\">\n<figure class=\"alignleft size-full\"><img decoding=\"async\" width=\"171\" height=\"180\" src=\"https:\/\/camtwice.com\/wp-content\/uploads\/2023\/12\/chatsite.jpeg\" alt=\"\" class=\"wp-image-808\" srcset=\"https:\/\/camtwice.com\/wp-content\/uploads\/2023\/12\/chatsite.jpeg 171w, https:\/\/camtwice.com\/wp-content\/uploads\/2023\/12\/chatsite-11x12.jpeg 11w, https:\/\/camtwice.com\/wp-content\/uploads\/2023\/12\/chatsite-38x40.jpeg 38w, https:\/\/camtwice.com\/wp-content\/uploads\/2023\/12\/chatsite-30x32.jpeg 30w, https:\/\/camtwice.com\/wp-content\/uploads\/2023\/12\/chatsite-76x80.jpeg 76w, https:\/\/camtwice.com\/wp-content\/uploads\/2023\/12\/chatsite-128x135.jpeg 128w\" sizes=\"(max-width: 171px) 100vw, 171px\" \/><\/figure>\n<\/div>\n\n\n<p>Negli ultimi anni, i siti di chat hanno registrato un&#039;enorme popolarit\u00e0, diventando un punto di riferimento per le persone che vogliono connettersi, socializzare e divertirsi. Ma cosa li rende cos\u00ec divertenti? Ecco alcuni dei motivi principali per cui le persone li trovano cos\u00ec divertenti:<\/p>\n\n\n\n<div class=\"wp-block-button\"><a class=\"wp-block-button__link has-mercury-white-color has-text-color has-background wp-element-button\" href=\"#\" style=\"background:linear-gradient(135deg,rgb(70,184,255) 0%,rgb(99,109,255) 100%)\">Inizia a chattare<\/a><\/div>\n\n\n\n<p><strong><mark style=\"background-color:rgba(0, 0, 0, 0)\" class=\"has-inline-color has-mercury-main-color\">1. Connessione e comunit\u00e0:<\/mark><\/strong><\/p>\n\n\n\n<p>In un mondo che spesso pu\u00f2 sembrare isolante, i siti di chat offrono un modo prezioso per entrare in contatto con altre persone che condividono i tuoi interessi, hobby o esperienze. Che tu ti unisca a una chat room generica o a un forum di nicchia, troverai sicuramente persone che condividono i tuoi interessi, con cui potrai intrattenere conversazioni stimolanti, stringere amicizie e persino provare un senso di appartenenza a una comunit\u00e0.<\/p>\n\n\n\n<p><strong><mark style=\"background-color:rgba(0, 0, 0, 0)\" class=\"has-inline-color has-mercury-main-color\">2. Anonimato e libert\u00e0:<\/mark><\/strong><\/p>\n\n\n\n<p>I siti di chat offrono spesso un livello di anonimato che pu\u00f2 essere liberatorio. Puoi abbandonare la tua identit\u00e0 reale e crearne una nuova online, che ti permette di esprimerti pi\u00f9 liberamente e apertamente di quanto potresti altrimenti sentirti a tuo agio. Questo pu\u00f2 essere particolarmente interessante per le persone timide o introverse, poich\u00e9 offre loro uno spazio sicuro in cui entrare in contatto con gli altri senza la pressione dell&#039;interazione faccia a faccia.<\/p>\n\n\n\n<p><strong><mark style=\"background-color:rgba(0, 0, 0, 0)\" class=\"has-inline-color has-mercury-main-color\">3. Variet\u00e0 e scoperta:<\/mark><\/strong><\/p>\n\n\n\n<p>La variet\u00e0 di siti di chat disponibili \u00e8 sbalorditiva. Da un punto di vista generale <a href=\"https:\/\/camtwice.com\/it\/chateek\/\">chat room<\/a> nei forum dedicati ad argomenti specifici come videogiochi, anime o propriet\u00e0 di animali domestici, c&#039;\u00e8 un <a href=\"https:\/\/camtwice.com\/it\/chat-to-strangers\/\">sito di chat<\/a> Ce n&#039;\u00e8 per tutti i gusti. Questa infinita variet\u00e0 ti permette di esplorare nuovi interessi, scoprire nuove community e imparare da chi ha prospettive diverse. Puoi persino imbatterti in tesori nascosti e community di nicchia di cui non sapevi nemmeno l&#039;esistenza.<\/p>\n\n\n\n<p><strong><mark style=\"background-color:rgba(0, 0, 0, 0)\" class=\"has-inline-color has-mercury-main-color\">4. Giocosit\u00e0 e gioco:<\/mark><\/strong><\/p>\n\n\n\n<p>Molti siti di chat incorporano elementi divertenti e interattivi come giochi, quiz e sondaggi. Queste funzionalit\u00e0 possono aiutare a rompere il ghiaccio, incoraggiare la conversazione e aggiungere un tocco di spensieratezza alla tua chat. <a href=\"https:\/\/camtwice.com\/it\/chatib-chat-site\/\">interazioni<\/a>Che si tratti di un rapido quiz o di un dibattito sui pregi dei tuoi film preferiti, questi elementi giocosi possono rendere la chiacchierata ancora pi\u00f9 piacevole.<\/p>\n\n\n\n<p><strong><mark style=\"background-color:rgba(0, 0, 0, 0)\" class=\"has-inline-color has-mercury-main-color\">5. Interazione e spontaneit\u00e0 in tempo reale:<\/mark><\/strong><\/p>\n\n\n\n<p>A differenza delle forme di comunicazione tradizionali come e-mail o lettere, i siti di chat offrono un&#039;interazione in tempo reale. Questa immediatezza permette alle conversazioni di fluire in modo naturale, con scambi rapidi e la possibilit\u00e0 di reagire al momento. Questa spontaneit\u00e0 pu\u00f2 rendere le conversazioni in chat pi\u00f9 vive e coinvolgenti rispetto ad altre forme di comunicazione.<\/p>\n\n\n\n<p><strong><mark style=\"background-color:rgba(0, 0, 0, 0)\" class=\"has-inline-color has-mercury-main-color\">6. Un mondo di intrattenimento:<\/mark><\/strong><\/p>\n\n\n\n<p>Molti siti di chat vanno oltre la semplice comunicazione testuale e offrono una variet\u00e0 di funzionalit\u00e0 multimediali. Puoi condividere foto, video, musica e persino <a href=\"https:\/\/camtwice.com\/it\/stickam\/\">streaming in diretta<\/a> esperienze con gli altri in tempo reale. Questo aggiunge una dimensione completamente nuova alle tue chat e pu\u00f2 trasformarle in una fonte di intrattenimento e scoperta.<\/p>\n\n\n\n<p><strong><mark style=\"background-color:rgba(0, 0, 0, 0)\" class=\"has-inline-color has-mercury-main-color\">7. Apprendimento e crescita:<\/mark><\/strong><\/p>\n\n\n\n<p>I siti di chat possono essere una preziosa fonte di apprendimento e crescita. Interagendo con persone provenienti da contesti e percorsi di vita diversi, puoi acquisire nuove prospettive. Puoi anche conoscere culture diverse e ampliare i tuoi orizzonti. Puoi anche trovare community dedicate a specifici ambiti di interesse. Qui puoi imparare da esperti e appassionati e approfondire le tue conoscenze su un argomento specifico.<\/p>\n\n\n\n<p><strong><mark style=\"background-color:rgba(0, 0, 0, 0)\" class=\"has-inline-color has-mercury-main-color\">8. Evasione e rilassamento:<\/mark><\/strong><\/p>\n\n\n\n<p>Per molte persone, i siti di chat offrono una gradita via di fuga dallo stress della vita quotidiana. I siti di chat sono strumenti versatili, che offrono conforto e intrattenimento in diverse situazioni. Che tu cerchi conforto dopo una giornata impegnativa, voglia riconnetterti con gli amici o semplicemente desideri una distrazione dalle sfide della vita, queste piattaforme offrono un rifugio per il relax e il divertimento.<\/p>\n\n\n\n<p>Ecco fatto! Questi sono solo alcuni dei tanti motivi per cui le persone trovano i siti di chat cos\u00ec divertenti. Grazie alla loro capacit\u00e0 di favorire la connessione, garantire l&#039;anonimato, offrire un&#039;infinita variet\u00e0 ed essere una fonte di intrattenimento e apprendimento, i siti di chat sono diventati una parte essenziale del mondo online per molte persone.<\/p>\n\n\n\n<p>Naturalmente, \u00e8 importante ricordare che, come qualsiasi attivit\u00e0 online, l&#039;utilizzo dei siti di chat comporta una serie di rischi e sfide. \u00c8 fondamentale tutelare la propria privacy, essere consapevoli di potenziali truffe e predatori e adottare un comportamento online responsabile. Tuttavia, se utilizzati in modo sicuro e responsabile, i siti di chat possono essere un modo fantastico per entrare in contatto con gli altri, divertirsi ed espandere i propri orizzonti.<\/p>\n\n\n\n<div class=\"wp-block-button\"><a class=\"wp-block-button__link has-mercury-white-color has-text-color has-background wp-element-button\" href=\"#\" style=\"background:linear-gradient(135deg,rgb(70,184,255) 0%,rgb(99,109,255) 100%)\">Inizia a chattare<\/a><\/div>","protected":false},"excerpt":{"rendered":"<p>Chat sites have exploded in popularity in recent years, becoming a go-to way for people to connect, socialize, and have fun. But what exactly makes them so enjoyable? Here are some of the key reasons why people find chat sites so much fun: Start Chatting 1. Connection and Community: In a world that can often [&hellip;]<\/p>\n","protected":false},"author":1,"featured_media":0,"parent":0,"menu_order":0,"comment_status":"closed","ping_status":"closed","template":"","meta":{"footnotes":""},"class_list":["post-46","page","type-page","status-publish","hentry"],"yoast_head":"<!-- This site is optimized with the Yoast SEO plugin v27.5 - https:\/\/yoast.com\/product\/yoast-seo-wordpress\/ -->\n<title>Chat Sites - Camtwice<\/title>\n<meta name=\"description\" content=\"Discover the dynamic world of Camtwice.com and explore chat sites, make informed choices, and embark on a journey of cool connections!\" \/>\n<meta name=\"robots\" content=\"index, follow, max-snippet:-1, max-image-preview:large, max-video-preview:-1\" \/>\n<link rel=\"canonical\" href=\"https:\/\/camtwice.com\/it\/chat-sites\/\" \/>\n<meta property=\"og:locale\" content=\"it_IT\" \/>\n<meta property=\"og:type\" content=\"article\" \/>\n<meta property=\"og:title\" content=\"Chat Sites - Camtwice\" \/>\n<meta property=\"og:description\" content=\"Discover the dynamic world of Camtwice.com and explore chat sites, make informed choices, and embark on a journey of cool connections!\" \/>\n<meta property=\"og:url\" content=\"https:\/\/camtwice.com\/it\/chat-sites\/\" \/>\n<meta property=\"og:site_name\" content=\"Camtwice\" \/>\n<meta property=\"article:modified_time\" content=\"2024-05-07T09:44:57+00:00\" \/>\n<meta property=\"og:image\" content=\"https:\/\/camtwice.com\/wp-content\/uploads\/2023\/12\/chatsite.jpeg\" \/>\n<meta name=\"twitter:card\" content=\"summary_large_image\" \/>\n<meta name=\"twitter:label1\" content=\"Tempo di lettura stimato\" \/>\n\t<meta name=\"twitter:data1\" content=\"4 minuti\" \/>\n<script type=\"application\/ld+json\" class=\"yoast-schema-graph\">{\"@context\":\"https:\\\/\\\/schema.org\",\"@graph\":[{\"@type\":\"WebPage\",\"@id\":\"https:\\\/\\\/camtwice.com\\\/chat-sites\\\/\",\"url\":\"https:\\\/\\\/camtwice.com\\\/chat-sites\\\/\",\"name\":\"Chat Sites - Camtwice\",\"isPartOf\":{\"@id\":\"https:\\\/\\\/camtwice.com\\\/#website\"},\"primaryImageOfPage\":{\"@id\":\"https:\\\/\\\/camtwice.com\\\/chat-sites\\\/#primaryimage\"},\"image\":{\"@id\":\"https:\\\/\\\/camtwice.com\\\/chat-sites\\\/#primaryimage\"},\"thumbnailUrl\":\"https:\\\/\\\/camtwice.com\\\/wp-content\\\/uploads\\\/2023\\\/12\\\/chatsite.jpeg\",\"datePublished\":\"2023-07-23T21:52:39+00:00\",\"dateModified\":\"2024-05-07T09:44:57+00:00\",\"description\":\"Discover the dynamic world of Camtwice.com and explore chat sites, make informed choices, and embark on a journey of cool connections!\",\"breadcrumb\":{\"@id\":\"https:\\\/\\\/camtwice.com\\\/chat-sites\\\/#breadcrumb\"},\"inLanguage\":\"it-IT\",\"potentialAction\":[{\"@type\":\"ReadAction\",\"target\":[\"https:\\\/\\\/camtwice.com\\\/chat-sites\\\/\"]}]},{\"@type\":\"ImageObject\",\"inLanguage\":\"it-IT\",\"@id\":\"https:\\\/\\\/camtwice.com\\\/chat-sites\\\/#primaryimage\",\"url\":\"https:\\\/\\\/camtwice.com\\\/wp-content\\\/uploads\\\/2023\\\/12\\\/chatsite.jpeg\",\"contentUrl\":\"https:\\\/\\\/camtwice.com\\\/wp-content\\\/uploads\\\/2023\\\/12\\\/chatsite.jpeg\"},{\"@type\":\"BreadcrumbList\",\"@id\":\"https:\\\/\\\/camtwice.com\\\/chat-sites\\\/#breadcrumb\",\"itemListElement\":[{\"@type\":\"ListItem\",\"position\":1,\"name\":\"Home\",\"item\":\"https:\\\/\\\/camtwice.com\\\/\"},{\"@type\":\"ListItem\",\"position\":2,\"name\":\"Chat Sites\"}]},{\"@type\":\"WebSite\",\"@id\":\"https:\\\/\\\/camtwice.com\\\/#website\",\"url\":\"https:\\\/\\\/camtwice.com\\\/\",\"name\":\"Camtwice\",\"description\":\"Your live webcams for you to chat with cool strangers\",\"publisher\":{\"@id\":\"https:\\\/\\\/camtwice.com\\\/#organization\"},\"potentialAction\":[{\"@type\":\"SearchAction\",\"target\":{\"@type\":\"EntryPoint\",\"urlTemplate\":\"https:\\\/\\\/camtwice.com\\\/?s={search_term_string}\"},\"query-input\":{\"@type\":\"PropertyValueSpecification\",\"valueRequired\":true,\"valueName\":\"search_term_string\"}}],\"inLanguage\":\"it-IT\"},{\"@type\":\"Organization\",\"@id\":\"https:\\\/\\\/camtwice.com\\\/#organization\",\"name\":\"Camtwice\",\"url\":\"https:\\\/\\\/camtwice.com\\\/\",\"logo\":{\"@type\":\"ImageObject\",\"inLanguage\":\"it-IT\",\"@id\":\"https:\\\/\\\/camtwice.com\\\/#\\\/schema\\\/logo\\\/image\\\/\",\"url\":\"https:\\\/\\\/camtwice.com\\\/wp-content\\\/uploads\\\/2023\\\/07\\\/cropped-Cam__1_-removebg-preview-1.png\",\"contentUrl\":\"https:\\\/\\\/camtwice.com\\\/wp-content\\\/uploads\\\/2023\\\/07\\\/cropped-Cam__1_-removebg-preview-1.png\",\"width\":351,\"height\":100,\"caption\":\"Camtwice\"},\"image\":{\"@id\":\"https:\\\/\\\/camtwice.com\\\/#\\\/schema\\\/logo\\\/image\\\/\"}}]}<\/script>\n<!-- \/ Yoast SEO plugin. -->","yoast_head_json":{"title":"Siti di chat - Camtwice","description":"Scopri il mondo dinamico di Camtwice.com ed esplora i siti di chat, fai scelte consapevoli e intraprendi un viaggio di connessioni fantastiche!","robots":{"index":"index","follow":"follow","max-snippet":"max-snippet:-1","max-image-preview":"max-image-preview:large","max-video-preview":"max-video-preview:-1"},"canonical":"https:\/\/camtwice.com\/it\/chat-sites\/","og_locale":"it_IT","og_type":"article","og_title":"Chat Sites - Camtwice","og_description":"Discover the dynamic world of Camtwice.com and explore chat sites, make informed choices, and embark on a journey of cool connections!","og_url":"https:\/\/camtwice.com\/it\/chat-sites\/","og_site_name":"Camtwice","article_modified_time":"2024-05-07T09:44:57+00:00","og_image":[{"url":"https:\/\/camtwice.com\/wp-content\/uploads\/2023\/12\/chatsite.jpeg","type":"","width":"","height":""}],"twitter_card":"summary_large_image","twitter_misc":{"Tempo di lettura stimato":"4 minuti"},"schema":{"@context":"https:\/\/schema.org","@graph":[{"@type":"WebPage","@id":"https:\/\/camtwice.com\/chat-sites\/","url":"https:\/\/camtwice.com\/chat-sites\/","name":"Siti di chat - Camtwice","isPartOf":{"@id":"https:\/\/camtwice.com\/#website"},"primaryImageOfPage":{"@id":"https:\/\/camtwice.com\/chat-sites\/#primaryimage"},"image":{"@id":"https:\/\/camtwice.com\/chat-sites\/#primaryimage"},"thumbnailUrl":"https:\/\/camtwice.com\/wp-content\/uploads\/2023\/12\/chatsite.jpeg","datePublished":"2023-07-23T21:52:39+00:00","dateModified":"2024-05-07T09:44:57+00:00","description":"Scopri il mondo dinamico di Camtwice.com ed esplora i siti di chat, fai scelte consapevoli e intraprendi un viaggio di connessioni fantastiche!","breadcrumb":{"@id":"https:\/\/camtwice.com\/chat-sites\/#breadcrumb"},"inLanguage":"it-IT","potentialAction":[{"@type":"ReadAction","target":["https:\/\/camtwice.com\/chat-sites\/"]}]},{"@type":"ImageObject","inLanguage":"it-IT","@id":"https:\/\/camtwice.com\/chat-sites\/#primaryimage","url":"https:\/\/camtwice.com\/wp-content\/uploads\/2023\/12\/chatsite.jpeg","contentUrl":"https:\/\/camtwice.com\/wp-content\/uploads\/2023\/12\/chatsite.jpeg"},{"@type":"BreadcrumbList","@id":"https:\/\/camtwice.com\/chat-sites\/#breadcrumb","itemListElement":[{"@type":"ListItem","position":1,"name":"Home","item":"https:\/\/camtwice.com\/"},{"@type":"ListItem","position":2,"name":"Chat Sites"}]},{"@type":"WebSite","@id":"https:\/\/camtwice.com\/#website","url":"https:\/\/camtwice.com\/","name":"Camtwice","description":"Le tue webcam live per chattare con fantastici sconosciuti","publisher":{"@id":"https:\/\/camtwice.com\/#organization"},"potentialAction":[{"@type":"SearchAction","target":{"@type":"EntryPoint","urlTemplate":"https:\/\/camtwice.com\/?s={search_term_string}"},"query-input":{"@type":"PropertyValueSpecification","valueRequired":true,"valueName":"search_term_string"}}],"inLanguage":"it-IT"},{"@type":"Organization","@id":"https:\/\/camtwice.com\/#organization","name":"Camtwice","url":"https:\/\/camtwice.com\/","logo":{"@type":"ImageObject","inLanguage":"it-IT","@id":"https:\/\/camtwice.com\/#\/schema\/logo\/image\/","url":"https:\/\/camtwice.com\/wp-content\/uploads\/2023\/07\/cropped-Cam__1_-removebg-preview-1.png","contentUrl":"https:\/\/camtwice.com\/wp-content\/uploads\/2023\/07\/cropped-Cam__1_-removebg-preview-1.png","width":351,"height":100,"caption":"Camtwice"},"image":{"@id":"https:\/\/camtwice.com\/#\/schema\/logo\/image\/"}}]}},"_links":{"self":[{"href":"https:\/\/camtwice.com\/it\/wp-json\/wp\/v2\/pages\/46","targetHints":{"allow":["GET"]}}],"collection":[{"href":"https:\/\/camtwice.com\/it\/wp-json\/wp\/v2\/pages"}],"about":[{"href":"https:\/\/camtwice.com\/it\/wp-json\/wp\/v2\/types\/page"}],"author":[{"embeddable":true,"href":"https:\/\/camtwice.com\/it\/wp-json\/wp\/v2\/users\/1"}],"replies":[{"embeddable":true,"href":"https:\/\/camtwice.com\/it\/wp-json\/wp\/v2\/comments?post=46"}],"version-history":[{"count":4,"href":"https:\/\/camtwice.com\/it\/wp-json\/wp\/v2\/pages\/46\/revisions"}],"predecessor-version":[{"id":2019,"href":"https:\/\/camtwice.com\/it\/wp-json\/wp\/v2\/pages\/46\/revisions\/2019"}],"wp:attachment":[{"href":"https:\/\/camtwice.com\/it\/wp-json\/wp\/v2\/media?parent=46"}],"curies":[{"name":"wp","href":"https:\/\/api.w.org\/{rel}","templated":true}]}}